{"id":1497,"date":"2024-05-07T16:51:22","date_gmt":"2024-05-07T14:51:22","guid":{"rendered":"https:\/\/ingreenspain.es\/?page_id=1497"},"modified":"2024-06-18T17:57:29","modified_gmt":"2024-06-18T15:57:29","slug":"cookie-richtlinien","status":"publish","type":"page","link":"https:\/\/ingreenspain.es\/de\/cookie-richtlinien\/","title":{"rendered":"Cookie-Richtlinien"},"content":{"rendered":"<section class=\"l-section wpb_row us_custom_3f876beb height_large\" id=\"legales\"><div class=\"l-section-h i-cf\"><div class=\"g-cols vc_row via_flex valign_top type_default stacking_default\"><div class=\"vc_col-sm-12 wpb_column vc_column_container\"><div class=\"vc_column-inner us_custom_a204b8b6\"><div class=\"vc_column-overlay\" style=\"background:rgba(47,53,59,0.9)\"><\/div><div class=\"wpb_wrapper\"><h1 class=\"w-text us_custom_8b3d6790 has_text_color\"><span class=\"w-text-h\"><span class=\"w-text-value\">Cookie-Richtlinien<\/span><\/span><\/h1><div class=\"w-separator size_medium\"><\/div><div class=\"w-image align_center\"><div class=\"w-image-h\"><img decoding=\"async\" width=\"422\" height=\"159\" src=\"https:\/\/ingreenspain.es\/wp-content\/uploads\/2024\/05\/logoEVGrande-DE.png\" class=\"attachment-full size-full\" alt=\"\" loading=\"lazy\" srcset=\"https:\/\/ingreenspain.es\/wp-content\/uploads\/2024\/05\/logoEVGrande-DE.png 422w, https:\/\/ingreenspain.es\/wp-content\/uploads\/2024\/05\/logoEVGrande-DE-300x113.png 300w\" sizes=\"auto, (max-width: 422px) 100vw, 422px\" \/><\/div><\/div><div class=\"w-separator size_medium\"><\/div><div class=\"wpb_text_column us_custom_8b3d6790 has_text_color\"><div class=\"wpb_wrapper\"><p class=\"c-feature-15-desc c-font-justify c-font-white wow animate fadeInLeft\">Zweck dieser Cookie-Richtlinie ist es, Sie klar und pr\u00e4zise \u00fcber die auf der Website von Espa\u00f1a Verde verwendeten Cookies zu informieren.<\/p>\n<h2 class=\"c-feature-15-title c-font-20 c-font-bold c-font-uppercase c-theme-border c-font-white\">WAS SIND COOKIES?<\/h2>\n<p class=\"c-feature-15-desc c-font-justify c-font-white wow animate fadeInLeft\">Ein\u00a0<span class=\"c-font-ev c-font-bold\">Cookie<\/span>\u00a0ist ein kleiner Text, den die von Ihnen besuchten Websites an Ihren Browser senden, der es der Website erm\u00f6glicht, Informationen \u00fcber Ihren Besuch zu speichern, z. B. Ihre bevorzugte Sprache und andere Optionen, um Ihren n\u00e4chsten Besuch einfacher und n\u00fctzlicher zu gestalten. Cookies spielen eine sehr wichtige Rolle und tragen zu einem besseren Surferlebnis f\u00fcr den Benutzer bei.<\/p>\n<p>Die meisten Browser akzeptieren Cookies standardm\u00e4\u00dfig und erlauben oder verhindern in den Sicherheitseinstellungen tempor\u00e4re oder gespeicherte Cookies.<\/p>\n<h2 class=\"c-feature-15-desc c-font-justify c-font-white wow animate fadeInLeft\">WELCHE ARTEN VON COOKIES GIBT ES?<\/h2>\n<h3 class=\"c-feature-15-desc c-font-justify c-font-white wow animate fadeInLeft\"><span class=\"c-font-ev c-font-bold\">Technisch relevante Cookies:<\/span><\/h3>\n<p class=\"c-feature-15-desc c-font-justify c-font-white wow animate fadeInLeft\">Dabei handelt es sich um Cookies, die es dem Benutzer erm\u00f6glichen, durch eine Webseite, Plattform oder Anwendung zu navigieren und die verschiedenen Optionen oder Dienste zu nutzen, die auf ihr vorhanden sind, wie z. B. die Steuerung des Verkehrs und der Datenkommunikation, die Identifizierung der Sitzung, der Zugriff auf Teile des eingeschr\u00e4nkten Zugriffs, die Zusammenfassung der einzelnen Posten einer Bestellung, der Kaufvorgang einer Bestellung, der Antrag auf Registrierung oder Teilnahme an einer Veranstaltung, die Verwendung von Sicherheitselementen w\u00e4hrend der Navigation, die Speicherung von Inhalten f\u00fcr die Verbreitung von Videos oder Ton oder die gemeinsame Nutzung von Inhalten \u00fcber soziale Netzwerke.<\/p>\n<h3 class=\"c-feature-15-desc c-font-justify c-font-white wow animate fadeInLeft\"><span class=\"c-font-ev c-font-bold\">Personalisierungs-Cookies:<\/span><\/h3>\n<p class=\"c-feature-15-desc c-font-justify c-font-white wow animate fadeInLeft\">Dies sind diejenigen Cookies, die dem Benutzer den Zugriff auf den Dienst mit einigen allgemeinen Merkmalen erm\u00f6glichen, die nach einer Reihe von Kriterien im Terminal des Benutzers vordefiniert sind, wie z. B. die Sprache, die Art des Browsers, der f\u00fcr den Zugriff auf den Dienst verwendet wird, die regionale Konfiguration, von der aus auf den Dienst zugegriffen wird, etc.<\/p>\n<h3 class=\"c-feature-15-desc c-font-justify c-font-white wow animate fadeInLeft\"><span class=\"c-font-ev c-font-bold\">Analyse-Cookies:<\/span><\/h3>\n<p class=\"c-feature-15-desc c-font-justify c-font-white wow animate fadeInLeft\">Dies sind diejenigen, die es dem Verantwortlichen erm\u00f6glichen, das Verhalten der Nutzer der Websites, auf die er verlinkt ist, zu \u00fcberwachen und zu analysieren. Die durch diese Art von Cookies gesammelten Informationen werden verwendet, um die Aktivit\u00e4t der Websites, Anwendungen oder Plattformen zu messen und Navigationsprofile der Nutzer dieser Websites, Anwendungen und Plattformen zu erstellen, um Verbesserungen auf der Grundlage der Analyse der von den Nutzern des Dienstes verwendeten Daten vorzunehmen.<\/p>\n<h3 class=\"c-feature-15-desc c-font-justify c-font-white wow animate fadeInLeft\"><span class=\"c-font-ev c-font-bold\">Werbe-Cookies:<\/span><\/h3>\n<p class=\"c-feature-15-desc c-font-justify c-font-white wow animate fadeInLeft\">Dies sind Cookies, die eine m\u00f6glichst effiziente Verwaltung der Werbefl\u00e4chen erm\u00f6glichen, die der Herausgeber gegebenenfalls in eine Webseite, Anwendung oder Plattform aufgenommen hat, von der aus er den gew\u00fcnschten Service auf der Grundlage von Kriterien wie dem bearbeiteten Inhalt oder der H\u00e4ufigkeit, mit der die Anzeigen geschaltet werden, anbietet.<\/p>\n<h2 class=\"c-feature-15-title c-font-20 c-font-bold c-font-uppercase c-theme-border c-font-white\">WELCHE ART VON COOKIES WERDEN AUF DIESER WEBSEITE VERWENDET?<\/h2>\n<p class=\"c-feature-15-desc c-font-justify c-font-white wow animate fadeInLeft\">Nachfolgend finden Sie eine Tabelle der auf dieser Website verwendeten Cookies:<\/p>\n<div class=\"table-responsive wow animate fadeIn\" data-wow-delay=\"0.3s\">\n<table class=\"table table-bordered c-font-white\">\n<thead>\n<tr>\n<th class=\"c-font-white c-font-center\">COOKIE<\/th>\n<th class=\"c-font-white c-font-center\">DOMAIN<\/th>\n<th class=\"c-font-white c-font-center\">PROVIDER<\/th>\n<th class=\"c-font-white c-font-center\">ZWECK<\/th>\n<th class=\"c-font-white c-font-center\">ABLAUFDATUM<\/th>\n<\/tr>\n<\/thead>\n<tbody>\n<tr>\n<th scope=\"row\">_ga<\/th>\n<td>.ingreenspain.es<\/td>\n<td>Google Analytics<\/td>\n<td>Enregistrer et unifier les rapports statistiques sur le trafic de chaque site, l&#8217;audience totale, le nombre de visites par page, et le suivi des clics sur des parties sp\u00e9cifiques du site, etc.<\/td>\n<td>In 2 Jahren<\/td>\n<\/tr>\n<tr>\n<th scope=\"row\">_gat_gtag_UA_120359511_1<\/th>\n<td>.ingreenspain.es<\/td>\n<td>Google Analytics<\/td>\n<td>Sie sammeln und vereinheitlichen in statistischen Berichten \u00fcber den Traffic jeder Website, die Gesamtzielgruppe, die Besuche bestimmter Seiten, die Verfolgung von Klicks auf bestimmte Teile der Website, etc.<\/td>\n<td>Sitzung<\/td>\n<\/tr>\n<tr>\n<th scope=\"row\">_gid<\/th>\n<td>.ingreenspain.es<\/td>\n<td>Google Analytics<\/td>\n<td>Sie sammeln und vereinheitlichen in statistischen Berichten \u00fcber den Traffic jeder Website, die Gesamtzielgruppe, die Besuche bestimmter Seiten, die Verfolgung von Klicks auf bestimmte Teile der Website, etc.<\/td>\n<td>In 1 Tag<\/td>\n<\/tr>\n<tr>\n<th scope=\"row\">CookiesAceptYes<\/th>\n<td>www.ingreenspain.es<\/td>\n<td>Propriet\u00e4r<\/td>\n<td>Annahme der cookies<\/td>\n<td>J\u00e4hrlich<\/td>\n<\/tr>\n<tr>\n<th scope=\"row\">clang<\/th>\n<td>www.ingreenspain.es<\/td>\n<td>Propriet\u00e4r<\/td>\n<td>Information in Bezug auf die Sprache der Sitzung.<\/td>\n<td>In 7 Monaten<\/td>\n<\/tr>\n<\/tbody>\n<\/table>\n<\/div>\n<h2 class=\"c-feature-15-title c-font-20 c-font-bold c-font-uppercase c-theme-border c-font-white\">ANNAHME DER COOKIE-RICHTLINIE<\/h2>\n<p class=\"c-feature-15-desc c-font-justify c-font-white wow animate fadeInLeft\">Indem ich auf die Schaltfl\u00e4che \u201eIch stimme zu\u201c klicke, erkl\u00e4re ich mich mit der Nutzung von Cookies auf dieser Webseite einverstanden.<\/p>\n<h2 class=\"c-feature-15-title c-font-20 c-font-bold c-font-uppercase c-theme-border c-font-white\">WIE K\u00d6NNEN SIE IHRE COOKIES CONFIGURIEREN<\/h2>\n<p class=\"c-feature-15-desc c-font-justify c-font-white wow animate fadeInLeft\">Der Nutzer hat die M\u00f6glichkeit, auf seinem Computer installierte Cookies zuzulassen, zu blockieren oder zu l\u00f6schen, indem er die Einstellungen der auf seinem Computer oder Ger\u00e4t installierten Browseroptionen konfiguriert:<\/p>\n<ul>\n<li><a href=\"https:\/\/support.google.com\/accounts\/answer\/61416?hl=es\" target=\"_blank\" rel=\"noopener\">Chrome<\/a><\/li>\n<li><a href=\"https:\/\/support.mozilla.org\/es\/kb\/habilitar-y-deshabilitar-cookies-sitios-web-rastrear-preferencias\" target=\"_blank\" rel=\"noopener\">Firefox<\/a><\/li>\n<li><a href=\"https:\/\/support.microsoft.com\/es-es\/help\/17442\/windows-internet-explorer-delete-manage-cookies\" target=\"_blank\" rel=\"noopener\">Internet Explorer<\/a><\/li>\n<li><a href=\"http:\/\/help.opera.com\/Windows\/11.50\/es-ES\/cookies.html\" target=\"_blank\" rel=\"noopener\">\u00d3pera<\/a><\/li>\n<li><a href=\"https:\/\/support.apple.com\/kb\/ph21411?locale=es_ES\" target=\"_blank\" rel=\"noopener\">Safari<\/a><\/li>\n<\/ul>\n<h2 class=\"c-feature-15-title c-font-20 c-font-bold c-font-uppercase c-theme-border c-font-white\">AKTUALISIEREN WIR UNSERE COOKIE-RICHTLINIEN?<\/h2>\n<p class=\"c-feature-15-desc c-font-justify c-font-white wow animate fadeInLeft\">Ja, wir k\u00f6nnen die Cookie-Richtlinien unserer Website aktualisieren, daher empfehlen wir Ihnen, diese Richtlinien bei jedem Besuch unserer Website zu \u00fcberpr\u00fcfen, um sich dar\u00fcber zu informieren, wie und zu welchem Zweck wir Cookies verwenden.<\/p>\n<\/div><\/div><\/div><\/div><\/div><\/div><\/div><\/section><section class=\"l-section wpb_row prefooter height_medium\"><div class=\"l-section-h i-cf\"><div class=\"g-cols vc_row via_flex valign_top type_default stacking_default\"><div class=\"vc_col-sm-12 wpb_column vc_column_container has_bg_color\"><div class=\"vc_column-inner us_custom_057801f8\"><div class=\"wpb_wrapper\"><div class=\"w-separator size_small\"><\/div><div class=\"w-hwrapper us_custom_eb849559 valign_top wrap stack_on_mobiles align_center\" style=\"--hwrapper-gap:1.5rem\"><div class=\"w-image us_custom_a518f36e us_animate_this align_center\"><div class=\"w-image-h\"><img decoding=\"async\" width=\"250\" height=\"190\" src=\"https:\/\/ingreenspain.es\/wp-content\/uploads\/2024\/05\/mapa-SP-small.png\" class=\"attachment-full size-full\" alt=\"\" loading=\"lazy\" \/><\/div><\/div><div class=\"w-html\"><img decoding=\"async\" src=\"https:\/\/ingreenspain.es\/wp-content\/uploads\/2024\/05\/mapa-EV.png\" usemap=\"#image-map\"><map name=\"image-map\">\n    <area alt=\"Galicia\" title=\"Galicia\" href=\"https:\/\/www.ingreenspain.es\/de\/#Galicia\" coords=\"85,7,60,13,44,30,25,38,1,58,12,76,21,100,23,123,25,143,61,132,72,146,112,146,131,132,140,107,133,68,128,43,121,18,98,7\" shape=\"poly\">\n    <area target=\"\" alt=\"Asturias\" title=\"Asturias\" href=\"https:\/\/www.ingreenspain.es\/de\/#Asturias\" coords=\"128,18,118,31,127,50,137,63,154,65,171,59,200,58,233,52,247,42,263,34,230,22,195,12\" shape=\"poly\">\n    <area target=\"\" alt=\"Cantabria\" title=\"Cantabria\" href=\"https:\/\/ingreenspain.es\/de\/#Cantabria\" coords=\"247,46,275,33,305,25,333,30,338,40,319,49,304,54,298,65,297,75,289,76,250,58\" shape=\"poly\">\n    <area target=\"\" alt=\"Euskadi\" title=\"Euskadi\" href=\"https:\/\/ingreenspain.es\/de\/#Euskadi\" coords=\"342,38,327,43,344,62,336,73,372,99,384,99,397,69,415,45,419,32,360,29\" shape=\"poly\">\n\n<\/map><\/div><div usemap=\"#workmap\" class=\"w-image us_custom_2c2c32a0 us_animate_this hide_on_default hide_on_laptops hide_on_tablets hide_on_mobiles align_center\"><div class=\"w-image-h\"><img decoding=\"async\" width=\"420\" height=\"150\" src=\"https:\/\/ingreenspain.es\/wp-content\/uploads\/2024\/05\/mapa-EV.png\" class=\"attachment-full size-full\" alt=\"\" loading=\"lazy\" srcset=\"https:\/\/ingreenspain.es\/wp-content\/uploads\/2024\/05\/mapa-EV.png 420w, https:\/\/ingreenspain.es\/wp-content\/uploads\/2024\/05\/mapa-EV-300x107.png 300w\" sizes=\"auto, (max-width: 420px) 100vw, 420px\" \/><\/div><\/div><div class=\"w-socials us_custom_cc1760fe has_text_color us_animate_this color_text shape_circle style_colored hover_fade\" style=\"--gap:0.5em;\"><div class=\"w-socials-list\"><div class=\"w-socials-item facebook\"><a href=\"https:\/\/www.facebook.com\/InGreenSpain\" class=\"w-socials-item-link\" aria-label=\"Facebook\"><span class=\"w-socials-item-link-hover\"><\/span><i class=\"fab fa-facebook\"><\/i><\/a><div class=\"w-socials-item-popup\"><span>Facebook<\/span><\/div><\/div><div class=\"w-socials-item instagram\"><a href=\"https:\/\/www.instagram.com\/ingreenspain\" class=\"w-socials-item-link\" aria-label=\"Instagram\"><span class=\"w-socials-item-link-hover\"><\/span><i class=\"fab fa-instagram\"><\/i><\/a><div class=\"w-socials-item-popup\"><span>Instagram<\/span><\/div><\/div><\/div><\/div><\/div><div class=\"w-separator size_medium with_line width_default thick_1 style_solid color_border align_center\"><div class=\"w-separator-h\"><\/div><\/div><h3 class=\"w-text us_custom_7ffc40f7 has_text_color\"><span class=\"w-text-h\"><span class=\"w-text-value\">Kontakt<\/span><\/span><\/h3><div class=\"w-text us_custom_025665fb icon_atleft\"><a href=\"mailto:info@ingreenspain.es\" class=\"w-text-h\"><i class=\"fas fa-envelope\"><\/i><span class=\"w-text-value\">info@ingreenspain.es<\/span><\/a><\/div><\/div><\/div><\/div><\/div><\/div><\/section>\n\n","protected":false},"excerpt":{"rendered":"Cookie-RichtlinienZweck dieser Cookie-Richtlinie ist es, Sie klar und pr\u00e4zise \u00fcber die auf der Website von Espa\u00f1a Verde verwendeten Cookies zu informieren. WAS SIND COOKIES? Ein\u00a0Cookie\u00a0ist ein kleiner Text, den die von Ihnen besuchten Websites an Ihren Browser senden, der es der Website erm\u00f6glicht, Informationen \u00fcber Ihren Besuch zu speichern, z. B. Ihre bevorzugte Sprache und...","protected":false},"author":1,"featured_media":0,"parent":0,"menu_order":0,"comment_status":"closed","ping_status":"closed","template":"","meta":{"_acf_changed":false,"footnotes":""},"class_list":["post-1497","page","type-page","status-publish","hentry"],"acf":[],"yoast_head":"<!-- This site is optimized with the Yoast SEO plugin v27.4 - https:\/\/yoast.com\/product\/yoast-seo-wordpress\/ -->\n<title>Gr\u00fcnes Spanien Cookie-Richtlinie<\/title>\n<meta name=\"description\" content=\"Cookie-Richtlinien Gr\u00fcne Spanien\" \/>\n<meta name=\"robots\" content=\"index, follow, max-snippet:-1, max-image-preview:large, max-video-preview:-1\" \/>\n<link rel=\"canonical\" href=\"https:\/\/ingreenspain.es\/de\/cookie-richtlinien\/\" \/>\n<meta property=\"og:locale\" content=\"de_DE\" \/>\n<meta property=\"og:type\" content=\"article\" \/>\n<meta property=\"og:title\" content=\"Gr\u00fcnes Spanien Cookie-Richtlinie\" \/>\n<meta property=\"og:description\" content=\"Cookie-Richtlinien Gr\u00fcne Spanien\" \/>\n<meta property=\"og:url\" content=\"https:\/\/ingreenspain.es\/de\/cookie-richtlinien\/\" \/>\n<meta property=\"og:site_name\" content=\"Gr\u00fcnes Spanien\" \/>\n<meta property=\"article:publisher\" content=\"https:\/\/www.facebook.com\/InGreenSpain\" \/>\n<meta property=\"article:modified_time\" content=\"2024-06-18T15:57:29+00:00\" \/>\n<meta name=\"twitter:card\" content=\"summary_large_image\" \/>\n<meta name=\"twitter:label1\" content=\"Gesch\u00e4tzte Lesezeit\" \/>\n\t<meta name=\"twitter:data1\" content=\"4\u00a0Minuten\" \/>\n<script type=\"application\/ld+json\" class=\"yoast-schema-graph\">{\"@context\":\"https:\\\/\\\/schema.org\",\"@graph\":[{\"@type\":\"WebPage\",\"@id\":\"https:\\\/\\\/ingreenspain.es\\\/de\\\/cookie-richtlinien\\\/\",\"url\":\"https:\\\/\\\/ingreenspain.es\\\/de\\\/cookie-richtlinien\\\/\",\"name\":\"Gr\u00fcnes Spanien Cookie-Richtlinie\",\"isPartOf\":{\"@id\":\"https:\\\/\\\/ingreenspain.es\\\/de\\\/#website\"},\"datePublished\":\"2024-05-07T14:51:22+00:00\",\"dateModified\":\"2024-06-18T15:57:29+00:00\",\"description\":\"Cookie-Richtlinien Gr\u00fcne Spanien\",\"breadcrumb\":{\"@id\":\"https:\\\/\\\/ingreenspain.es\\\/de\\\/cookie-richtlinien\\\/#breadcrumb\"},\"inLanguage\":\"de\",\"potentialAction\":[{\"@type\":\"ReadAction\",\"target\":[\"https:\\\/\\\/ingreenspain.es\\\/de\\\/cookie-richtlinien\\\/\"]}]},{\"@type\":\"BreadcrumbList\",\"@id\":\"https:\\\/\\\/ingreenspain.es\\\/de\\\/cookie-richtlinien\\\/#breadcrumb\",\"itemListElement\":[{\"@type\":\"ListItem\",\"position\":1,\"name\":\"Portada\",\"item\":\"https:\\\/\\\/ingreenspain.es\\\/de\\\/\"},{\"@type\":\"ListItem\",\"position\":2,\"name\":\"Cookie-Richtlinien\"}]},{\"@type\":\"WebSite\",\"@id\":\"https:\\\/\\\/ingreenspain.es\\\/de\\\/#website\",\"url\":\"https:\\\/\\\/ingreenspain.es\\\/de\\\/\",\"name\":\"Espa\u00f1a Verde\",\"description\":\"Atlantik f\u00fcr Genie\",\"publisher\":{\"@id\":\"https:\\\/\\\/ingreenspain.es\\\/de\\\/#organization\"},\"potentialAction\":[{\"@type\":\"SearchAction\",\"target\":{\"@type\":\"EntryPoint\",\"urlTemplate\":\"https:\\\/\\\/ingreenspain.es\\\/de\\\/?s={search_term_string}\"},\"query-input\":{\"@type\":\"PropertyValueSpecification\",\"valueRequired\":true,\"valueName\":\"search_term_string\"}}],\"inLanguage\":\"de\"},{\"@type\":\"Organization\",\"@id\":\"https:\\\/\\\/ingreenspain.es\\\/de\\\/#organization\",\"name\":\"Espa\u00f1a Verde\",\"url\":\"https:\\\/\\\/ingreenspain.es\\\/de\\\/\",\"logo\":{\"@type\":\"ImageObject\",\"inLanguage\":\"de\",\"@id\":\"https:\\\/\\\/ingreenspain.es\\\/de\\\/#\\\/schema\\\/logo\\\/image\\\/\",\"url\":\"https:\\\/\\\/ingreenspain.es\\\/wp-content\\\/uploads\\\/2024\\\/05\\\/logoEV.png\",\"contentUrl\":\"https:\\\/\\\/ingreenspain.es\\\/wp-content\\\/uploads\\\/2024\\\/05\\\/logoEV.png\",\"width\":125,\"height\":40,\"caption\":\"Espa\u00f1a Verde\"},\"image\":{\"@id\":\"https:\\\/\\\/ingreenspain.es\\\/de\\\/#\\\/schema\\\/logo\\\/image\\\/\"},\"sameAs\":[\"https:\\\/\\\/www.facebook.com\\\/InGreenSpain\",\"https:\\\/\\\/www.instagram.com\\\/ingreenspain\",\"https:\\\/\\\/www.youtube.com\\\/@INGREENSPAIN\"]}]}<\/script>\n<!-- \/ Yoast SEO plugin. -->","yoast_head_json":{"title":"Gr\u00fcnes Spanien Cookie-Richtlinie","description":"Cookie-Richtlinien Gr\u00fcne Spanien","robots":{"index":"index","follow":"follow","max-snippet":"max-snippet:-1","max-image-preview":"max-image-preview:large","max-video-preview":"max-video-preview:-1"},"canonical":"https:\/\/ingreenspain.es\/de\/cookie-richtlinien\/","og_locale":"de_DE","og_type":"article","og_title":"Gr\u00fcnes Spanien Cookie-Richtlinie","og_description":"Cookie-Richtlinien Gr\u00fcne Spanien","og_url":"https:\/\/ingreenspain.es\/de\/cookie-richtlinien\/","og_site_name":"Gr\u00fcnes Spanien","article_publisher":"https:\/\/www.facebook.com\/InGreenSpain","article_modified_time":"2024-06-18T15:57:29+00:00","twitter_card":"summary_large_image","twitter_misc":{"Gesch\u00e4tzte Lesezeit":"4\u00a0Minuten"},"schema":{"@context":"https:\/\/schema.org","@graph":[{"@type":"WebPage","@id":"https:\/\/ingreenspain.es\/de\/cookie-richtlinien\/","url":"https:\/\/ingreenspain.es\/de\/cookie-richtlinien\/","name":"Gr\u00fcnes Spanien Cookie-Richtlinie","isPartOf":{"@id":"https:\/\/ingreenspain.es\/de\/#website"},"datePublished":"2024-05-07T14:51:22+00:00","dateModified":"2024-06-18T15:57:29+00:00","description":"Cookie-Richtlinien Gr\u00fcne Spanien","breadcrumb":{"@id":"https:\/\/ingreenspain.es\/de\/cookie-richtlinien\/#breadcrumb"},"inLanguage":"de","potentialAction":[{"@type":"ReadAction","target":["https:\/\/ingreenspain.es\/de\/cookie-richtlinien\/"]}]},{"@type":"BreadcrumbList","@id":"https:\/\/ingreenspain.es\/de\/cookie-richtlinien\/#breadcrumb","itemListElement":[{"@type":"ListItem","position":1,"name":"Portada","item":"https:\/\/ingreenspain.es\/de\/"},{"@type":"ListItem","position":2,"name":"Cookie-Richtlinien"}]},{"@type":"WebSite","@id":"https:\/\/ingreenspain.es\/de\/#website","url":"https:\/\/ingreenspain.es\/de\/","name":"Espa\u00f1a Verde","description":"Atlantik f\u00fcr Genie","publisher":{"@id":"https:\/\/ingreenspain.es\/de\/#organization"},"potentialAction":[{"@type":"SearchAction","target":{"@type":"EntryPoint","urlTemplate":"https:\/\/ingreenspain.es\/de\/?s={search_term_string}"},"query-input":{"@type":"PropertyValueSpecification","valueRequired":true,"valueName":"search_term_string"}}],"inLanguage":"de"},{"@type":"Organization","@id":"https:\/\/ingreenspain.es\/de\/#organization","name":"Espa\u00f1a Verde","url":"https:\/\/ingreenspain.es\/de\/","logo":{"@type":"ImageObject","inLanguage":"de","@id":"https:\/\/ingreenspain.es\/de\/#\/schema\/logo\/image\/","url":"https:\/\/ingreenspain.es\/wp-content\/uploads\/2024\/05\/logoEV.png","contentUrl":"https:\/\/ingreenspain.es\/wp-content\/uploads\/2024\/05\/logoEV.png","width":125,"height":40,"caption":"Espa\u00f1a Verde"},"image":{"@id":"https:\/\/ingreenspain.es\/de\/#\/schema\/logo\/image\/"},"sameAs":["https:\/\/www.facebook.com\/InGreenSpain","https:\/\/www.instagram.com\/ingreenspain","https:\/\/www.youtube.com\/@INGREENSPAIN"]}]}},"_links":{"self":[{"href":"https:\/\/ingreenspain.es\/de\/wp-json\/wp\/v2\/pages\/1497","targetHints":{"allow":["GET"]}}],"collection":[{"href":"https:\/\/ingreenspain.es\/de\/wp-json\/wp\/v2\/pages"}],"about":[{"href":"https:\/\/ingreenspain.es\/de\/wp-json\/wp\/v2\/types\/page"}],"author":[{"embeddable":true,"href":"https:\/\/ingreenspain.es\/de\/wp-json\/wp\/v2\/users\/1"}],"replies":[{"embeddable":true,"href":"https:\/\/ingreenspain.es\/de\/wp-json\/wp\/v2\/comments?post=1497"}],"version-history":[{"count":3,"href":"https:\/\/ingreenspain.es\/de\/wp-json\/wp\/v2\/pages\/1497\/revisions"}],"predecessor-version":[{"id":1500,"href":"https:\/\/ingreenspain.es\/de\/wp-json\/wp\/v2\/pages\/1497\/revisions\/1500"}],"wp:attachment":[{"href":"https:\/\/ingreenspain.es\/de\/wp-json\/wp\/v2\/media?parent=1497"}],"curies":[{"name":"wp","href":"https:\/\/api.w.org\/{rel}","templated":true}]}}