{"id":1690,"date":"2024-06-19T11:21:27","date_gmt":"2024-06-19T09:21:27","guid":{"rendered":"https:\/\/ingreenspain.es\/test-galerias-de\/"},"modified":"2024-06-19T11:58:45","modified_gmt":"2024-06-19T09:58:45","slug":"test-galerias-de","status":"publish","type":"page","link":"https:\/\/ingreenspain.es\/de\/test-galerias-de\/","title":{"rendered":"Test galer\u00edas DE"},"content":{"rendered":"<section class=\"l-section wpb_row height_medium\"><div class=\"l-section-h i-cf\"><div class=\"g-cols vc_row via_flex valign_top type_default stacking_default\"><div class=\"vc_col-sm-12 wpb_column vc_column_container\"><div class=\"vc_column-inner\"><div class=\"wpb_wrapper\"><div class=\"w-gallery galeria-home2 fit_cover type_grid action_popup_image ratio_1x1 count_7\" style=\"--columns:4;--items-gap:15px;\"><div class=\"w-gallery-list\"><div class=\"w-gallery-item\"><div class=\"w-gallery-item-img\"><img loading=\"lazy\" decoding=\"async\" width=\"1000\" height=\"650\" src=\"https:\/\/ingreenspain.es\/wp-content\/uploads\/2024\/05\/galicia1-zoom.jpg\" class=\"attachment-full size-full\" alt=\"https:\/\/www.turismo.gal\/que-visitar\/destacados\/horreos-pazos-e-cruceiros?langId=es_ES\" srcset=\"https:\/\/ingreenspain.es\/wp-content\/uploads\/2024\/05\/galicia1-zoom.jpg 1000w, https:\/\/ingreenspain.es\/wp-content\/uploads\/2024\/05\/galicia1-zoom-300x195.jpg 300w\" sizes=\"auto, (max-width: 1000px) 100vw, 1000px\" \/><\/div><div class=\"w-gallery-item-meta\"><div class=\"w-gallery-item-title\">https:\/\/www.turismo.gal\/que-visitar\/destacados\/horreos-pazos-e-cruceiros?langId=es_ES<\/div><\/div><a class=\"w-gallery-item-link\" aria-label=\"https:\/\/www.turismo.gal\/que-visitar\/destacados\/horreos-pazos-e-cruceiros?langId=es_ES\" href=\"https:\/\/ingreenspain.es\/wp-content\/uploads\/2024\/05\/galicia1-zoom.jpg\" title=\"https:\/\/www.turismo.gal\/que-visitar\/destacados\/horreos-pazos-e-cruceiros?langId=es_ES\"><\/a><\/div><div class=\"w-gallery-item\"><div class=\"w-gallery-item-img\"><img loading=\"lazy\" decoding=\"async\" width=\"1000\" height=\"650\" src=\"https:\/\/ingreenspain.es\/wp-content\/uploads\/2024\/05\/galicia2-zoom.jpg\" class=\"attachment-full size-full\" alt=\"https:\/\/www.turismo.gal\/que-visitar\/cidades?langId=es_ES\" srcset=\"https:\/\/ingreenspain.es\/wp-content\/uploads\/2024\/05\/galicia2-zoom.jpg 1000w, https:\/\/ingreenspain.es\/wp-content\/uploads\/2024\/05\/galicia2-zoom-300x195.jpg 300w\" sizes=\"auto, (max-width: 1000px) 100vw, 1000px\" \/><\/div><div class=\"w-gallery-item-meta\"><div class=\"w-gallery-item-title\">Ciudades de Galicia<\/div><\/div><a class=\"w-gallery-item-link\" aria-label=\"Ciudades de Galicia\" href=\"https:\/\/ingreenspain.es\/wp-content\/uploads\/2024\/05\/galicia2-zoom.jpg\" title=\"Ciudades de Galicia\"><\/a><\/div><div class=\"w-gallery-item\"><div class=\"w-gallery-item-img\"><img loading=\"lazy\" decoding=\"async\" width=\"1000\" height=\"650\" src=\"https:\/\/ingreenspain.es\/wp-content\/uploads\/2024\/05\/galicia3-zoom.jpg\" class=\"attachment-full size-full\" alt=\"http:\/\/www.turismo.gal\/que-facer\/turismo-marineiro?langId=es_ES\" srcset=\"https:\/\/ingreenspain.es\/wp-content\/uploads\/2024\/05\/galicia3-zoom.jpg 1000w, https:\/\/ingreenspain.es\/wp-content\/uploads\/2024\/05\/galicia3-zoom-300x195.jpg 300w\" sizes=\"auto, (max-width: 1000px) 100vw, 1000px\" \/><\/div><div class=\"w-gallery-item-meta\"><div class=\"w-gallery-item-title\">Turismo marinero<\/div><\/div><a class=\"w-gallery-item-link\" aria-label=\"Turismo marinero\" href=\"https:\/\/ingreenspain.es\/wp-content\/uploads\/2024\/05\/galicia3-zoom.jpg\" title=\"Turismo marinero\"><\/a><\/div><div class=\"w-gallery-item\"><div class=\"w-gallery-item-img\"><img loading=\"lazy\" decoding=\"async\" width=\"1000\" height=\"650\" src=\"https:\/\/ingreenspain.es\/wp-content\/uploads\/2024\/05\/galicia4-zoom.jpg\" class=\"attachment-full size-full\" alt=\"https:\/\/www.turismo.galv_portal\/apartados\/apartado.asp?te=479\" srcset=\"https:\/\/ingreenspain.es\/wp-content\/uploads\/2024\/05\/galicia4-zoom.jpg 1000w, https:\/\/ingreenspain.es\/wp-content\/uploads\/2024\/05\/galicia4-zoom-300x195.jpg 300w\" sizes=\"auto, (max-width: 1000px) 100vw, 1000px\" \/><\/div><div class=\"w-gallery-item-meta\"><div class=\"w-gallery-item-title\">Gastronom\u00eda<\/div><\/div><a class=\"w-gallery-item-link\" aria-label=\"Gastronom\u00eda\" href=\"https:\/\/ingreenspain.es\/wp-content\/uploads\/2024\/05\/galicia4-zoom.jpg\" title=\"Gastronom\u00eda\"><\/a><\/div><div class=\"w-gallery-item\"><div class=\"w-gallery-item-img\"><img loading=\"lazy\" decoding=\"async\" width=\"1000\" height=\"650\" src=\"https:\/\/ingreenspain.es\/wp-content\/uploads\/2024\/05\/galicia5-zoom.jpg\" class=\"attachment-full size-full\" alt=\"https:\/\/www.turismo.gal\/que-visitar\/destacados\/ribeira-sacra-e-canon-do-sil?langId=es_ES\" srcset=\"https:\/\/ingreenspain.es\/wp-content\/uploads\/2024\/05\/galicia5-zoom.jpg 1000w, https:\/\/ingreenspain.es\/wp-content\/uploads\/2024\/05\/galicia5-zoom-300x195.jpg 300w\" sizes=\"auto, (max-width: 1000px) 100vw, 1000px\" \/><\/div><div class=\"w-gallery-item-meta\"><div class=\"w-gallery-item-title\">Ribeira Sacra y Ca\u00f1\u00f3n do Sil<\/div><\/div><a class=\"w-gallery-item-link\" aria-label=\"Ribeira Sacra y Ca\u00f1\u00f3n do Sil\" href=\"https:\/\/ingreenspain.es\/wp-content\/uploads\/2024\/05\/galicia5-zoom.jpg\" title=\"Ribeira Sacra y Ca\u00f1\u00f3n do Sil\"><\/a><\/div><div class=\"w-gallery-item\"><div class=\"w-gallery-item-img\"><img loading=\"lazy\" decoding=\"async\" width=\"1000\" height=\"650\" src=\"https:\/\/ingreenspain.es\/wp-content\/uploads\/2024\/05\/galicia6-zoom.jpg\" class=\"attachment-full size-full\" alt=\"https:\/\/www.turismo.gal\/que-visitar\/rias-e-praias?langId=es_ES\" srcset=\"https:\/\/ingreenspain.es\/wp-content\/uploads\/2024\/05\/galicia6-zoom.jpg 1000w, https:\/\/ingreenspain.es\/wp-content\/uploads\/2024\/05\/galicia6-zoom-300x195.jpg 300w\" sizes=\"auto, (max-width: 1000px) 100vw, 1000px\" \/><\/div><div class=\"w-gallery-item-meta\"><div class=\"w-gallery-item-title\">R\u00edas y playas<\/div><\/div><a class=\"w-gallery-item-link\" aria-label=\"R\u00edas y playas\" href=\"https:\/\/ingreenspain.es\/wp-content\/uploads\/2024\/05\/galicia6-zoom.jpg\" title=\"R\u00edas y playas\"><\/a><\/div><div class=\"w-gallery-item\"><div class=\"w-gallery-item-img\"><img loading=\"lazy\" decoding=\"async\" width=\"1000\" height=\"650\" src=\"https:\/\/ingreenspain.es\/wp-content\/uploads\/2024\/05\/galicia7-zoom.jpg\" class=\"attachment-full size-full\" alt=\"https:\/\/www.caminodesantiago.gal\/es\/inicio\" srcset=\"https:\/\/ingreenspain.es\/wp-content\/uploads\/2024\/05\/galicia7-zoom.jpg 1000w, https:\/\/ingreenspain.es\/wp-content\/uploads\/2024\/05\/galicia7-zoom-300x195.jpg 300w\" sizes=\"auto, (max-width: 1000px) 100vw, 1000px\" \/><\/div><div class=\"w-gallery-item-meta\"><div class=\"w-gallery-item-title\">Camino de Santiago<\/div><\/div><a class=\"w-gallery-item-link\" aria-label=\"Camino de Santiago\" href=\"https:\/\/ingreenspain.es\/wp-content\/uploads\/2024\/05\/galicia7-zoom.jpg\" title=\"Camino de Santiago\"><\/a><\/div><\/div><\/div><\/div><\/div><\/div><\/div><\/div><\/section>\n","protected":false},"excerpt":{"rendered":"https:\/\/www.turismo.gal\/que-visitar\/destacados\/horreos-pazos-e-cruceiros?langId=es_ESCiudades de GaliciaTurismo marineroGastronom\u00edaRibeira Sacra y Ca\u00f1\u00f3n do SilR\u00edas y playasCamino de Santiago","protected":false},"author":1,"featured_media":0,"parent":0,"menu_order":0,"comment_status":"closed","ping_status":"closed","template":"","meta":{"_acf_changed":false,"footnotes":""},"class_list":["post-1690","page","type-page","status-publish","hentry"],"acf":[],"yoast_head":"<!-- This site is optimized with the Yoast SEO plugin v27.3 - https:\/\/yoast.com\/product\/yoast-seo-wordpress\/ -->\n<title>Test galer\u00edas DE - Gr\u00fcnes Spanien<\/title>\n<meta name=\"robots\" content=\"index, follow, max-snippet:-1, max-image-preview:large, max-video-preview:-1\" \/>\n<link rel=\"canonical\" href=\"https:\/\/ingreenspain.es\/de\/test-galerias-de\/\" \/>\n<meta property=\"og:locale\" content=\"de_DE\" \/>\n<meta property=\"og:type\" content=\"article\" \/>\n<meta property=\"og:title\" content=\"Test galer\u00edas DE - Gr\u00fcnes Spanien\" \/>\n<meta property=\"og:url\" content=\"https:\/\/ingreenspain.es\/de\/test-galerias-de\/\" \/>\n<meta property=\"og:site_name\" content=\"Gr\u00fcnes Spanien\" \/>\n<meta property=\"article:publisher\" content=\"https:\/\/www.facebook.com\/InGreenSpain\" \/>\n<meta property=\"article:modified_time\" content=\"2024-06-19T09:58:45+00:00\" \/>\n<meta name=\"twitter:card\" content=\"summary_large_image\" \/>\n<script type=\"application\/ld+json\" class=\"yoast-schema-graph\">{\"@context\":\"https:\\\/\\\/schema.org\",\"@graph\":[{\"@type\":\"WebPage\",\"@id\":\"https:\\\/\\\/ingreenspain.es\\\/de\\\/test-galerias-de\\\/\",\"url\":\"https:\\\/\\\/ingreenspain.es\\\/de\\\/test-galerias-de\\\/\",\"name\":\"Test galer\u00edas DE - Gr\u00fcnes Spanien\",\"isPartOf\":{\"@id\":\"https:\\\/\\\/ingreenspain.es\\\/de\\\/#website\"},\"datePublished\":\"2024-06-19T09:21:27+00:00\",\"dateModified\":\"2024-06-19T09:58:45+00:00\",\"breadcrumb\":{\"@id\":\"https:\\\/\\\/ingreenspain.es\\\/de\\\/test-galerias-de\\\/#breadcrumb\"},\"inLanguage\":\"de\",\"potentialAction\":[{\"@type\":\"ReadAction\",\"target\":[\"https:\\\/\\\/ingreenspain.es\\\/de\\\/test-galerias-de\\\/\"]}]},{\"@type\":\"BreadcrumbList\",\"@id\":\"https:\\\/\\\/ingreenspain.es\\\/de\\\/test-galerias-de\\\/#breadcrumb\",\"itemListElement\":[{\"@type\":\"ListItem\",\"position\":1,\"name\":\"Portada\",\"item\":\"https:\\\/\\\/ingreenspain.es\\\/de\\\/\"},{\"@type\":\"ListItem\",\"position\":2,\"name\":\"Test galer\u00edas DE\"}]},{\"@type\":\"WebSite\",\"@id\":\"https:\\\/\\\/ingreenspain.es\\\/de\\\/#website\",\"url\":\"https:\\\/\\\/ingreenspain.es\\\/de\\\/\",\"name\":\"Espa\u00f1a Verde\",\"description\":\"Atlantik f\u00fcr Genie\",\"publisher\":{\"@id\":\"https:\\\/\\\/ingreenspain.es\\\/de\\\/#organization\"},\"potentialAction\":[{\"@type\":\"SearchAction\",\"target\":{\"@type\":\"EntryPoint\",\"urlTemplate\":\"https:\\\/\\\/ingreenspain.es\\\/de\\\/?s={search_term_string}\"},\"query-input\":{\"@type\":\"PropertyValueSpecification\",\"valueRequired\":true,\"valueName\":\"search_term_string\"}}],\"inLanguage\":\"de\"},{\"@type\":\"Organization\",\"@id\":\"https:\\\/\\\/ingreenspain.es\\\/de\\\/#organization\",\"name\":\"Espa\u00f1a Verde\",\"url\":\"https:\\\/\\\/ingreenspain.es\\\/de\\\/\",\"logo\":{\"@type\":\"ImageObject\",\"inLanguage\":\"de\",\"@id\":\"https:\\\/\\\/ingreenspain.es\\\/de\\\/#\\\/schema\\\/logo\\\/image\\\/\",\"url\":\"https:\\\/\\\/ingreenspain.es\\\/wp-content\\\/uploads\\\/2024\\\/05\\\/logoEV.png\",\"contentUrl\":\"https:\\\/\\\/ingreenspain.es\\\/wp-content\\\/uploads\\\/2024\\\/05\\\/logoEV.png\",\"width\":125,\"height\":40,\"caption\":\"Espa\u00f1a Verde\"},\"image\":{\"@id\":\"https:\\\/\\\/ingreenspain.es\\\/de\\\/#\\\/schema\\\/logo\\\/image\\\/\"},\"sameAs\":[\"https:\\\/\\\/www.facebook.com\\\/InGreenSpain\",\"https:\\\/\\\/www.instagram.com\\\/ingreenspain\",\"https:\\\/\\\/www.youtube.com\\\/@INGREENSPAIN\"]}]}<\/script>\n<!-- \/ Yoast SEO plugin. -->","yoast_head_json":{"title":"Test galer\u00edas DE - Gr\u00fcnes Spanien","robots":{"index":"index","follow":"follow","max-snippet":"max-snippet:-1","max-image-preview":"max-image-preview:large","max-video-preview":"max-video-preview:-1"},"canonical":"https:\/\/ingreenspain.es\/de\/test-galerias-de\/","og_locale":"de_DE","og_type":"article","og_title":"Test galer\u00edas DE - Gr\u00fcnes Spanien","og_url":"https:\/\/ingreenspain.es\/de\/test-galerias-de\/","og_site_name":"Gr\u00fcnes Spanien","article_publisher":"https:\/\/www.facebook.com\/InGreenSpain","article_modified_time":"2024-06-19T09:58:45+00:00","twitter_card":"summary_large_image","schema":{"@context":"https:\/\/schema.org","@graph":[{"@type":"WebPage","@id":"https:\/\/ingreenspain.es\/de\/test-galerias-de\/","url":"https:\/\/ingreenspain.es\/de\/test-galerias-de\/","name":"Test galer\u00edas DE - Gr\u00fcnes Spanien","isPartOf":{"@id":"https:\/\/ingreenspain.es\/de\/#website"},"datePublished":"2024-06-19T09:21:27+00:00","dateModified":"2024-06-19T09:58:45+00:00","breadcrumb":{"@id":"https:\/\/ingreenspain.es\/de\/test-galerias-de\/#breadcrumb"},"inLanguage":"de","potentialAction":[{"@type":"ReadAction","target":["https:\/\/ingreenspain.es\/de\/test-galerias-de\/"]}]},{"@type":"BreadcrumbList","@id":"https:\/\/ingreenspain.es\/de\/test-galerias-de\/#breadcrumb","itemListElement":[{"@type":"ListItem","position":1,"name":"Portada","item":"https:\/\/ingreenspain.es\/de\/"},{"@type":"ListItem","position":2,"name":"Test galer\u00edas DE"}]},{"@type":"WebSite","@id":"https:\/\/ingreenspain.es\/de\/#website","url":"https:\/\/ingreenspain.es\/de\/","name":"Espa\u00f1a Verde","description":"Atlantik f\u00fcr Genie","publisher":{"@id":"https:\/\/ingreenspain.es\/de\/#organization"},"potentialAction":[{"@type":"SearchAction","target":{"@type":"EntryPoint","urlTemplate":"https:\/\/ingreenspain.es\/de\/?s={search_term_string}"},"query-input":{"@type":"PropertyValueSpecification","valueRequired":true,"valueName":"search_term_string"}}],"inLanguage":"de"},{"@type":"Organization","@id":"https:\/\/ingreenspain.es\/de\/#organization","name":"Espa\u00f1a Verde","url":"https:\/\/ingreenspain.es\/de\/","logo":{"@type":"ImageObject","inLanguage":"de","@id":"https:\/\/ingreenspain.es\/de\/#\/schema\/logo\/image\/","url":"https:\/\/ingreenspain.es\/wp-content\/uploads\/2024\/05\/logoEV.png","contentUrl":"https:\/\/ingreenspain.es\/wp-content\/uploads\/2024\/05\/logoEV.png","width":125,"height":40,"caption":"Espa\u00f1a Verde"},"image":{"@id":"https:\/\/ingreenspain.es\/de\/#\/schema\/logo\/image\/"},"sameAs":["https:\/\/www.facebook.com\/InGreenSpain","https:\/\/www.instagram.com\/ingreenspain","https:\/\/www.youtube.com\/@INGREENSPAIN"]}]}},"_links":{"self":[{"href":"https:\/\/ingreenspain.es\/de\/wp-json\/wp\/v2\/pages\/1690","targetHints":{"allow":["GET"]}}],"collection":[{"href":"https:\/\/ingreenspain.es\/de\/wp-json\/wp\/v2\/pages"}],"about":[{"href":"https:\/\/ingreenspain.es\/de\/wp-json\/wp\/v2\/types\/page"}],"author":[{"embeddable":true,"href":"https:\/\/ingreenspain.es\/de\/wp-json\/wp\/v2\/users\/1"}],"replies":[{"embeddable":true,"href":"https:\/\/ingreenspain.es\/de\/wp-json\/wp\/v2\/comments?post=1690"}],"version-history":[{"count":2,"href":"https:\/\/ingreenspain.es\/de\/wp-json\/wp\/v2\/pages\/1690\/revisions"}],"predecessor-version":[{"id":1703,"href":"https:\/\/ingreenspain.es\/de\/wp-json\/wp\/v2\/pages\/1690\/revisions\/1703"}],"wp:attachment":[{"href":"https:\/\/ingreenspain.es\/de\/wp-json\/wp\/v2\/media?parent=1690"}],"curies":[{"name":"wp","href":"https:\/\/api.w.org\/{rel}","templated":true}]}}