{"id":1350,"date":"2024-05-07T16:51:22","date_gmt":"2024-05-07T14:51:22","guid":{"rendered":"https:\/\/ingreenspain.es\/cookie-policy\/"},"modified":"2024-06-18T17:58:00","modified_gmt":"2024-06-18T15:58:00","slug":"cookie-policy","status":"publish","type":"page","link":"https:\/\/ingreenspain.es\/en\/cookie-policy\/","title":{"rendered":"Cookies policy"},"content":{"rendered":"<section class=\"l-section wpb_row us_custom_3f876beb height_large\" id=\"legales\"><div class=\"l-section-h i-cf\"><div class=\"g-cols vc_row via_flex valign_top type_default stacking_default\"><div class=\"vc_col-sm-12 wpb_column vc_column_container\"><div class=\"vc_column-inner us_custom_a204b8b6\"><div class=\"vc_column-overlay\" style=\"background:rgba(47,53,59,0.9)\"><\/div><div class=\"wpb_wrapper\"><h1 class=\"w-text us_custom_8b3d6790 has_text_color\"><span class=\"w-text-h\"><span class=\"w-text-value\">COOKIE POLICY<\/span><\/span><\/h1><div class=\"w-separator size_medium\"><\/div><div class=\"w-image align_center\"><div class=\"w-image-h\"><img decoding=\"async\" width=\"422\" height=\"159\" src=\"https:\/\/ingreenspain.es\/wp-content\/uploads\/2024\/05\/logoEVGrande-EN.png\" class=\"attachment-full size-full\" alt=\"\" loading=\"lazy\" srcset=\"https:\/\/ingreenspain.es\/wp-content\/uploads\/2024\/05\/logoEVGrande-EN.png 422w, https:\/\/ingreenspain.es\/wp-content\/uploads\/2024\/05\/logoEVGrande-EN-300x113.png 300w\" sizes=\"auto, (max-width: 422px) 100vw, 422px\" \/><\/div><\/div><div class=\"w-separator size_medium\"><\/div><div class=\"wpb_text_column us_custom_8b3d6790 has_text_color\"><div class=\"wpb_wrapper\"><p class=\"c-feature-15-desc c-font-justify c-font-white wow animate fadeInLeft\">The present cookie policy has the aim of informing you in a clear and precise way about the cookies that are used on the Green Spain web page.<\/p>\n<h2 class=\"c-feature-15-title c-font-20 c-font-bold c-font-uppercase c-theme-border c-font-white\">WHAT ARE COOKIES?<\/h2>\n<p class=\"c-feature-15-desc c-font-justify c-font-white wow animate fadeInLeft\">A <span class=\"c-font-ev c-font-bold\">Cookie<\/span> is a small fragment of text sent to your browser by the websites you visit, enabling the website to remember information about your visit, such as your preferred language and other options, in order to make your next visit easier and make the site more useful for you. Cookies play a very important role and contribute to creating a better browsing experience for the user.<\/p>\n<p>Most browsers accept cookies as a standard, and, independently of the latter, they allow or inhibit temporary or saved cookies in the security settings.<\/p>\n<h2 class=\"c-feature-15-title c-font-20 c-font-bold c-font-uppercase c-theme-border c-font-white\">TYPES OF COOKIES<\/h2>\n<h3 class=\"c-feature-15-desc c-font-justify c-font-white wow animate fadeInLeft\"><span class=\"c-font-ev c-font-bold\">Technical cookies:<\/span><\/h3>\n<p class=\"c-feature-15-desc c-font-justify c-font-white wow animate fadeInLeft\">They allow the user to navigate through a web page, platform or application and use different options or services that exist on it, for example, controlling traffic and data communication, identifying the session, accessing restricted areas, remembering the items in an order, carrying out the purchase process of an order, registering to sign-up or participate in an event, using security features while browsing, storing content to play videos or sound or sharing content through social networks.<\/p>\n<h3 class=\"c-feature-15-desc c-font-justify c-font-white wow animate fadeInLeft\"><span class=\"c-font-ev c-font-bold\">Personalisation cookies:<\/span><\/h3>\n<p class=\"c-feature-15-desc c-font-justify c-font-white wow animate fadeInLeft\">They allow the user to access the service with some pre-defined general characteristics according to a series of criteria on the user\u2019s device such as for example the language, the type of browser being used to access the service, the regional setting where you are accessing the service from, etc.<\/p>\n<h3 class=\"c-feature-15-desc c-font-justify c-font-white wow animate fadeInLeft\"><span class=\"c-font-ev c-font-bold\">Analytics cookies:<\/span><\/h3>\n<p class=\"c-feature-15-desc c-font-justify c-font-white wow animate fadeInLeft\">These enable the person in charge of them to monitor and analyse users\u2019 behaviour on websites that they are linked to. The information collected by this type of cookie is used to measure activity on a website, application or platform and to create browsing profiles of the users of said sites, applications and platforms, in order to introduce improvements based on the analysis of the usage data created by the users of the service.<\/p>\n<h3 class=\"c-feature-15-desc c-font-justify c-font-white wow animate fadeInLeft\"><span class=\"c-font-ev c-font-bold\">Advertising cookies:<\/span><\/h3>\n<p class=\"c-feature-15-desc c-font-justify c-font-white wow animate fadeInLeft\">They enable the management, in the most efficient way possible, of the advertising spaces that, where appropriate, the editor has included on the web page, application or platform from which the requested service is provided based on criteria such as the edited content or the frequency in which the adverts are shown.<\/p>\n<h2 class=\"c-feature-15-title c-font-20 c-font-bold c-font-uppercase c-theme-border c-font-white\">WHAT TYPE OF COOKIES DOES THIS WEB PAGE USE?<\/h2>\n<p class=\"c-feature-15-desc c-font-justify c-font-white wow animate fadeInLeft\">Below is a table with the cookies used on this website:<\/p>\n<div class=\"table-responsive wow animate fadeIn\" data-wow-delay=\"0.3s\">\n<table class=\"table table-bordered c-font-white\">\n<thead>\n<tr>\n<th class=\"c-font-white c-font-center\">COOKIE<\/th>\n<th class=\"c-font-white c-font-center\">DOMINIO<\/th>\n<th class=\"c-font-white c-font-center\">PROVEEDOR<\/th>\n<th class=\"c-font-white c-font-center\">FINALIDAD<\/th>\n<th class=\"c-font-white c-font-center\">CADUCIDAD<\/th>\n<\/tr>\n<\/thead>\n<tbody>\n<tr>\n<th scope=\"row\">_ga<\/th>\n<td>.ingreenspain.es<\/td>\n<td>Google Analytics<\/td>\n<td>Recopilar y unificar en informes estad\u00edsticos sobre el tr\u00e1fico de cada sitio, audiencia total, visitas a p\u00e1ginas concretas, seguimiento de clicks sobre determinadas partes del sitio, etc.<\/td>\n<td>2 a\u00f1os<\/td>\n<\/tr>\n<tr>\n<th scope=\"row\">_gat_gtag_UA_120359511_1<\/th>\n<td>.ingreenspain.es<\/td>\n<td>Google Analytics<\/td>\n<td>Recopilar y unificar en informes estad\u00edsticos sobre el tr\u00e1fico de cada sitio, audiencia total, visitas a p\u00e1ginas concretas, seguimiento de clicks sobre determinadas partes del sitio, etc.<\/td>\n<td>Sesi\u00f3n<\/td>\n<\/tr>\n<tr>\n<th scope=\"row\">_gid<\/th>\n<td>.ingreenspain.es<\/td>\n<td>Google Analytics<\/td>\n<td>Recopilar y unificar en informes estad\u00edsticos sobre el tr\u00e1fico de cada sitio, audiencia total, visitas a p\u00e1ginas concretas, seguimiento de clicks sobre determinadas partes del sitio, etc.<\/td>\n<td>1 d\u00eda<\/td>\n<\/tr>\n<tr>\n<th scope=\"row\">CookiesAceptYes<\/th>\n<td>www.ingreenspain.es<\/td>\n<td>Propias<\/td>\n<td>Aceptaci\u00f3n de cookies<\/td>\n<td>Anual<\/td>\n<\/tr>\n<tr>\n<th scope=\"row\">clang<\/th>\n<td>www.ingreenspain.es<\/td>\n<td>Propias<\/td>\n<td>Informaci\u00f3n referente al idioma de la sesi\u00f3n<\/td>\n<td>7 meses<\/td>\n<\/tr>\n<\/tbody>\n<\/table>\n<\/div>\n<h2 class=\"c-feature-15-title c-font-20 c-font-bold c-font-uppercase c-theme-border c-font-white\">ACCEPTANCE OF THE COOKIE POLICY<\/h2>\n<p class=\"c-feature-15-desc c-font-justify c-font-white wow animate fadeInLeft\">By clicking the button \u201cI accept\u201d, it is assumed that you consent to the use of cookies.<\/p>\n<h2 class=\"c-feature-15-title c-font-20 c-font-bold c-font-uppercase c-theme-border c-font-white\">HOW TO CHANGE YOUR COOKIE SETTINGS<\/h2>\n<p class=\"c-feature-15-desc c-font-justify c-font-white wow animate fadeInLeft\">Users have the option to allow, block or remove cookies installed on their machines using their browser settings installed on their machine or device:<\/p>\n<ul>\n<li><a href=\"https:\/\/support.google.com\/accounts\/answer\/61416?hl=es\" target=\"_blank\" rel=\"noopener\">Chrome<\/a><\/li>\n<li><a href=\"https:\/\/support.mozilla.org\/es\/kb\/habilitar-y-deshabilitar-cookies-sitios-web-rastrear-preferencias\" target=\"_blank\" rel=\"noopener\">Firefox<\/a><\/li>\n<li><a href=\"https:\/\/support.microsoft.com\/es-es\/help\/17442\/windows-internet-explorer-delete-manage-cookies\" target=\"_blank\" rel=\"noopener\">Internet Explorer<\/a><\/li>\n<li><a href=\"http:\/\/help.opera.com\/Windows\/11.50\/es-ES\/cookies.html\" target=\"_blank\" rel=\"noopener\">\u00d3pera<\/a><\/li>\n<li><a href=\"https:\/\/support.apple.com\/kb\/ph21411?locale=es_ES\" target=\"_blank\" rel=\"noopener\">Safari<\/a><\/li>\n<\/ul>\n<h2 class=\"c-feature-15-title c-font-20 c-font-bold c-font-uppercase c-theme-border c-font-white\">DO WE UPDATE OUR COOKIE POLICY?<\/h2>\n<p class=\"c-feature-15-desc c-font-justify c-font-white wow animate fadeInLeft\">We may update our web page\u2019s Cookie Policy; therefore, we recommend that you review this policy each time you access our web site in order to be properly informed about how and why we use Cookies.<\/p>\n<\/div><\/div><\/div><\/div><\/div><\/div><\/div><\/section><section class=\"l-section wpb_row prefooter height_medium\"><div class=\"l-section-h i-cf\"><div class=\"g-cols vc_row via_flex valign_top type_default stacking_default\"><div class=\"vc_col-sm-12 wpb_column vc_column_container has_bg_color\"><div class=\"vc_column-inner us_custom_057801f8\"><div class=\"wpb_wrapper\"><div class=\"w-separator size_small\"><\/div><div class=\"w-hwrapper us_custom_eb849559 valign_top wrap stack_on_mobiles align_center\" style=\"--hwrapper-gap:1.5rem\"><div class=\"w-image us_custom_a518f36e us_animate_this align_center\"><div class=\"w-image-h\"><img decoding=\"async\" width=\"250\" height=\"190\" src=\"https:\/\/ingreenspain.es\/wp-content\/uploads\/2024\/05\/mapa-SP-small.png\" class=\"attachment-full size-full\" alt=\"\" loading=\"lazy\" \/><\/div><\/div><div class=\"w-html\"><img decoding=\"async\" src=\"https:\/\/ingreenspain.es\/wp-content\/uploads\/2024\/05\/mapa-EV.png\" usemap=\"#image-map\"><map name=\"image-map\">\n    <area alt=\"Galicia\" title=\"Galicia\" href=\"https:\/\/www.ingreenspain.es\/en\/#Galicia\" coords=\"85,7,60,13,44,30,25,38,1,58,12,76,21,100,23,123,25,143,61,132,72,146,112,146,131,132,140,107,133,68,128,43,121,18,98,7\" shape=\"poly\">\n    <area target=\"\" alt=\"Asturias\" title=\"Asturias\" href=\"https:\/\/www.ingreenspain.es\/en\/#Asturias\" coords=\"128,18,118,31,127,50,137,63,154,65,171,59,200,58,233,52,247,42,263,34,230,22,195,12\" shape=\"poly\">\n    <area target=\"\" alt=\"Cantabria\" title=\"Cantabria\" href=\"https:\/\/ingreenspain.es\/en\/#Cantabria\" coords=\"247,46,275,33,305,25,333,30,338,40,319,49,304,54,298,65,297,75,289,76,250,58\" shape=\"poly\">\n    <area target=\"\" alt=\"Euskadi\" title=\"Euskadi\" href=\"https:\/\/ingreenspain.es\/en\/#Euskadi\" coords=\"342,38,327,43,344,62,336,73,372,99,384,99,397,69,415,45,419,32,360,29\" shape=\"poly\">\n\n<\/map><\/div><div usemap=\"#workmap\" class=\"w-image us_custom_2c2c32a0 us_animate_this hide_on_default hide_on_laptops hide_on_tablets hide_on_mobiles align_center\"><div class=\"w-image-h\"><img decoding=\"async\" width=\"420\" height=\"150\" src=\"https:\/\/ingreenspain.es\/wp-content\/uploads\/2024\/05\/mapa-EV.png\" class=\"attachment-full size-full\" alt=\"\" loading=\"lazy\" srcset=\"https:\/\/ingreenspain.es\/wp-content\/uploads\/2024\/05\/mapa-EV.png 420w, https:\/\/ingreenspain.es\/wp-content\/uploads\/2024\/05\/mapa-EV-300x107.png 300w\" sizes=\"auto, (max-width: 420px) 100vw, 420px\" \/><\/div><\/div><div class=\"w-socials us_custom_cc1760fe has_text_color us_animate_this color_text shape_circle style_colored hover_fade\" style=\"--gap:0.5em;\"><div class=\"w-socials-list\"><div class=\"w-socials-item facebook\"><a href=\"https:\/\/www.facebook.com\/InGreenSpain\" class=\"w-socials-item-link\" aria-label=\"Facebook\"><span class=\"w-socials-item-link-hover\"><\/span><i class=\"fab fa-facebook\"><\/i><\/a><div class=\"w-socials-item-popup\"><span>Facebook<\/span><\/div><\/div><div class=\"w-socials-item instagram\"><a href=\"https:\/\/www.instagram.com\/ingreenspain\" class=\"w-socials-item-link\" aria-label=\"Instagram\"><span class=\"w-socials-item-link-hover\"><\/span><i class=\"fab fa-instagram\"><\/i><\/a><div class=\"w-socials-item-popup\"><span>Instagram<\/span><\/div><\/div><\/div><\/div><\/div><div class=\"w-separator size_medium with_line width_default thick_1 style_solid color_border align_center\"><div class=\"w-separator-h\"><\/div><\/div><h3 class=\"w-text us_custom_7ffc40f7 has_text_color\"><span class=\"w-text-h\"><span class=\"w-text-value\">Contact<\/span><\/span><\/h3><div class=\"w-text us_custom_025665fb icon_atleft\"><a href=\"mailto:info@ingreenspain.es\" class=\"w-text-h\"><i class=\"fas fa-envelope\"><\/i><span class=\"w-text-value\">info@ingreenspain.es<\/span><\/a><\/div><\/div><\/div><\/div><\/div><\/div><\/section>\n\n","protected":false},"excerpt":{"rendered":"COOKIE POLICYThe present cookie policy has the aim of informing you in a clear and precise way about the cookies that are used on the Green Spain web page. WHAT ARE COOKIES? A Cookie is a small fragment of text sent to your browser by the websites you visit, enabling the website to remember information...","protected":false},"author":1,"featured_media":0,"parent":0,"menu_order":0,"comment_status":"closed","ping_status":"closed","template":"","meta":{"_acf_changed":false,"footnotes":""},"class_list":["post-1350","page","type-page","status-publish","hentry"],"acf":[],"yoast_head":"<!-- This site is optimized with the Yoast SEO plugin v27.3 - https:\/\/yoast.com\/product\/yoast-seo-wordpress\/ -->\n<title>Green Spain&#039;s cookies policy<\/title>\n<meta name=\"description\" content=\"Green Spain&#039;s Cookies policy\" \/>\n<meta name=\"robots\" content=\"index, follow, max-snippet:-1, max-image-preview:large, max-video-preview:-1\" \/>\n<link rel=\"canonical\" href=\"https:\/\/ingreenspain.es\/en\/cookie-policy\/\" \/>\n<meta property=\"og:locale\" content=\"en_US\" \/>\n<meta property=\"og:type\" content=\"article\" \/>\n<meta property=\"og:title\" content=\"Green Spain&#039;s cookies policy\" \/>\n<meta property=\"og:description\" content=\"Green Spain&#039;s Cookies policy\" \/>\n<meta property=\"og:url\" content=\"https:\/\/ingreenspain.es\/en\/cookie-policy\/\" \/>\n<meta property=\"og:site_name\" content=\"Green Spain\" \/>\n<meta property=\"article:publisher\" content=\"https:\/\/www.facebook.com\/InGreenSpain\" \/>\n<meta property=\"article:modified_time\" content=\"2024-06-18T15:58:00+00:00\" \/>\n<meta name=\"twitter:card\" content=\"summary_large_image\" \/>\n<meta name=\"twitter:label1\" content=\"Est. reading time\" \/>\n\t<meta name=\"twitter:data1\" content=\"4 minutes\" \/>\n<script type=\"application\/ld+json\" class=\"yoast-schema-graph\">{\"@context\":\"https:\\\/\\\/schema.org\",\"@graph\":[{\"@type\":\"WebPage\",\"@id\":\"https:\\\/\\\/ingreenspain.es\\\/en\\\/cookie-policy\\\/\",\"url\":\"https:\\\/\\\/ingreenspain.es\\\/en\\\/cookie-policy\\\/\",\"name\":\"Green Spain's cookies policy\",\"isPartOf\":{\"@id\":\"https:\\\/\\\/ingreenspain.es\\\/en\\\/#website\"},\"datePublished\":\"2024-05-07T14:51:22+00:00\",\"dateModified\":\"2024-06-18T15:58:00+00:00\",\"description\":\"Green Spain's Cookies policy\",\"breadcrumb\":{\"@id\":\"https:\\\/\\\/ingreenspain.es\\\/en\\\/cookie-policy\\\/#breadcrumb\"},\"inLanguage\":\"en-US\",\"potentialAction\":[{\"@type\":\"ReadAction\",\"target\":[\"https:\\\/\\\/ingreenspain.es\\\/en\\\/cookie-policy\\\/\"]}]},{\"@type\":\"BreadcrumbList\",\"@id\":\"https:\\\/\\\/ingreenspain.es\\\/en\\\/cookie-policy\\\/#breadcrumb\",\"itemListElement\":[{\"@type\":\"ListItem\",\"position\":1,\"name\":\"Portada\",\"item\":\"https:\\\/\\\/ingreenspain.es\\\/en\\\/\"},{\"@type\":\"ListItem\",\"position\":2,\"name\":\"Cookies policy\"}]},{\"@type\":\"WebSite\",\"@id\":\"https:\\\/\\\/ingreenspain.es\\\/en\\\/#website\",\"url\":\"https:\\\/\\\/ingreenspain.es\\\/en\\\/\",\"name\":\"Espa\u00f1a Verde\",\"description\":\"The spirit of the North\",\"publisher\":{\"@id\":\"https:\\\/\\\/ingreenspain.es\\\/en\\\/#organization\"},\"potentialAction\":[{\"@type\":\"SearchAction\",\"target\":{\"@type\":\"EntryPoint\",\"urlTemplate\":\"https:\\\/\\\/ingreenspain.es\\\/en\\\/?s={search_term_string}\"},\"query-input\":{\"@type\":\"PropertyValueSpecification\",\"valueRequired\":true,\"valueName\":\"search_term_string\"}}],\"inLanguage\":\"en-US\"},{\"@type\":\"Organization\",\"@id\":\"https:\\\/\\\/ingreenspain.es\\\/en\\\/#organization\",\"name\":\"Espa\u00f1a Verde\",\"url\":\"https:\\\/\\\/ingreenspain.es\\\/en\\\/\",\"logo\":{\"@type\":\"ImageObject\",\"inLanguage\":\"en-US\",\"@id\":\"https:\\\/\\\/ingreenspain.es\\\/en\\\/#\\\/schema\\\/logo\\\/image\\\/\",\"url\":\"https:\\\/\\\/ingreenspain.es\\\/wp-content\\\/uploads\\\/2024\\\/05\\\/logoEV.png\",\"contentUrl\":\"https:\\\/\\\/ingreenspain.es\\\/wp-content\\\/uploads\\\/2024\\\/05\\\/logoEV.png\",\"width\":125,\"height\":40,\"caption\":\"Espa\u00f1a Verde\"},\"image\":{\"@id\":\"https:\\\/\\\/ingreenspain.es\\\/en\\\/#\\\/schema\\\/logo\\\/image\\\/\"},\"sameAs\":[\"https:\\\/\\\/www.facebook.com\\\/InGreenSpain\",\"https:\\\/\\\/www.instagram.com\\\/ingreenspain\",\"https:\\\/\\\/www.youtube.com\\\/@INGREENSPAIN\"]}]}<\/script>\n<!-- \/ Yoast SEO plugin. -->","yoast_head_json":{"title":"Green Spain's cookies policy","description":"Green Spain's Cookies policy","robots":{"index":"index","follow":"follow","max-snippet":"max-snippet:-1","max-image-preview":"max-image-preview:large","max-video-preview":"max-video-preview:-1"},"canonical":"https:\/\/ingreenspain.es\/en\/cookie-policy\/","og_locale":"en_US","og_type":"article","og_title":"Green Spain's cookies policy","og_description":"Green Spain's Cookies policy","og_url":"https:\/\/ingreenspain.es\/en\/cookie-policy\/","og_site_name":"Green Spain","article_publisher":"https:\/\/www.facebook.com\/InGreenSpain","article_modified_time":"2024-06-18T15:58:00+00:00","twitter_card":"summary_large_image","twitter_misc":{"Est. reading time":"4 minutes"},"schema":{"@context":"https:\/\/schema.org","@graph":[{"@type":"WebPage","@id":"https:\/\/ingreenspain.es\/en\/cookie-policy\/","url":"https:\/\/ingreenspain.es\/en\/cookie-policy\/","name":"Green Spain's cookies policy","isPartOf":{"@id":"https:\/\/ingreenspain.es\/en\/#website"},"datePublished":"2024-05-07T14:51:22+00:00","dateModified":"2024-06-18T15:58:00+00:00","description":"Green Spain's Cookies policy","breadcrumb":{"@id":"https:\/\/ingreenspain.es\/en\/cookie-policy\/#breadcrumb"},"inLanguage":"en-US","potentialAction":[{"@type":"ReadAction","target":["https:\/\/ingreenspain.es\/en\/cookie-policy\/"]}]},{"@type":"BreadcrumbList","@id":"https:\/\/ingreenspain.es\/en\/cookie-policy\/#breadcrumb","itemListElement":[{"@type":"ListItem","position":1,"name":"Portada","item":"https:\/\/ingreenspain.es\/en\/"},{"@type":"ListItem","position":2,"name":"Cookies policy"}]},{"@type":"WebSite","@id":"https:\/\/ingreenspain.es\/en\/#website","url":"https:\/\/ingreenspain.es\/en\/","name":"Espa\u00f1a Verde","description":"The spirit of the North","publisher":{"@id":"https:\/\/ingreenspain.es\/en\/#organization"},"potentialAction":[{"@type":"SearchAction","target":{"@type":"EntryPoint","urlTemplate":"https:\/\/ingreenspain.es\/en\/?s={search_term_string}"},"query-input":{"@type":"PropertyValueSpecification","valueRequired":true,"valueName":"search_term_string"}}],"inLanguage":"en-US"},{"@type":"Organization","@id":"https:\/\/ingreenspain.es\/en\/#organization","name":"Espa\u00f1a Verde","url":"https:\/\/ingreenspain.es\/en\/","logo":{"@type":"ImageObject","inLanguage":"en-US","@id":"https:\/\/ingreenspain.es\/en\/#\/schema\/logo\/image\/","url":"https:\/\/ingreenspain.es\/wp-content\/uploads\/2024\/05\/logoEV.png","contentUrl":"https:\/\/ingreenspain.es\/wp-content\/uploads\/2024\/05\/logoEV.png","width":125,"height":40,"caption":"Espa\u00f1a Verde"},"image":{"@id":"https:\/\/ingreenspain.es\/en\/#\/schema\/logo\/image\/"},"sameAs":["https:\/\/www.facebook.com\/InGreenSpain","https:\/\/www.instagram.com\/ingreenspain","https:\/\/www.youtube.com\/@INGREENSPAIN"]}]}},"_links":{"self":[{"href":"https:\/\/ingreenspain.es\/en\/wp-json\/wp\/v2\/pages\/1350","targetHints":{"allow":["GET"]}}],"collection":[{"href":"https:\/\/ingreenspain.es\/en\/wp-json\/wp\/v2\/pages"}],"about":[{"href":"https:\/\/ingreenspain.es\/en\/wp-json\/wp\/v2\/types\/page"}],"author":[{"embeddable":true,"href":"https:\/\/ingreenspain.es\/en\/wp-json\/wp\/v2\/users\/1"}],"replies":[{"embeddable":true,"href":"https:\/\/ingreenspain.es\/en\/wp-json\/wp\/v2\/comments?post=1350"}],"version-history":[{"count":4,"href":"https:\/\/ingreenspain.es\/en\/wp-json\/wp\/v2\/pages\/1350\/revisions"}],"predecessor-version":[{"id":1501,"href":"https:\/\/ingreenspain.es\/en\/wp-json\/wp\/v2\/pages\/1350\/revisions\/1501"}],"wp:attachment":[{"href":"https:\/\/ingreenspain.es\/en\/wp-json\/wp\/v2\/media?parent=1350"}],"curies":[{"name":"wp","href":"https:\/\/api.w.org\/{rel}","templated":true}]}}