{"id":1434,"date":"2024-05-07T16:51:22","date_gmt":"2024-05-07T14:51:22","guid":{"rendered":"https:\/\/ingreenspain.es\/?page_id=1434"},"modified":"2024-06-18T17:58:27","modified_gmt":"2024-06-18T15:58:27","slug":"politique-des-cookies","status":"publish","type":"page","link":"https:\/\/ingreenspain.es\/fr\/politique-des-cookies\/","title":{"rendered":"Politique des cookies"},"content":{"rendered":"<section class=\"l-section wpb_row us_custom_3f876beb height_large\" id=\"legales\"><div class=\"l-section-h i-cf\"><div class=\"g-cols vc_row via_flex valign_top type_default stacking_default\"><div class=\"vc_col-sm-12 wpb_column vc_column_container\"><div class=\"vc_column-inner us_custom_a204b8b6\"><div class=\"vc_column-overlay\" style=\"background:rgba(47,53,59,0.9)\"><\/div><div class=\"wpb_wrapper\"><h1 class=\"w-text us_custom_8b3d6790 has_text_color\"><span class=\"w-text-h\"><span class=\"w-text-value\">Politique des cookies<\/span><\/span><\/h1><div class=\"w-separator size_medium\"><\/div><div class=\"w-image align_center\"><div class=\"w-image-h\"><img decoding=\"async\" width=\"422\" height=\"159\" src=\"https:\/\/ingreenspain.es\/wp-content\/uploads\/2024\/05\/logoEVGrande-FR.png\" class=\"attachment-full size-full\" alt=\"\" loading=\"lazy\" srcset=\"https:\/\/ingreenspain.es\/wp-content\/uploads\/2024\/05\/logoEVGrande-FR.png 422w, https:\/\/ingreenspain.es\/wp-content\/uploads\/2024\/05\/logoEVGrande-FR-300x113.png 300w\" sizes=\"auto, (max-width: 422px) 100vw, 422px\" \/><\/div><\/div><div class=\"w-separator size_medium\"><\/div><div class=\"wpb_text_column us_custom_8b3d6790 has_text_color\"><div class=\"wpb_wrapper\"><p class=\"c-feature-15-desc c-font-justify c-font-white wow animate fadeInLeft\">La pr\u00e9sente politique d&rsquo;utilisation des cookies a pour but de vous apporter des informations claires et compl\u00e8tes sur l\u2019usage des cookies du site Espagne Verte.<\/p>\n<h2 class=\"c-feature-15-title c-font-20 c-font-bold c-font-uppercase c-theme-border c-font-white\">QU\u2019EST-CE QU\u2019UN \u00ab COOKIE \u00bb ?<\/h2>\n<p class=\"c-feature-15-desc c-font-justify c-font-white wow animate fadeInLeft\">Un\u00a0<span class=\"c-font-ev c-font-bold\">Cookie<\/span>\u00a0est un petit fichier texte plac\u00e9 ou enregistr\u00e9 sur votre ordinateur par le serveur du site visit\u00e9 afin de conserver les informations de votre visite, telles que votre langue et autres options, afin de faciliter la navigation et d\u2019adapter le site en fonction de vos besoins. Les cookies sont tr\u00e8s importants et participent \u00e0 une meilleure exp\u00e9rience utilisateur pour l&rsquo;internaute.<\/p>\n<p>La plupart des navigateurs acceptent les cookies et, ind\u00e9pendamment, acceptent ou refusent, selon les choix de s\u00e9curit\u00e9s, les cookies temporaires ou m\u00e9moris\u00e9s.<\/p>\n<h2 class=\"c-feature-15-title c-font-20 c-font-bold c-font-uppercase c-theme-border c-font-white\">LES DIFF\u00c9RENTS TYPES DE COOKIES<\/h2>\n<h3 class=\"c-feature-15-desc c-font-justify c-font-white wow animate fadeInLeft\"><span class=\"c-font-ev c-font-bold\">Les cookies techniques :<\/span><\/h3>\n<p class=\"c-feature-15-desc c-font-justify c-font-white wow animate fadeInLeft\">Ils donnent \u00e0 l&rsquo;internaute l&rsquo;acc\u00e8s \u00e0 la page Web, \u00e0 la plateforme ou l&rsquo;application et permettent d&rsquo;utiliser les diff\u00e9rentes options et services dont elles disposent telles que le contr\u00f4le de l&rsquo;audience et la communication des donn\u00e9es, l&rsquo;identification de la session, l&rsquo;acc\u00e8s \u00e0 des parties d\u2019acc\u00e8s restreint, l&rsquo;enregistrement des donn\u00e9es d&rsquo;une commande, la r\u00e9alisation d&rsquo;une commande, la r\u00e9alisation d&rsquo;une demande d&rsquo;inscription ou de participation \u00e0 un \u00e9v\u00e9nement, l&rsquo;utilisation des \u00e9l\u00e9ments de s\u00e9curit\u00e9 le temps de la visite sur le site ainsi que le stockage des contenus pour la diffusion des vid\u00e9os et bandes son et leur partage sur les r\u00e9seaux sociaux.<\/p>\n<h3 class=\"c-feature-15-desc c-font-justify c-font-white wow animate fadeInLeft\"><span class=\"c-font-ev c-font-bold\">Cookies de personnalisation :<\/span><\/h3>\n<p class=\"c-feature-15-desc c-font-justify c-font-white wow animate fadeInLeft\">Ils permettent \u00e0 l&rsquo;internaute d&rsquo;acc\u00e9der aux services de caract\u00e9ristiques g\u00e9n\u00e9rales d\u00e9finies en fonction d&rsquo;une s\u00e9rie de crit\u00e8res sur l&rsquo;internaute tels que la langue de navigation, le type de navigateur utilis\u00e9, la localisation, etc.<\/p>\n<h3><span class=\"c-font-ev c-font-bold\">Cookies d\u2019analyse :<\/span><\/h3>\n<p class=\"c-feature-15-desc c-font-justify c-font-white wow animate fadeInLeft\">Ils permettent au propri\u00e9taire de la page de conna\u00eetre et d&rsquo;analyser le comportement des internautes face aux sites qui lui sont reli\u00e9s. Les informations recueillies permettent d&rsquo;analyser la fr\u00e9quence d&rsquo;utilisation du site, de l&rsquo;application ou de la plateforme et d&rsquo;\u00e9laborer le profil de navigation des internautes du site, de l&rsquo;application ou de la plateforme afin d&rsquo;am\u00e9liorer le site en fonction des donn\u00e9es recueillies sur les internautes.<\/p>\n<h3><span class=\"c-font-ev c-font-bold\">Cookies publicitaires :<\/span><\/h3>\n<p>Ils permettent de contr\u00f4ler, de mani\u00e8re efficace, les espaces publicitaires pr\u00e9sents, le cas \u00e9ch\u00e9ant, sur l&rsquo;une ou plusieurs pages sur site, application ou plateforme qui propose le service demand\u00e9, sur une base de crit\u00e8res d\u00e9termin\u00e9s en fonction du contenu ou de la fr\u00e9quence des annonces.<\/p>\n<h2 class=\"c-feature-15-title c-font-20 c-font-bold c-font-uppercase c-theme-border c-font-white\">LES COOKIES UTILIS\u00c9S SUR CE SITE<\/h2>\n<p class=\"c-feature-15-desc c-font-justify c-font-white wow animate fadeInLeft\">Vous trouverez la liste des cookies utilis\u00e9s sur ce site :<\/p>\n<div class=\"table-responsive wow animate fadeIn\" data-wow-delay=\"0.3s\">\n<table class=\"table table-bordered c-font-white\">\n<thead>\n<tr>\n<th class=\"c-font-white c-font-center\">COOKIE<\/th>\n<th class=\"c-font-white c-font-center\">DOMAINE<\/th>\n<th class=\"c-font-white c-font-center\">ORIGINE DU COOKIE<\/th>\n<th class=\"c-font-white c-font-center\">BUT<\/th>\n<th class=\"c-font-white c-font-center\">FIN DE VALIDIT\u00c9<\/th>\n<\/tr>\n<\/thead>\n<tbody>\n<tr>\n<th scope=\"row\">_ga<\/th>\n<td>.ingreenspain.es<\/td>\n<td>Google Analytics<\/td>\n<td>Enregistrer et unifier les rapports statistiques sur le trafic de chaque site, l&rsquo;audience totale, le nombre de visites par page, et le suivi des clics sur des parties sp\u00e9cifiques du site, etc.<\/td>\n<td>2 ans<\/td>\n<\/tr>\n<tr>\n<th scope=\"row\">_gat_gtag_UA_120359511_1<\/th>\n<td>.ingreenspain.es<\/td>\n<td>Google Analytics<\/td>\n<td>Enregistrer et unifier les rapports statistiques sur le trafic de chaque site, l&rsquo;audience totale, le nombre de visites par page, et le suivi des clics sur des parties sp\u00e9cifiques du site, etc.<\/td>\n<td>Session<\/td>\n<\/tr>\n<tr>\n<th scope=\"row\">_gid<\/th>\n<td>.ingreenspain.es<\/td>\n<td>Google Analytics<\/td>\n<td>Enregistrer et unifier les rapports statistiques sur le trafic de chaque site, l&rsquo;audience totale, le nombre de visites par page, et le suivi des clics sur des parties sp\u00e9cifiques du site, etc.<\/td>\n<td>1 jour<\/td>\n<\/tr>\n<tr>\n<th scope=\"row\">CookiesAceptYes<\/th>\n<td>www.ingreenspain.es<\/td>\n<td>Propres<\/td>\n<td>Acceptation des cookies<\/td>\n<td>Annuel<\/td>\n<\/tr>\n<tr>\n<th scope=\"row\">clang<\/th>\n<td>www.ingreenspain.es<\/td>\n<td>Propres<\/td>\n<td>Informations sur la langue par d\u00e9faut.<\/td>\n<td>7 mois<\/td>\n<\/tr>\n<\/tbody>\n<\/table>\n<\/div>\n<h2 class=\"c-feature-15-title c-font-20 c-font-bold c-font-uppercase c-theme-border c-font-white\">ACCEPTATION DE LA POLITIQUE D&rsquo;UTILISATION DES COOKIES<\/h2>\n<p class=\"c-feature-15-desc c-font-justify c-font-white wow animate fadeInLeft\">En cliquant sur \u00ab J&rsquo;accepte \u00bb, vous acceptez l&rsquo;utilisation des cookies sur ce site.<\/p>\n<h2 class=\"c-feature-15-title c-font-20 c-font-bold c-font-uppercase c-theme-border c-font-white\">PARAM\u00c9TRAGE DES COOKIES<\/h2>\n<p class=\"c-feature-15-desc c-font-justify c-font-white wow animate fadeInLeft\">L&rsquo;internaute a le choix d&rsquo;accepter, bloquer ou supprimer les cookies install\u00e9s sur son navigateur en param\u00e9trant les options de son navigateur :<\/p>\n<ul>\n<li><a href=\"https:\/\/support.google.com\/accounts\/answer\/61416?hl=es\" target=\"_blank\" rel=\"noopener\">Chrome<\/a><\/li>\n<li><a href=\"https:\/\/support.mozilla.org\/es\/kb\/habilitar-y-deshabilitar-cookies-sitios-web-rastrear-preferencias\" target=\"_blank\" rel=\"noopener\">Firefox<\/a><\/li>\n<li><a href=\"https:\/\/support.microsoft.com\/es-es\/help\/17442\/windows-internet-explorer-delete-manage-cookies\" target=\"_blank\" rel=\"noopener\">Internet Explorer<\/a><\/li>\n<li><a href=\"http:\/\/help.opera.com\/Windows\/11.50\/es-ES\/cookies.html\" target=\"_blank\" rel=\"noopener\">\u00d3pera<\/a><\/li>\n<li><a href=\"https:\/\/support.apple.com\/kb\/ph21411?locale=es_ES\" target=\"_blank\" rel=\"noopener\">Safari<\/a><\/li>\n<\/ul>\n<h2 class=\"c-feature-15-title c-font-20 c-font-bold c-font-uppercase c-theme-border c-font-white\">ACTUALISATION DE LA POLITIQUE D&rsquo;UTILISATION DES COOKIES<\/h2>\n<p class=\"c-feature-15-desc c-font-justify c-font-white wow animate fadeInLeft\">Nous nous r\u00e9servons le droit d&rsquo;actualiser notre politique d&rsquo;utilisation des cookies sur notre site. Ainsi, nous vous conseillons de relire attentivement cette politique lors de chacune de vos visites afin d&rsquo;\u00eatre inform\u00e9 sur la mani\u00e8re et le but de l&rsquo;utilisation des Cookies.<\/p>\n<\/div><\/div><\/div><\/div><\/div><\/div><\/div><\/section><section class=\"l-section wpb_row prefooter height_medium\"><div class=\"l-section-h i-cf\"><div class=\"g-cols vc_row via_flex valign_top type_default stacking_default\"><div class=\"vc_col-sm-12 wpb_column vc_column_container has_bg_color\"><div class=\"vc_column-inner us_custom_057801f8\"><div class=\"wpb_wrapper\"><div class=\"w-separator size_small\"><\/div><div class=\"w-hwrapper us_custom_eb849559 valign_top wrap stack_on_mobiles align_center\" style=\"--hwrapper-gap:1.5rem\"><div class=\"w-image us_custom_a518f36e us_animate_this align_center\"><div class=\"w-image-h\"><img decoding=\"async\" width=\"250\" height=\"190\" src=\"https:\/\/ingreenspain.es\/wp-content\/uploads\/2024\/05\/mapa-SP-small.png\" class=\"attachment-full size-full\" alt=\"\" loading=\"lazy\" \/><\/div><\/div><div class=\"w-html\"><img decoding=\"async\" src=\"https:\/\/ingreenspain.es\/wp-content\/uploads\/2024\/05\/mapa-EV.png\" usemap=\"#image-map\"><map name=\"image-map\">\n    <area alt=\"Galice\" title=\"Galice\" href=\"https:\/\/www.ingreenspain.es\/fr\/#Galicia\" coords=\"85,7,60,13,44,30,25,38,1,58,12,76,21,100,23,123,25,143,61,132,72,146,112,146,131,132,140,107,133,68,128,43,121,18,98,7\" shape=\"poly\">\n    <area target=\"\" alt=\"Les Asturies\" title=\"Les Asturies\" href=\"https:\/\/www.ingreenspain.es\/fr\/#Asturias\" coords=\"128,18,118,31,127,50,137,63,154,65,171,59,200,58,233,52,247,42,263,34,230,22,195,12\" shape=\"poly\">\n    <area target=\"\" alt=\"Cantabrie\" title=\"Cantabrie\" href=\"https:\/\/ingreenspain.es\/fr\/#Cantabria\" coords=\"247,46,275,33,305,25,333,30,338,40,319,49,304,54,298,65,297,75,289,76,250,58\" shape=\"poly\">\n    <area target=\"\" alt=\"Pays Basque\" title=\"Pays Basque\" href=\"https:\/\/ingreenspain.es\/fr\/#Euskadi\" coords=\"342,38,327,43,344,62,336,73,372,99,384,99,397,69,415,45,419,32,360,29\" shape=\"poly\">\n\n<\/map><\/div><div usemap=\"#workmap\" class=\"w-image us_custom_2c2c32a0 us_animate_this hide_on_default hide_on_laptops hide_on_tablets hide_on_mobiles align_center\"><div class=\"w-image-h\"><img decoding=\"async\" width=\"420\" height=\"150\" src=\"https:\/\/ingreenspain.es\/wp-content\/uploads\/2024\/05\/mapa-EV.png\" class=\"attachment-full size-full\" alt=\"\" loading=\"lazy\" srcset=\"https:\/\/ingreenspain.es\/wp-content\/uploads\/2024\/05\/mapa-EV.png 420w, https:\/\/ingreenspain.es\/wp-content\/uploads\/2024\/05\/mapa-EV-300x107.png 300w\" sizes=\"auto, (max-width: 420px) 100vw, 420px\" \/><\/div><\/div><div class=\"w-socials us_custom_cc1760fe has_text_color us_animate_this color_text shape_circle style_colored hover_fade\" style=\"--gap:0.5em;\"><div class=\"w-socials-list\"><div class=\"w-socials-item facebook\"><a href=\"https:\/\/www.facebook.com\/InGreenSpain\" class=\"w-socials-item-link\" aria-label=\"Facebook\"><span class=\"w-socials-item-link-hover\"><\/span><i class=\"fab fa-facebook\"><\/i><\/a><div class=\"w-socials-item-popup\"><span>Facebook<\/span><\/div><\/div><div class=\"w-socials-item instagram\"><a href=\"https:\/\/www.instagram.com\/ingreenspain\" class=\"w-socials-item-link\" aria-label=\"Instagram\"><span class=\"w-socials-item-link-hover\"><\/span><i class=\"fab fa-instagram\"><\/i><\/a><div class=\"w-socials-item-popup\"><span>Instagram<\/span><\/div><\/div><\/div><\/div><\/div><div class=\"w-separator size_medium with_line width_default thick_1 style_solid color_border align_center\"><div class=\"w-separator-h\"><\/div><\/div><h3 class=\"w-text us_custom_7ffc40f7 has_text_color\"><span class=\"w-text-h\"><span class=\"w-text-value\">Contact<\/span><\/span><\/h3><div class=\"w-text us_custom_025665fb icon_atleft\"><a href=\"mailto:info@ingreenspain.es\" class=\"w-text-h\"><i class=\"fas fa-envelope\"><\/i><span class=\"w-text-value\">info@ingreenspain.es<\/span><\/a><\/div><\/div><\/div><\/div><\/div><\/div><\/section>\n\n","protected":false},"excerpt":{"rendered":"Politique des cookiesLa pr\u00e9sente politique d&rsquo;utilisation des cookies a pour but de vous apporter des informations claires et compl\u00e8tes sur l\u2019usage des cookies du site Espagne Verte. QU\u2019EST-CE QU\u2019UN \u00ab COOKIE \u00bb ? Un\u00a0Cookie\u00a0est un petit fichier texte plac\u00e9 ou enregistr\u00e9 sur votre ordinateur par le serveur du site visit\u00e9 afin de conserver les informations...","protected":false},"author":1,"featured_media":0,"parent":0,"menu_order":0,"comment_status":"closed","ping_status":"closed","template":"","meta":{"_acf_changed":false,"footnotes":""},"class_list":["post-1434","page","type-page","status-publish","hentry"],"acf":[],"yoast_head":"<!-- This site is optimized with the Yoast SEO plugin v27.3 - https:\/\/yoast.com\/product\/yoast-seo-wordpress\/ -->\n<title>Politique des cookies Espagne Verte<\/title>\n<meta name=\"description\" content=\"Politique des cookies de l&#039;Espagne Verte\" \/>\n<meta name=\"robots\" content=\"index, follow, max-snippet:-1, max-image-preview:large, max-video-preview:-1\" \/>\n<link rel=\"canonical\" href=\"https:\/\/ingreenspain.es\/fr\/politique-des-cookies\/\" \/>\n<meta property=\"og:locale\" content=\"fr_FR\" \/>\n<meta property=\"og:type\" content=\"article\" \/>\n<meta property=\"og:title\" content=\"Politique des cookies Espagne Verte\" \/>\n<meta property=\"og:description\" content=\"Politique des cookies de l&#039;Espagne Verte\" \/>\n<meta property=\"og:url\" content=\"https:\/\/ingreenspain.es\/fr\/politique-des-cookies\/\" \/>\n<meta property=\"og:site_name\" content=\"Espagne Verte\" \/>\n<meta property=\"article:publisher\" content=\"https:\/\/www.facebook.com\/InGreenSpain\" \/>\n<meta property=\"article:modified_time\" content=\"2024-06-18T15:58:27+00:00\" \/>\n<meta name=\"twitter:card\" content=\"summary_large_image\" \/>\n<meta name=\"twitter:label1\" content=\"Dur\u00e9e de lecture estim\u00e9e\" \/>\n\t<meta name=\"twitter:data1\" content=\"4 minutes\" \/>\n<script type=\"application\/ld+json\" class=\"yoast-schema-graph\">{\"@context\":\"https:\\\/\\\/schema.org\",\"@graph\":[{\"@type\":\"WebPage\",\"@id\":\"https:\\\/\\\/ingreenspain.es\\\/fr\\\/politique-des-cookies\\\/\",\"url\":\"https:\\\/\\\/ingreenspain.es\\\/fr\\\/politique-des-cookies\\\/\",\"name\":\"Politique des cookies Espagne Verte\",\"isPartOf\":{\"@id\":\"https:\\\/\\\/ingreenspain.es\\\/fr\\\/#website\"},\"datePublished\":\"2024-05-07T14:51:22+00:00\",\"dateModified\":\"2024-06-18T15:58:27+00:00\",\"description\":\"Politique des cookies de l'Espagne Verte\",\"breadcrumb\":{\"@id\":\"https:\\\/\\\/ingreenspain.es\\\/fr\\\/politique-des-cookies\\\/#breadcrumb\"},\"inLanguage\":\"fr-FR\",\"potentialAction\":[{\"@type\":\"ReadAction\",\"target\":[\"https:\\\/\\\/ingreenspain.es\\\/fr\\\/politique-des-cookies\\\/\"]}]},{\"@type\":\"BreadcrumbList\",\"@id\":\"https:\\\/\\\/ingreenspain.es\\\/fr\\\/politique-des-cookies\\\/#breadcrumb\",\"itemListElement\":[{\"@type\":\"ListItem\",\"position\":1,\"name\":\"Portada\",\"item\":\"https:\\\/\\\/ingreenspain.es\\\/fr\\\/\"},{\"@type\":\"ListItem\",\"position\":2,\"name\":\"Politique des cookies\"}]},{\"@type\":\"WebSite\",\"@id\":\"https:\\\/\\\/ingreenspain.es\\\/fr\\\/#website\",\"url\":\"https:\\\/\\\/ingreenspain.es\\\/fr\\\/\",\"name\":\"Espa\u00f1a Verde\",\"description\":\"L&#039;esprit du Nord\",\"publisher\":{\"@id\":\"https:\\\/\\\/ingreenspain.es\\\/fr\\\/#organization\"},\"potentialAction\":[{\"@type\":\"SearchAction\",\"target\":{\"@type\":\"EntryPoint\",\"urlTemplate\":\"https:\\\/\\\/ingreenspain.es\\\/fr\\\/?s={search_term_string}\"},\"query-input\":{\"@type\":\"PropertyValueSpecification\",\"valueRequired\":true,\"valueName\":\"search_term_string\"}}],\"inLanguage\":\"fr-FR\"},{\"@type\":\"Organization\",\"@id\":\"https:\\\/\\\/ingreenspain.es\\\/fr\\\/#organization\",\"name\":\"Espa\u00f1a Verde\",\"url\":\"https:\\\/\\\/ingreenspain.es\\\/fr\\\/\",\"logo\":{\"@type\":\"ImageObject\",\"inLanguage\":\"fr-FR\",\"@id\":\"https:\\\/\\\/ingreenspain.es\\\/fr\\\/#\\\/schema\\\/logo\\\/image\\\/\",\"url\":\"https:\\\/\\\/ingreenspain.es\\\/wp-content\\\/uploads\\\/2024\\\/05\\\/logoEV.png\",\"contentUrl\":\"https:\\\/\\\/ingreenspain.es\\\/wp-content\\\/uploads\\\/2024\\\/05\\\/logoEV.png\",\"width\":125,\"height\":40,\"caption\":\"Espa\u00f1a Verde\"},\"image\":{\"@id\":\"https:\\\/\\\/ingreenspain.es\\\/fr\\\/#\\\/schema\\\/logo\\\/image\\\/\"},\"sameAs\":[\"https:\\\/\\\/www.facebook.com\\\/InGreenSpain\",\"https:\\\/\\\/www.instagram.com\\\/ingreenspain\",\"https:\\\/\\\/www.youtube.com\\\/@INGREENSPAIN\"]}]}<\/script>\n<!-- \/ Yoast SEO plugin. -->","yoast_head_json":{"title":"Politique des cookies Espagne Verte","description":"Politique des cookies de l'Espagne Verte","robots":{"index":"index","follow":"follow","max-snippet":"max-snippet:-1","max-image-preview":"max-image-preview:large","max-video-preview":"max-video-preview:-1"},"canonical":"https:\/\/ingreenspain.es\/fr\/politique-des-cookies\/","og_locale":"fr_FR","og_type":"article","og_title":"Politique des cookies Espagne Verte","og_description":"Politique des cookies de l'Espagne Verte","og_url":"https:\/\/ingreenspain.es\/fr\/politique-des-cookies\/","og_site_name":"Espagne Verte","article_publisher":"https:\/\/www.facebook.com\/InGreenSpain","article_modified_time":"2024-06-18T15:58:27+00:00","twitter_card":"summary_large_image","twitter_misc":{"Dur\u00e9e de lecture estim\u00e9e":"4 minutes"},"schema":{"@context":"https:\/\/schema.org","@graph":[{"@type":"WebPage","@id":"https:\/\/ingreenspain.es\/fr\/politique-des-cookies\/","url":"https:\/\/ingreenspain.es\/fr\/politique-des-cookies\/","name":"Politique des cookies Espagne Verte","isPartOf":{"@id":"https:\/\/ingreenspain.es\/fr\/#website"},"datePublished":"2024-05-07T14:51:22+00:00","dateModified":"2024-06-18T15:58:27+00:00","description":"Politique des cookies de l'Espagne Verte","breadcrumb":{"@id":"https:\/\/ingreenspain.es\/fr\/politique-des-cookies\/#breadcrumb"},"inLanguage":"fr-FR","potentialAction":[{"@type":"ReadAction","target":["https:\/\/ingreenspain.es\/fr\/politique-des-cookies\/"]}]},{"@type":"BreadcrumbList","@id":"https:\/\/ingreenspain.es\/fr\/politique-des-cookies\/#breadcrumb","itemListElement":[{"@type":"ListItem","position":1,"name":"Portada","item":"https:\/\/ingreenspain.es\/fr\/"},{"@type":"ListItem","position":2,"name":"Politique des cookies"}]},{"@type":"WebSite","@id":"https:\/\/ingreenspain.es\/fr\/#website","url":"https:\/\/ingreenspain.es\/fr\/","name":"Espa\u00f1a Verde","description":"L&#039;esprit du Nord","publisher":{"@id":"https:\/\/ingreenspain.es\/fr\/#organization"},"potentialAction":[{"@type":"SearchAction","target":{"@type":"EntryPoint","urlTemplate":"https:\/\/ingreenspain.es\/fr\/?s={search_term_string}"},"query-input":{"@type":"PropertyValueSpecification","valueRequired":true,"valueName":"search_term_string"}}],"inLanguage":"fr-FR"},{"@type":"Organization","@id":"https:\/\/ingreenspain.es\/fr\/#organization","name":"Espa\u00f1a Verde","url":"https:\/\/ingreenspain.es\/fr\/","logo":{"@type":"ImageObject","inLanguage":"fr-FR","@id":"https:\/\/ingreenspain.es\/fr\/#\/schema\/logo\/image\/","url":"https:\/\/ingreenspain.es\/wp-content\/uploads\/2024\/05\/logoEV.png","contentUrl":"https:\/\/ingreenspain.es\/wp-content\/uploads\/2024\/05\/logoEV.png","width":125,"height":40,"caption":"Espa\u00f1a Verde"},"image":{"@id":"https:\/\/ingreenspain.es\/fr\/#\/schema\/logo\/image\/"},"sameAs":["https:\/\/www.facebook.com\/InGreenSpain","https:\/\/www.instagram.com\/ingreenspain","https:\/\/www.youtube.com\/@INGREENSPAIN"]}]}},"_links":{"self":[{"href":"https:\/\/ingreenspain.es\/fr\/wp-json\/wp\/v2\/pages\/1434","targetHints":{"allow":["GET"]}}],"collection":[{"href":"https:\/\/ingreenspain.es\/fr\/wp-json\/wp\/v2\/pages"}],"about":[{"href":"https:\/\/ingreenspain.es\/fr\/wp-json\/wp\/v2\/types\/page"}],"author":[{"embeddable":true,"href":"https:\/\/ingreenspain.es\/fr\/wp-json\/wp\/v2\/users\/1"}],"replies":[{"embeddable":true,"href":"https:\/\/ingreenspain.es\/fr\/wp-json\/wp\/v2\/comments?post=1434"}],"version-history":[{"count":2,"href":"https:\/\/ingreenspain.es\/fr\/wp-json\/wp\/v2\/pages\/1434\/revisions"}],"predecessor-version":[{"id":1502,"href":"https:\/\/ingreenspain.es\/fr\/wp-json\/wp\/v2\/pages\/1434\/revisions\/1502"}],"wp:attachment":[{"href":"https:\/\/ingreenspain.es\/fr\/wp-json\/wp\/v2\/media?parent=1434"}],"curies":[{"name":"wp","href":"https:\/\/api.w.org\/{rel}","templated":true}]}}