{"id":1602,"date":"2024-05-07T16:50:42","date_gmt":"2024-05-07T14:50:42","guid":{"rendered":"https:\/\/ingreenspain.es\/contacto\/"},"modified":"2024-06-18T19:38:04","modified_gmt":"2024-06-18T17:38:04","slug":"contacto","status":"publish","type":"page","link":"https:\/\/ingreenspain.es\/pt-pt\/contacto\/","title":{"rendered":"Contacto"},"content":{"rendered":"<section class=\"l-section wpb_row us_custom_6f069779 height_large\"><div class=\"l-section-h i-cf\"><div class=\"g-cols vc_row via_flex valign_top type_default stacking_default\"><div class=\"vc_col-sm-3\/5 wpb_column vc_column_container\"><div class=\"vc_column-inner us_custom_56761b8e\"><div class=\"vc_column-overlay\" style=\"background:rgba(47,53,59,0.9)\"><\/div><div class=\"wpb_wrapper\"><h1 class=\"w-text us_custom_f7f66005 palo-titular has_text_color us_animate_this\"><span class=\"w-text-h\"><span class=\"w-text-value\">FORMUL\u00c1RIO DE CONTACTO<\/span><\/span><\/h1><div class=\"w-separator size_small\"><\/div><div class=\"wpb_text_column us_custom_17fe550a negrita-verde has_text_color us_animate_this\"><div class=\"wpb_wrapper\"><p>Contactar a equipa InGreenSpain.<\/p>\n<\/div><\/div><div class=\"w-separator size_small\"><\/div><form class=\"w-form  us-field-style_1 layout_ver show_message_after_sending for_cform us_form_1\" action=\"https:\/\/ingreenspain.es\/pt-pt\/wp-json\/wp\/v2\/pages\/1602\/\" method=\"post\"><div class=\"w-form-h\"><div class=\"w-form-row for_text required\">\r\n\t\t<div class=\"w-form-row-field\">\r\n\t\t\t\t\t\t<input aria-label=\"Nome e apelido\" type=\"text\" name=\"us_form_1_text_1\" value placeholder=\"Nome e apelido *\" data-required=\"true\" aria-required=\"true\"\/>\r\n\t\t\t<\/div>\r\n\t\t<div class=\"w-form-row-state\">Fill out this field<\/div>\r\n<\/div>\r\n<div class=\"w-form-row for_email required\">\r\n\t\t<div class=\"w-form-row-field\">\r\n\t\t\t\t\t\t<input aria-label=\"Email\" type=\"email\" name=\"us_form_1_email_1\" value placeholder=\"Email *\" data-required=\"true\" aria-required=\"true\"\/>\r\n\t\t\t<\/div>\r\n\t\t<div class=\"w-form-row-state\">Por favor insira um endere\u00e7o de email v\u00e1lido.<\/div>\r\n<\/div>\r\n<div class=\"w-form-row for_textarea\">\r\n\t\t<div class=\"w-form-row-field\">\r\n\t\t\t\t\t\t<textarea aria-label=\"Coment\u00e1rios\" name=\"us_form_1_textarea_1\" placeholder=\"Coment\u00e1rios\"><\/textarea>\r\n\t\t\t<\/div>\r\n\t\t<div class=\"w-form-row-state\">Fill out this field<\/div>\r\n<\/div>\r\n<div class=\"w-form-row for_agreement required\">\r\n\t\t<div class=\"w-form-row-field\">\r\n\t\t\t\t<label>\r\n\t\t\t<input type=\"checkbox\" value=\"1\" data-required=\"true\" aria-required=\"true\" name=\"us_form_1_agreement_1\"\/>\r\n\t\t\t<span>Aceito a <a href=\"https:\/\/ingreenspain.cargando.es\/politica-de-privacidad\">pol\u00edtica de privacidade<\/a><\/span>\r\n\t\t<\/label>\r\n\t\t\t<\/div>\r\n\t\t<div class=\"w-form-row-state\">You need to agree with the terms to proceed<\/div>\r\n<\/div>\r\n<input type=\"hidden\" name=\"action\" value=\"us_ajax_cform\" \/>\r\n<input type=\"hidden\" name=\"post_id\" value=\"0\" \/>\r\n<input type=\"hidden\" name=\"form_index\" value=\"1\" \/>\r\n<div class=\"w-form-row for_submit align_none\"><button class=\"w-btn us-btn-style_1 icon_atleft\" type=\"submit\" aria-label=\"Submeter\"><span class=\"g-preloader type_1\"><\/span><i class=\"fas fa-paper-plane\"><\/i><span class=\"w-btn-label\">Submeter<\/span><\/button><\/div><\/div><div class=\"w-form-message\"><\/div><div class=\"w-form-json hidden\" onclick='return {&quot;ajaxurl&quot;:&quot;https:\\\/\\\/ingreenspain.es\\\/wp-admin\\\/admin-ajax.php&quot;,&quot;messages&quot;:{&quot;err_empty&quot;:&quot;Fill out this field&quot;,&quot;err_size&quot;:&quot;File size cannot exceed %s MB&quot;,&quot;err_extension&quot;:&quot;%s file type is not allowed&quot;,&quot;err_recaptcha_keys&quot;:&quot;reCAPTCHA keys are incorrect&quot;}}'><\/div><\/form><div class=\"w-separator hide_on_mobiles size_medium\"><\/div><\/div><\/div><\/div><div class=\"vc_col-sm-2\/5 wpb_column vc_column_container\"><div class=\"vc_column-inner\"><div class=\"wpb_wrapper\"><\/div><\/div><\/div><\/div><\/div><\/section><section class=\"l-section wpb_row prefooter height_medium\"><div class=\"l-section-h i-cf\"><div class=\"g-cols vc_row via_flex valign_top type_default stacking_default\"><div class=\"vc_col-sm-12 wpb_column vc_column_container has_bg_color\"><div class=\"vc_column-inner us_custom_057801f8\"><div class=\"wpb_wrapper\"><div class=\"w-separator size_small\"><\/div><div class=\"w-hwrapper us_custom_eb849559 valign_top wrap stack_on_mobiles align_center\" style=\"--hwrapper-gap:1.5rem\"><div class=\"w-image us_custom_a518f36e us_animate_this align_center\"><div class=\"w-image-h\"><img decoding=\"async\" width=\"250\" height=\"190\" src=\"https:\/\/ingreenspain.es\/wp-content\/uploads\/2024\/05\/mapa-SP-small.png\" class=\"attachment-full size-full\" alt=\"\" loading=\"lazy\" \/><\/div><\/div><div class=\"w-html\"><img decoding=\"async\" src=\"https:\/\/ingreenspain.es\/wp-content\/uploads\/2024\/05\/mapa-EV.png\" usemap=\"#image-map\"><map name=\"image-map\">\n    <area alt=\"Galiza\" title=\"Galiza\" href=\"https:\/\/www.ingreenspain.es\/pt-pt\/#Galicia\" coords=\"85,7,60,13,44,30,25,38,1,58,12,76,21,100,23,123,25,143,61,132,72,146,112,146,131,132,140,107,133,68,128,43,121,18,98,7\" shape=\"poly\">\n    <area target=\"\" alt=\"Ast\u00farias\" title=\"Ast\u00farias\" href=\"https:\/\/www.ingreenspain.es\/pt-pt\/#Asturias\" coords=\"128,18,118,31,127,50,137,63,154,65,171,59,200,58,233,52,247,42,263,34,230,22,195,12\" shape=\"poly\">\n    <area target=\"\" alt=\"Cant\u00e1bria\" title=\"Cant\u00e1bria\" href=\"https:\/\/ingreenspain.es\/pt-pt\/#Cantabria\" coords=\"247,46,275,33,305,25,333,30,338,40,319,49,304,54,298,65,297,75,289,76,250,58\" shape=\"poly\">\n    <area target=\"\" alt=\"Euskadi\" title=\"Euskadi\" href=\"https:\/\/ingreenspain.es\/pt-pt\/#Euskadi\" coords=\"342,38,327,43,344,62,336,73,372,99,384,99,397,69,415,45,419,32,360,29\" shape=\"poly\">\n\n<\/map><\/div><div usemap=\"#workmap\" class=\"w-image us_custom_2c2c32a0 us_animate_this hide_on_default hide_on_laptops hide_on_tablets hide_on_mobiles align_center\"><div class=\"w-image-h\"><img decoding=\"async\" width=\"420\" height=\"150\" src=\"https:\/\/ingreenspain.es\/wp-content\/uploads\/2024\/05\/mapa-EV.png\" class=\"attachment-full size-full\" alt=\"\" loading=\"lazy\" srcset=\"https:\/\/ingreenspain.es\/wp-content\/uploads\/2024\/05\/mapa-EV.png 420w, https:\/\/ingreenspain.es\/wp-content\/uploads\/2024\/05\/mapa-EV-300x107.png 300w\" sizes=\"auto, (max-width: 420px) 100vw, 420px\" \/><\/div><\/div><div class=\"w-socials us_custom_cc1760fe has_text_color us_animate_this color_text shape_circle style_colored hover_fade\" style=\"--gap:0.5em;\"><div class=\"w-socials-list\"><div class=\"w-socials-item facebook\"><a href=\"https:\/\/www.facebook.com\/InGreenSpain\" class=\"w-socials-item-link\" aria-label=\"Facebook\"><span class=\"w-socials-item-link-hover\"><\/span><i class=\"fab fa-facebook\"><\/i><\/a><div class=\"w-socials-item-popup\"><span>Facebook<\/span><\/div><\/div><div class=\"w-socials-item instagram\"><a href=\"https:\/\/www.instagram.com\/ingreenspain\" class=\"w-socials-item-link\" aria-label=\"Instagram\"><span class=\"w-socials-item-link-hover\"><\/span><i class=\"fab fa-instagram\"><\/i><\/a><div class=\"w-socials-item-popup\"><span>Instagram<\/span><\/div><\/div><\/div><\/div><\/div><div class=\"w-separator size_medium with_line width_default thick_1 style_solid color_border align_center\"><div class=\"w-separator-h\"><\/div><\/div><h3 class=\"w-text us_custom_7ffc40f7 has_text_color\"><span class=\"w-text-h\"><span class=\"w-text-value\">Contacto<\/span><\/span><\/h3><div class=\"w-text us_custom_025665fb icon_atleft\"><a href=\"mailto:info@ingreenspain.es\" class=\"w-text-h\"><i class=\"fas fa-envelope\"><\/i><span class=\"w-text-value\">info@ingreenspain.es<\/span><\/a><\/div><\/div><\/div><\/div><\/div><\/div><\/section>\n\n","protected":false},"excerpt":{"rendered":"FORMUL\u00c1RIO DE CONTACTOContactar a equipa InGreenSpain. Fill out this field Por favor insira um endere\u00e7o de email v\u00e1lido. Fill out this field Aceito a pol\u00edtica de privacidade You need to agree with the terms to proceed Submeter FacebookInstagramContactoinfo@ingreenspain.es","protected":false},"author":1,"featured_media":0,"parent":0,"menu_order":0,"comment_status":"closed","ping_status":"closed","template":"","meta":{"_acf_changed":false,"footnotes":""},"class_list":["post-1602","page","type-page","status-publish","hentry"],"acf":[],"yoast_head":"<!-- This site is optimized with the Yoast SEO plugin v27.4 - https:\/\/yoast.com\/product\/yoast-seo-wordpress\/ -->\n<title>Contactar a Green Spain<\/title>\n<meta name=\"description\" content=\"Contactar a equipa InGreenSpain.\" \/>\n<meta name=\"robots\" content=\"index, follow, max-snippet:-1, max-image-preview:large, max-video-preview:-1\" \/>\n<link rel=\"canonical\" href=\"https:\/\/ingreenspain.es\/pt-pt\/contacto\/\" \/>\n<meta property=\"og:locale\" content=\"pt_PT\" \/>\n<meta property=\"og:type\" content=\"article\" \/>\n<meta property=\"og:title\" content=\"Contactar a Green Spain\" \/>\n<meta property=\"og:description\" content=\"Contactar a equipa InGreenSpain.\" \/>\n<meta property=\"og:url\" content=\"https:\/\/ingreenspain.es\/pt-pt\/contacto\/\" \/>\n<meta property=\"og:site_name\" content=\"Espanha Verde\" \/>\n<meta property=\"article:publisher\" content=\"https:\/\/www.facebook.com\/InGreenSpain\" \/>\n<meta property=\"article:modified_time\" content=\"2024-06-18T17:38:04+00:00\" \/>\n<meta name=\"twitter:card\" content=\"summary_large_image\" \/>\n<meta name=\"twitter:label1\" content=\"Tempo estimado de leitura\" \/>\n\t<meta name=\"twitter:data1\" content=\"3 minutos\" \/>\n<script type=\"application\/ld+json\" class=\"yoast-schema-graph\">{\"@context\":\"https:\\\/\\\/schema.org\",\"@graph\":[{\"@type\":\"WebPage\",\"@id\":\"https:\\\/\\\/ingreenspain.es\\\/pt-pt\\\/contacto\\\/\",\"url\":\"https:\\\/\\\/ingreenspain.es\\\/pt-pt\\\/contacto\\\/\",\"name\":\"Contactar a Green Spain\",\"isPartOf\":{\"@id\":\"https:\\\/\\\/ingreenspain.es\\\/pt-pt\\\/#website\"},\"datePublished\":\"2024-05-07T14:50:42+00:00\",\"dateModified\":\"2024-06-18T17:38:04+00:00\",\"description\":\"Contactar a equipa InGreenSpain.\",\"breadcrumb\":{\"@id\":\"https:\\\/\\\/ingreenspain.es\\\/pt-pt\\\/contacto\\\/#breadcrumb\"},\"inLanguage\":\"pt-PT\",\"potentialAction\":[{\"@type\":\"ReadAction\",\"target\":[\"https:\\\/\\\/ingreenspain.es\\\/pt-pt\\\/contacto\\\/\"]}]},{\"@type\":\"BreadcrumbList\",\"@id\":\"https:\\\/\\\/ingreenspain.es\\\/pt-pt\\\/contacto\\\/#breadcrumb\",\"itemListElement\":[{\"@type\":\"ListItem\",\"position\":1,\"name\":\"Portada\",\"item\":\"https:\\\/\\\/ingreenspain.es\\\/pt-pt\\\/\"},{\"@type\":\"ListItem\",\"position\":2,\"name\":\"Contacto\"}]},{\"@type\":\"WebSite\",\"@id\":\"https:\\\/\\\/ingreenspain.es\\\/pt-pt\\\/#website\",\"url\":\"https:\\\/\\\/ingreenspain.es\\\/pt-pt\\\/\",\"name\":\"Espa\u00f1a Verde\",\"description\":\"O espirito do norte\",\"publisher\":{\"@id\":\"https:\\\/\\\/ingreenspain.es\\\/pt-pt\\\/#organization\"},\"potentialAction\":[{\"@type\":\"SearchAction\",\"target\":{\"@type\":\"EntryPoint\",\"urlTemplate\":\"https:\\\/\\\/ingreenspain.es\\\/pt-pt\\\/?s={search_term_string}\"},\"query-input\":{\"@type\":\"PropertyValueSpecification\",\"valueRequired\":true,\"valueName\":\"search_term_string\"}}],\"inLanguage\":\"pt-PT\"},{\"@type\":\"Organization\",\"@id\":\"https:\\\/\\\/ingreenspain.es\\\/pt-pt\\\/#organization\",\"name\":\"Espa\u00f1a Verde\",\"url\":\"https:\\\/\\\/ingreenspain.es\\\/pt-pt\\\/\",\"logo\":{\"@type\":\"ImageObject\",\"inLanguage\":\"pt-PT\",\"@id\":\"https:\\\/\\\/ingreenspain.es\\\/pt-pt\\\/#\\\/schema\\\/logo\\\/image\\\/\",\"url\":\"https:\\\/\\\/ingreenspain.es\\\/wp-content\\\/uploads\\\/2024\\\/05\\\/logoEV.png\",\"contentUrl\":\"https:\\\/\\\/ingreenspain.es\\\/wp-content\\\/uploads\\\/2024\\\/05\\\/logoEV.png\",\"width\":125,\"height\":40,\"caption\":\"Espa\u00f1a Verde\"},\"image\":{\"@id\":\"https:\\\/\\\/ingreenspain.es\\\/pt-pt\\\/#\\\/schema\\\/logo\\\/image\\\/\"},\"sameAs\":[\"https:\\\/\\\/www.facebook.com\\\/InGreenSpain\",\"https:\\\/\\\/www.instagram.com\\\/ingreenspain\",\"https:\\\/\\\/www.youtube.com\\\/@INGREENSPAIN\"]}]}<\/script>\n<!-- \/ Yoast SEO plugin. -->","yoast_head_json":{"title":"Contactar a Green Spain","description":"Contactar a equipa InGreenSpain.","robots":{"index":"index","follow":"follow","max-snippet":"max-snippet:-1","max-image-preview":"max-image-preview:large","max-video-preview":"max-video-preview:-1"},"canonical":"https:\/\/ingreenspain.es\/pt-pt\/contacto\/","og_locale":"pt_PT","og_type":"article","og_title":"Contactar a Green Spain","og_description":"Contactar a equipa InGreenSpain.","og_url":"https:\/\/ingreenspain.es\/pt-pt\/contacto\/","og_site_name":"Espanha Verde","article_publisher":"https:\/\/www.facebook.com\/InGreenSpain","article_modified_time":"2024-06-18T17:38:04+00:00","twitter_card":"summary_large_image","twitter_misc":{"Tempo estimado de leitura":"3 minutos"},"schema":{"@context":"https:\/\/schema.org","@graph":[{"@type":"WebPage","@id":"https:\/\/ingreenspain.es\/pt-pt\/contacto\/","url":"https:\/\/ingreenspain.es\/pt-pt\/contacto\/","name":"Contactar a Green Spain","isPartOf":{"@id":"https:\/\/ingreenspain.es\/pt-pt\/#website"},"datePublished":"2024-05-07T14:50:42+00:00","dateModified":"2024-06-18T17:38:04+00:00","description":"Contactar a equipa InGreenSpain.","breadcrumb":{"@id":"https:\/\/ingreenspain.es\/pt-pt\/contacto\/#breadcrumb"},"inLanguage":"pt-PT","potentialAction":[{"@type":"ReadAction","target":["https:\/\/ingreenspain.es\/pt-pt\/contacto\/"]}]},{"@type":"BreadcrumbList","@id":"https:\/\/ingreenspain.es\/pt-pt\/contacto\/#breadcrumb","itemListElement":[{"@type":"ListItem","position":1,"name":"Portada","item":"https:\/\/ingreenspain.es\/pt-pt\/"},{"@type":"ListItem","position":2,"name":"Contacto"}]},{"@type":"WebSite","@id":"https:\/\/ingreenspain.es\/pt-pt\/#website","url":"https:\/\/ingreenspain.es\/pt-pt\/","name":"Espa\u00f1a Verde","description":"O espirito do norte","publisher":{"@id":"https:\/\/ingreenspain.es\/pt-pt\/#organization"},"potentialAction":[{"@type":"SearchAction","target":{"@type":"EntryPoint","urlTemplate":"https:\/\/ingreenspain.es\/pt-pt\/?s={search_term_string}"},"query-input":{"@type":"PropertyValueSpecification","valueRequired":true,"valueName":"search_term_string"}}],"inLanguage":"pt-PT"},{"@type":"Organization","@id":"https:\/\/ingreenspain.es\/pt-pt\/#organization","name":"Espa\u00f1a Verde","url":"https:\/\/ingreenspain.es\/pt-pt\/","logo":{"@type":"ImageObject","inLanguage":"pt-PT","@id":"https:\/\/ingreenspain.es\/pt-pt\/#\/schema\/logo\/image\/","url":"https:\/\/ingreenspain.es\/wp-content\/uploads\/2024\/05\/logoEV.png","contentUrl":"https:\/\/ingreenspain.es\/wp-content\/uploads\/2024\/05\/logoEV.png","width":125,"height":40,"caption":"Espa\u00f1a Verde"},"image":{"@id":"https:\/\/ingreenspain.es\/pt-pt\/#\/schema\/logo\/image\/"},"sameAs":["https:\/\/www.facebook.com\/InGreenSpain","https:\/\/www.instagram.com\/ingreenspain","https:\/\/www.youtube.com\/@INGREENSPAIN"]}]}},"_links":{"self":[{"href":"https:\/\/ingreenspain.es\/pt-pt\/wp-json\/wp\/v2\/pages\/1602","targetHints":{"allow":["GET"]}}],"collection":[{"href":"https:\/\/ingreenspain.es\/pt-pt\/wp-json\/wp\/v2\/pages"}],"about":[{"href":"https:\/\/ingreenspain.es\/pt-pt\/wp-json\/wp\/v2\/types\/page"}],"author":[{"embeddable":true,"href":"https:\/\/ingreenspain.es\/pt-pt\/wp-json\/wp\/v2\/users\/1"}],"replies":[{"embeddable":true,"href":"https:\/\/ingreenspain.es\/pt-pt\/wp-json\/wp\/v2\/comments?post=1602"}],"version-history":[{"count":1,"href":"https:\/\/ingreenspain.es\/pt-pt\/wp-json\/wp\/v2\/pages\/1602\/revisions"}],"predecessor-version":[{"id":1603,"href":"https:\/\/ingreenspain.es\/pt-pt\/wp-json\/wp\/v2\/pages\/1602\/revisions\/1603"}],"wp:attachment":[{"href":"https:\/\/ingreenspain.es\/pt-pt\/wp-json\/wp\/v2\/media?parent=1602"}],"curies":[{"name":"wp","href":"https:\/\/api.w.org\/{rel}","templated":true}]}}