{"id":1620,"date":"2024-05-07T16:48:27","date_gmt":"2024-05-07T14:48:27","guid":{"rendered":"https:\/\/ingreenspain.es\/alojamento-slow-sleep\/"},"modified":"2024-06-18T19:44:21","modified_gmt":"2024-06-18T17:44:21","slug":"alojamento-slow-sleep","status":"publish","type":"page","link":"https:\/\/ingreenspain.es\/pt-pt\/alojamento-slow-sleep\/","title":{"rendered":"ALOJAMENTO SLOW SLEEP"},"content":{"rendered":"<section class=\"l-section wpb_row us_custom_99bf8f2d height_large\"><div class=\"l-section-h i-cf\"><div class=\"g-cols vc_row via_flex valign_top type_default stacking_default\"><div class=\"vc_col-sm-2\/5 wpb_column vc_column_container\"><div class=\"vc_column-inner\"><div class=\"wpb_wrapper\"><\/div><\/div><\/div><div class=\"vc_col-sm-3\/5 wpb_column vc_column_container\"><div class=\"vc_column-inner us_custom_42827c34\"><div class=\"vc_column-overlay\" style=\"background:rgba(47,53,59,0.9)\"><\/div><div class=\"wpb_wrapper\"><h1 class=\"w-text us_custom_f7f66005 palo-titular has_text_color us_animate_this\"><span class=\"w-text-h\"><span class=\"w-text-value\">VIAJAR, DORMIR, SONHAR<\/span><\/span><\/h1><div class=\"w-separator size_small\"><\/div><div class=\"wpb_text_column us_custom_17fe550a negrita-verde has_text_color us_animate_this\"><div class=\"wpb_wrapper\"><p>Dormir numa quinta do Pa\u00eds Basco com o sussurro das ondas do mar ao fundo e acordar com o canto dos galos? \u00c9 poss\u00edvel. Passar um fim de semana num antiga quinta asturiana e ler um livro \u00e0 sombra de uma das suas palmeiras? Quando quiser. Encontrar um parque de campismo junto ao mar depois de um dia inteiro de surf nas praias da Cant\u00e1bria? Contamos com v\u00e1rios. Descansar num balne\u00e1rio com mais de 100 anos de hist\u00f3ria numa ilha galega? S\u00f3 tem que escolher o dia. A experi\u00eancia de viagem s\u00f3 \u00e9 completa quando as horas de sono s\u00e3o mimadas, e na Espanha Verde somos especialistas em alojamentos encantadores em locais incr\u00edveis.<\/p>\n<\/div><\/div><div class=\"w-separator hide_on_mobiles size_medium\"><\/div><\/div><\/div><\/div><\/div><\/div><\/section><section class=\"l-section wpb_row height_medium\"><div class=\"l-section-h i-cf\"><div class=\"g-cols vc_row via_flex valign_top type_default stacking_default\"><div class=\"vc_col-sm-12 wpb_column vc_column_container\"><div class=\"vc_column-inner\"><div class=\"wpb_wrapper\"><div class=\"w-gallery fit_cover type_grid action_popup_image ratio_16x9 count_4\" style=\"--columns:4;--items-gap:10px;\"><div class=\"w-gallery-list\"><div class=\"w-gallery-item\"><div class=\"w-gallery-item-img\"><img loading=\"lazy\" decoding=\"async\" width=\"1280\" height=\"857\" src=\"https:\/\/ingreenspain.es\/wp-content\/uploads\/2024\/05\/Arbo-Galicia.jpg\" class=\"attachment-full size-full\" alt=\"\" srcset=\"https:\/\/ingreenspain.es\/wp-content\/uploads\/2024\/05\/Arbo-Galicia.jpg 1280w, https:\/\/ingreenspain.es\/wp-content\/uploads\/2024\/05\/Arbo-Galicia-300x201.jpg 300w, https:\/\/ingreenspain.es\/wp-content\/uploads\/2024\/05\/Arbo-Galicia-1024x686.jpg 1024w\" sizes=\"auto, (max-width: 1280px) 100vw, 1280px\" \/><\/div><a class=\"w-gallery-item-link\" aria-label=\"Arbo-Galicia\" href=\"https:\/\/ingreenspain.es\/wp-content\/uploads\/2024\/05\/Arbo-Galicia.jpg\"><\/a><\/div><div class=\"w-gallery-item\"><div class=\"w-gallery-item-img\"><img loading=\"lazy\" decoding=\"async\" width=\"1280\" height=\"850\" src=\"https:\/\/ingreenspain.es\/wp-content\/uploads\/2024\/05\/casa-las-palmeras-malleza-salas.jpg\" class=\"attachment-full size-full\" alt=\"\" srcset=\"https:\/\/ingreenspain.es\/wp-content\/uploads\/2024\/05\/casa-las-palmeras-malleza-salas.jpg 1280w, https:\/\/ingreenspain.es\/wp-content\/uploads\/2024\/05\/casa-las-palmeras-malleza-salas-300x199.jpg 300w, https:\/\/ingreenspain.es\/wp-content\/uploads\/2024\/05\/casa-las-palmeras-malleza-salas-1024x680.jpg 1024w\" sizes=\"auto, (max-width: 1280px) 100vw, 1280px\" \/><\/div><a class=\"w-gallery-item-link\" aria-label=\"casa-las-palmeras-malleza-salas\" href=\"https:\/\/ingreenspain.es\/wp-content\/uploads\/2024\/05\/casa-las-palmeras-malleza-salas.jpg\"><\/a><\/div><div class=\"w-gallery-item\"><div class=\"w-gallery-item-img\"><img loading=\"lazy\" decoding=\"async\" width=\"2000\" height=\"1333\" src=\"https:\/\/ingreenspain.es\/wp-content\/uploads\/2024\/05\/Belmonte-Cantabria.jpg\" class=\"attachment-full size-full\" alt=\"\" srcset=\"https:\/\/ingreenspain.es\/wp-content\/uploads\/2024\/05\/Belmonte-Cantabria.jpg 2000w, https:\/\/ingreenspain.es\/wp-content\/uploads\/2024\/05\/Belmonte-Cantabria-300x200.jpg 300w, https:\/\/ingreenspain.es\/wp-content\/uploads\/2024\/05\/Belmonte-Cantabria-1024x682.jpg 1024w\" sizes=\"auto, (max-width: 2000px) 100vw, 2000px\" \/><\/div><a class=\"w-gallery-item-link\" aria-label=\"Belmonte-Cantabria\" href=\"https:\/\/ingreenspain.es\/wp-content\/uploads\/2024\/05\/Belmonte-Cantabria.jpg\"><\/a><\/div><div class=\"w-gallery-item\"><div class=\"w-gallery-item-img\"><img loading=\"lazy\" decoding=\"async\" width=\"1280\" height=\"857\" src=\"https:\/\/ingreenspain.es\/wp-content\/uploads\/2024\/05\/Zumaia-Pais-Vasco.jpg\" class=\"attachment-full size-full\" alt=\"\" srcset=\"https:\/\/ingreenspain.es\/wp-content\/uploads\/2024\/05\/Zumaia-Pais-Vasco.jpg 1280w, https:\/\/ingreenspain.es\/wp-content\/uploads\/2024\/05\/Zumaia-Pais-Vasco-300x201.jpg 300w, https:\/\/ingreenspain.es\/wp-content\/uploads\/2024\/05\/Zumaia-Pais-Vasco-1024x686.jpg 1024w\" sizes=\"auto, (max-width: 1280px) 100vw, 1280px\" \/><\/div><a class=\"w-gallery-item-link\" aria-label=\"Zumaia-Pai\u0301s Vasco\" href=\"https:\/\/ingreenspain.es\/wp-content\/uploads\/2024\/05\/Zumaia-Pais-Vasco.jpg\"><\/a><\/div><\/div><\/div><\/div><\/div><\/div><\/div><\/div><\/section><section class=\"l-section wpb_row us_custom_fbb614b5 pegado-arriba height_medium\" id=\"Asturias\"><div class=\"l-section-h i-cf\"><div class=\"g-cols vc_row via_flex valign_top type_default stacking_default\"><div class=\"vc_col-sm-6 wpb_column vc_column_container\"><div class=\"vc_column-inner us_custom_56761b8e\"><div class=\"vc_column-overlay\" style=\"background:rgba(47,53,59,0.9)\"><\/div><div class=\"wpb_wrapper\"><div class=\"w-separator size_large\"><\/div><h2 class=\"w-text us_custom_f7f66005 palo-titular-arriba has_text_color us_animate_this\"><span class=\"w-text-h\"><span class=\"w-text-value\">COMPROMISSO COM A QUALIDADE<\/span><\/span><\/h2><div class=\"w-separator size_small\"><\/div><div class=\"wpb_text_column us_custom_679696aa negrita-verde has_text_color us_animate_this\"><div class=\"wpb_wrapper\"><p>Quer queira descobrir o campo ou a costa, ou queira viver a experi\u00eancia das \u00e1reas urbanas, a Espanha Verde tem uma vasta rede de hot\u00e9is, casas rurais, alojamentos encantadores, balne\u00e1rios e parques de campismo que lhe permitem alargar a sua experi\u00eancia de viagem, mesmo quando est\u00e1 a descansar. Sonhar \u00e9 tamb\u00e9m uma forma de viajar, da\u00ed a import\u00e2ncia da excel\u00eancia nas pernoitas e dos estabelecimentos certificados com a marca &#8220;Q Qualidade Tur\u00edstica&#8221;, dos quais a Espanha Verde tem quase cinquenta. Se \u00e9 um amante do design contempor\u00e2neo e das cidades modernas, Bilbau, Santander, Avil\u00e9s ou Vigo proporcionar-lhe-\u00e3o uma experi\u00eancia completa de turismo urbano.<\/p>\n<\/div><\/div><div class=\"w-separator size_large\"><\/div><\/div><\/div><\/div><div class=\"vc_col-sm-6 wpb_column vc_column_container\"><div class=\"vc_column-inner\"><div class=\"wpb_wrapper\"><\/div><\/div><\/div><\/div><\/div><\/section><section class=\"l-section wpb_row height_medium\"><div class=\"l-section-h i-cf\"><div class=\"g-cols vc_row via_flex valign_top type_default stacking_default\"><div class=\"vc_col-sm-12 wpb_column vc_column_container\"><div class=\"vc_column-inner\"><div class=\"wpb_wrapper\"><div class=\"w-gallery galeria-home fit_cover type_grid action_popup_image ratio_1x1 count_7\" style=\"--columns:4;--items-gap:15px;\"><div class=\"w-gallery-list\"><div class=\"w-gallery-item\"><div class=\"w-gallery-item-img\"><img loading=\"lazy\" decoding=\"async\" width=\"900\" height=\"600\" src=\"https:\/\/ingreenspain.es\/wp-content\/uploads\/2024\/05\/peregrino-carboeiro-900-600.jpg\" class=\"attachment-full size-full\" alt=\"https:\/\/ingreenspain.es\/pt-pt\/caminho-do-norte\/\" srcset=\"https:\/\/ingreenspain.es\/wp-content\/uploads\/2024\/05\/peregrino-carboeiro-900-600.jpg 900w, https:\/\/ingreenspain.es\/wp-content\/uploads\/2024\/05\/peregrino-carboeiro-900-600-300x200.jpg 300w\" sizes=\"auto, (max-width: 900px) 100vw, 900px\" \/><\/div><div class=\"w-gallery-item-meta\"><div class=\"w-gallery-item-title\">Caminho do Norte<\/div><\/div><a class=\"w-gallery-item-link\" aria-label=\"Caminho do Norte\" href=\"https:\/\/ingreenspain.es\/wp-content\/uploads\/2024\/05\/peregrino-carboeiro-900-600.jpg\" title=\"Caminho do Norte\"><\/a><\/div><div class=\"w-gallery-item\"><div class=\"w-gallery-item-img\"><img loading=\"lazy\" decoding=\"async\" width=\"1000\" height=\"650\" src=\"https:\/\/ingreenspain.es\/wp-content\/uploads\/2024\/05\/euskadi2-zoom.jpg\" class=\"attachment-full size-full\" alt=\"https:\/\/ingreenspain.es\/pt-pt\/surf\/\" srcset=\"https:\/\/ingreenspain.es\/wp-content\/uploads\/2024\/05\/euskadi2-zoom.jpg 1000w, https:\/\/ingreenspain.es\/wp-content\/uploads\/2024\/05\/euskadi2-zoom-300x195.jpg 300w\" sizes=\"auto, (max-width: 1000px) 100vw, 1000px\" \/><\/div><div class=\"w-gallery-item-meta\"><div class=\"w-gallery-item-title\">Surf<\/div><\/div><a class=\"w-gallery-item-link\" aria-label=\"Surf\" href=\"https:\/\/ingreenspain.es\/wp-content\/uploads\/2024\/05\/euskadi2-zoom.jpg\" title=\"Surf\"><\/a><\/div><div class=\"w-gallery-item\"><div class=\"w-gallery-item-img\"><img loading=\"lazy\" decoding=\"async\" width=\"900\" height=\"598\" src=\"https:\/\/ingreenspain.es\/wp-content\/uploads\/2024\/05\/asturias-paisaje.jpg\" class=\"attachment-full size-full\" alt=\"https:\/\/ingreenspain.es\/pt-pt\/natureza-ecoturismo\/\" srcset=\"https:\/\/ingreenspain.es\/wp-content\/uploads\/2024\/05\/asturias-paisaje.jpg 900w, https:\/\/ingreenspain.es\/wp-content\/uploads\/2024\/05\/asturias-paisaje-300x199.jpg 300w\" sizes=\"auto, (max-width: 900px) 100vw, 900px\" \/><\/div><div class=\"w-gallery-item-meta\"><div class=\"w-gallery-item-title\">Natureza e ecoturismo<\/div><\/div><a class=\"w-gallery-item-link\" aria-label=\"Natureza e ecoturismo\" href=\"https:\/\/ingreenspain.es\/wp-content\/uploads\/2024\/05\/asturias-paisaje.jpg\" title=\"Natureza e ecoturismo\"><\/a><\/div><div class=\"w-gallery-item\"><div class=\"w-gallery-item-img\"><img loading=\"lazy\" decoding=\"async\" width=\"1000\" height=\"650\" src=\"https:\/\/ingreenspain.es\/wp-content\/uploads\/2024\/05\/palloza-gallega.jpg\" class=\"attachment-full size-full\" alt=\"https:\/\/ingreenspain.es\/pt-pt\/cidades-e-patrimonio\/\" srcset=\"https:\/\/ingreenspain.es\/wp-content\/uploads\/2024\/05\/palloza-gallega.jpg 1000w, https:\/\/ingreenspain.es\/wp-content\/uploads\/2024\/05\/palloza-gallega-300x195.jpg 300w\" sizes=\"auto, (max-width: 1000px) 100vw, 1000px\" \/><\/div><div class=\"w-gallery-item-meta\"><div class=\"w-gallery-item-title\">Cidades e Patrim\u00f3nio<\/div><\/div><a class=\"w-gallery-item-link\" aria-label=\"Cidades e Patrim\u00f3nio\" href=\"https:\/\/ingreenspain.es\/wp-content\/uploads\/2024\/05\/palloza-gallega.jpg\" title=\"Cidades e Patrim\u00f3nio\"><\/a><\/div><div class=\"w-gallery-item\"><div class=\"w-gallery-item-img\"><img loading=\"lazy\" decoding=\"async\" width=\"1000\" height=\"650\" src=\"https:\/\/ingreenspain.es\/wp-content\/uploads\/2024\/06\/galeria-euskadi-2.jpeg\" class=\"attachment-full size-full\" alt=\"https:\/\/ingreenspain.es\/pt-pt\/enogastronomia\/\" srcset=\"https:\/\/ingreenspain.es\/wp-content\/uploads\/2024\/06\/galeria-euskadi-2.jpeg 1000w, https:\/\/ingreenspain.es\/wp-content\/uploads\/2024\/06\/galeria-euskadi-2-300x195.jpeg 300w\" sizes=\"auto, (max-width: 1000px) 100vw, 1000px\" \/><\/div><div class=\"w-gallery-item-meta\"><div class=\"w-gallery-item-title\">Enogastronomia<\/div><\/div><a class=\"w-gallery-item-link\" aria-label=\"Enogastronomia\" href=\"https:\/\/ingreenspain.es\/wp-content\/uploads\/2024\/06\/galeria-euskadi-2.jpeg\" title=\"Enogastronomia\"><\/a><\/div><div class=\"w-gallery-item\"><div class=\"w-gallery-item-img\"><img loading=\"lazy\" decoding=\"async\" width=\"900\" height=\"593\" src=\"https:\/\/ingreenspain.es\/wp-content\/uploads\/2024\/05\/salon-chimenea.jpg\" class=\"attachment-full size-full\" alt=\"https:\/\/ingreenspain.es\/pt-pt\/alojamento-slow-sleep\/\" srcset=\"https:\/\/ingreenspain.es\/wp-content\/uploads\/2024\/05\/salon-chimenea.jpg 900w, https:\/\/ingreenspain.es\/wp-content\/uploads\/2024\/05\/salon-chimenea-300x198.jpg 300w\" sizes=\"auto, (max-width: 900px) 100vw, 900px\" \/><\/div><div class=\"w-gallery-item-meta\"><div class=\"w-gallery-item-title\">Slow Sleep<\/div><\/div><a class=\"w-gallery-item-link\" aria-label=\"Slow Sleep\" href=\"https:\/\/ingreenspain.es\/wp-content\/uploads\/2024\/05\/salon-chimenea.jpg\" title=\"Slow Sleep\"><\/a><\/div><div class=\"w-gallery-item\"><div class=\"w-gallery-item-img\"><img loading=\"lazy\" decoding=\"async\" width=\"900\" height=\"593\" src=\"https:\/\/ingreenspain.es\/wp-content\/uploads\/2024\/05\/la-gran-ruta-galeria.jpg\" class=\"attachment-full size-full\" alt=\"https:\/\/ingreenspain.es\/pt-pt\/grande-rota\/\" srcset=\"https:\/\/ingreenspain.es\/wp-content\/uploads\/2024\/05\/la-gran-ruta-galeria.jpg 900w, https:\/\/ingreenspain.es\/wp-content\/uploads\/2024\/05\/la-gran-ruta-galeria-300x198.jpg 300w\" sizes=\"auto, (max-width: 900px) 100vw, 900px\" \/><\/div><div class=\"w-gallery-item-meta\"><div class=\"w-gallery-item-title\">Grande Rota<\/div><\/div><a class=\"w-gallery-item-link\" aria-label=\"Grande Rota\" href=\"https:\/\/ingreenspain.es\/wp-content\/uploads\/2024\/05\/la-gran-ruta-galeria.jpg\" title=\"Grande Rota\"><\/a><\/div><\/div><\/div><\/div><\/div><\/div><\/div><\/div><\/section>\n<section class=\"l-section wpb_row prefooter height_medium\"><div class=\"l-section-h i-cf\"><div class=\"g-cols vc_row via_flex valign_top type_default stacking_default\"><div class=\"vc_col-sm-12 wpb_column vc_column_container has_bg_color\"><div class=\"vc_column-inner us_custom_057801f8\"><div class=\"wpb_wrapper\"><div class=\"w-separator size_small\"><\/div><div class=\"w-hwrapper us_custom_eb849559 valign_top wrap stack_on_mobiles align_center\" style=\"--hwrapper-gap:1.5rem\"><div class=\"w-image us_custom_a518f36e us_animate_this align_center\"><div class=\"w-image-h\"><img decoding=\"async\" width=\"250\" height=\"190\" src=\"https:\/\/ingreenspain.es\/wp-content\/uploads\/2024\/05\/mapa-SP-small.png\" class=\"attachment-full size-full\" alt=\"\" loading=\"lazy\" \/><\/div><\/div><div class=\"w-html\"><img decoding=\"async\" src=\"https:\/\/ingreenspain.es\/wp-content\/uploads\/2024\/05\/mapa-EV.png\" usemap=\"#image-map\"><map name=\"image-map\">\n    <area alt=\"Galiza\" title=\"Galiza\" href=\"https:\/\/www.ingreenspain.es\/pt-pt\/#Galicia\" coords=\"85,7,60,13,44,30,25,38,1,58,12,76,21,100,23,123,25,143,61,132,72,146,112,146,131,132,140,107,133,68,128,43,121,18,98,7\" shape=\"poly\">\n    <area target=\"\" alt=\"Ast\u00farias\" title=\"Ast\u00farias\" href=\"https:\/\/www.ingreenspain.es\/pt-pt\/#Asturias\" coords=\"128,18,118,31,127,50,137,63,154,65,171,59,200,58,233,52,247,42,263,34,230,22,195,12\" shape=\"poly\">\n    <area target=\"\" alt=\"Cant\u00e1bria\" title=\"Cant\u00e1bria\" href=\"https:\/\/ingreenspain.es\/pt-pt\/#Cantabria\" coords=\"247,46,275,33,305,25,333,30,338,40,319,49,304,54,298,65,297,75,289,76,250,58\" shape=\"poly\">\n    <area target=\"\" alt=\"Euskadi\" title=\"Euskadi\" href=\"https:\/\/ingreenspain.es\/pt-pt\/#Euskadi\" coords=\"342,38,327,43,344,62,336,73,372,99,384,99,397,69,415,45,419,32,360,29\" shape=\"poly\">\n\n<\/map><\/div><div usemap=\"#workmap\" class=\"w-image us_custom_2c2c32a0 us_animate_this hide_on_default hide_on_laptops hide_on_tablets hide_on_mobiles align_center\"><div class=\"w-image-h\"><img decoding=\"async\" width=\"420\" height=\"150\" src=\"https:\/\/ingreenspain.es\/wp-content\/uploads\/2024\/05\/mapa-EV.png\" class=\"attachment-full size-full\" alt=\"\" loading=\"lazy\" srcset=\"https:\/\/ingreenspain.es\/wp-content\/uploads\/2024\/05\/mapa-EV.png 420w, https:\/\/ingreenspain.es\/wp-content\/uploads\/2024\/05\/mapa-EV-300x107.png 300w\" sizes=\"auto, (max-width: 420px) 100vw, 420px\" \/><\/div><\/div><div class=\"w-socials us_custom_cc1760fe has_text_color us_animate_this color_text shape_circle style_colored hover_fade\" style=\"--gap:0.5em;\"><div class=\"w-socials-list\"><div class=\"w-socials-item facebook\"><a href=\"https:\/\/www.facebook.com\/InGreenSpain\" class=\"w-socials-item-link\" aria-label=\"Facebook\"><span class=\"w-socials-item-link-hover\"><\/span><i class=\"fab fa-facebook\"><\/i><\/a><div class=\"w-socials-item-popup\"><span>Facebook<\/span><\/div><\/div><div class=\"w-socials-item instagram\"><a href=\"https:\/\/www.instagram.com\/ingreenspain\" class=\"w-socials-item-link\" aria-label=\"Instagram\"><span class=\"w-socials-item-link-hover\"><\/span><i class=\"fab fa-instagram\"><\/i><\/a><div class=\"w-socials-item-popup\"><span>Instagram<\/span><\/div><\/div><\/div><\/div><\/div><div class=\"w-separator size_medium with_line width_default thick_1 style_solid color_border align_center\"><div class=\"w-separator-h\"><\/div><\/div><h3 class=\"w-text us_custom_7ffc40f7 has_text_color\"><span class=\"w-text-h\"><span class=\"w-text-value\">Contacto<\/span><\/span><\/h3><div class=\"w-text us_custom_025665fb icon_atleft\"><a href=\"mailto:info@ingreenspain.es\" class=\"w-text-h\"><i class=\"fas fa-envelope\"><\/i><span class=\"w-text-value\">info@ingreenspain.es<\/span><\/a><\/div><\/div><\/div><\/div><\/div><\/div><\/section>\n\n","protected":false},"excerpt":{"rendered":"VIAJAR, DORMIR, SONHARDormir numa quinta do Pa\u00eds Basco com o sussurro das ondas do mar ao fundo e acordar com o canto dos galos? \u00c9 poss\u00edvel. Passar um fim de semana num antiga quinta asturiana e ler um livro \u00e0 sombra de uma das suas palmeiras? Quando quiser. Encontrar um parque de campismo junto ao...","protected":false},"author":1,"featured_media":0,"parent":0,"menu_order":0,"comment_status":"closed","ping_status":"closed","template":"","meta":{"_acf_changed":false,"footnotes":""},"class_list":["post-1620","page","type-page","status-publish","hentry"],"acf":[],"yoast_head":"<!-- This site is optimized with the Yoast SEO plugin v27.3 - https:\/\/yoast.com\/product\/yoast-seo-wordpress\/ -->\n<title>Alojamento Slow Sleep na Espanha Verde: descanso e natureza<\/title>\n<meta name=\"description\" content=\"Experimente o Slow Sleep na Gal\u00edcia, Ast\u00farias, Cant\u00e1bria e Euskadi. Acomoda\u00e7\u00f5es que garantem um descanso profundo em ambientes tranquilos e naturais, perfeitos para relaxar e descontrair.\" \/>\n<meta name=\"robots\" content=\"index, follow, max-snippet:-1, max-image-preview:large, max-video-preview:-1\" \/>\n<link rel=\"canonical\" href=\"https:\/\/ingreenspain.es\/pt-pt\/alojamento-slow-sleep\/\" \/>\n<meta property=\"og:locale\" content=\"pt_PT\" \/>\n<meta property=\"og:type\" content=\"article\" \/>\n<meta property=\"og:title\" content=\"Alojamento Slow Sleep na Espanha Verde: descanso e natureza\" \/>\n<meta property=\"og:description\" content=\"Experimente o Slow Sleep na Gal\u00edcia, Ast\u00farias, Cant\u00e1bria e Euskadi. Acomoda\u00e7\u00f5es que garantem um descanso profundo em ambientes tranquilos e naturais, perfeitos para relaxar e descontrair.\" \/>\n<meta property=\"og:url\" content=\"https:\/\/ingreenspain.es\/pt-pt\/alojamento-slow-sleep\/\" \/>\n<meta property=\"og:site_name\" content=\"Espanha Verde\" \/>\n<meta property=\"article:publisher\" content=\"https:\/\/www.facebook.com\/InGreenSpain\" \/>\n<meta property=\"article:modified_time\" content=\"2024-06-18T17:44:21+00:00\" \/>\n<meta name=\"twitter:card\" content=\"summary_large_image\" \/>\n<meta name=\"twitter:label1\" content=\"Tempo estimado de leitura\" \/>\n\t<meta name=\"twitter:data1\" content=\"4 minutos\" \/>\n<script type=\"application\/ld+json\" class=\"yoast-schema-graph\">{\"@context\":\"https:\\\/\\\/schema.org\",\"@graph\":[{\"@type\":\"WebPage\",\"@id\":\"https:\\\/\\\/ingreenspain.es\\\/pt-pt\\\/alojamento-slow-sleep\\\/\",\"url\":\"https:\\\/\\\/ingreenspain.es\\\/pt-pt\\\/alojamento-slow-sleep\\\/\",\"name\":\"Alojamento Slow Sleep na Espanha Verde: descanso e natureza\",\"isPartOf\":{\"@id\":\"https:\\\/\\\/ingreenspain.es\\\/pt-pt\\\/#website\"},\"datePublished\":\"2024-05-07T14:48:27+00:00\",\"dateModified\":\"2024-06-18T17:44:21+00:00\",\"description\":\"Experimente o Slow Sleep na Gal\u00edcia, Ast\u00farias, Cant\u00e1bria e Euskadi. Acomoda\u00e7\u00f5es que garantem um descanso profundo em ambientes tranquilos e naturais, perfeitos para relaxar e descontrair.\",\"breadcrumb\":{\"@id\":\"https:\\\/\\\/ingreenspain.es\\\/pt-pt\\\/alojamento-slow-sleep\\\/#breadcrumb\"},\"inLanguage\":\"pt-PT\",\"potentialAction\":[{\"@type\":\"ReadAction\",\"target\":[\"https:\\\/\\\/ingreenspain.es\\\/pt-pt\\\/alojamento-slow-sleep\\\/\"]}]},{\"@type\":\"BreadcrumbList\",\"@id\":\"https:\\\/\\\/ingreenspain.es\\\/pt-pt\\\/alojamento-slow-sleep\\\/#breadcrumb\",\"itemListElement\":[{\"@type\":\"ListItem\",\"position\":1,\"name\":\"Portada\",\"item\":\"https:\\\/\\\/ingreenspain.es\\\/pt-pt\\\/\"},{\"@type\":\"ListItem\",\"position\":2,\"name\":\"ALOJAMENTO SLOW SLEEP\"}]},{\"@type\":\"WebSite\",\"@id\":\"https:\\\/\\\/ingreenspain.es\\\/pt-pt\\\/#website\",\"url\":\"https:\\\/\\\/ingreenspain.es\\\/pt-pt\\\/\",\"name\":\"Espa\u00f1a Verde\",\"description\":\"O espirito do norte\",\"publisher\":{\"@id\":\"https:\\\/\\\/ingreenspain.es\\\/pt-pt\\\/#organization\"},\"potentialAction\":[{\"@type\":\"SearchAction\",\"target\":{\"@type\":\"EntryPoint\",\"urlTemplate\":\"https:\\\/\\\/ingreenspain.es\\\/pt-pt\\\/?s={search_term_string}\"},\"query-input\":{\"@type\":\"PropertyValueSpecification\",\"valueRequired\":true,\"valueName\":\"search_term_string\"}}],\"inLanguage\":\"pt-PT\"},{\"@type\":\"Organization\",\"@id\":\"https:\\\/\\\/ingreenspain.es\\\/pt-pt\\\/#organization\",\"name\":\"Espa\u00f1a Verde\",\"url\":\"https:\\\/\\\/ingreenspain.es\\\/pt-pt\\\/\",\"logo\":{\"@type\":\"ImageObject\",\"inLanguage\":\"pt-PT\",\"@id\":\"https:\\\/\\\/ingreenspain.es\\\/pt-pt\\\/#\\\/schema\\\/logo\\\/image\\\/\",\"url\":\"https:\\\/\\\/ingreenspain.es\\\/wp-content\\\/uploads\\\/2024\\\/05\\\/logoEV.png\",\"contentUrl\":\"https:\\\/\\\/ingreenspain.es\\\/wp-content\\\/uploads\\\/2024\\\/05\\\/logoEV.png\",\"width\":125,\"height\":40,\"caption\":\"Espa\u00f1a Verde\"},\"image\":{\"@id\":\"https:\\\/\\\/ingreenspain.es\\\/pt-pt\\\/#\\\/schema\\\/logo\\\/image\\\/\"},\"sameAs\":[\"https:\\\/\\\/www.facebook.com\\\/InGreenSpain\",\"https:\\\/\\\/www.instagram.com\\\/ingreenspain\",\"https:\\\/\\\/www.youtube.com\\\/@INGREENSPAIN\"]}]}<\/script>\n<!-- \/ Yoast SEO plugin. -->","yoast_head_json":{"title":"Alojamento Slow Sleep na Espanha Verde: descanso e natureza","description":"Experimente o Slow Sleep na Gal\u00edcia, Ast\u00farias, Cant\u00e1bria e Euskadi. Acomoda\u00e7\u00f5es que garantem um descanso profundo em ambientes tranquilos e naturais, perfeitos para relaxar e descontrair.","robots":{"index":"index","follow":"follow","max-snippet":"max-snippet:-1","max-image-preview":"max-image-preview:large","max-video-preview":"max-video-preview:-1"},"canonical":"https:\/\/ingreenspain.es\/pt-pt\/alojamento-slow-sleep\/","og_locale":"pt_PT","og_type":"article","og_title":"Alojamento Slow Sleep na Espanha Verde: descanso e natureza","og_description":"Experimente o Slow Sleep na Gal\u00edcia, Ast\u00farias, Cant\u00e1bria e Euskadi. Acomoda\u00e7\u00f5es que garantem um descanso profundo em ambientes tranquilos e naturais, perfeitos para relaxar e descontrair.","og_url":"https:\/\/ingreenspain.es\/pt-pt\/alojamento-slow-sleep\/","og_site_name":"Espanha Verde","article_publisher":"https:\/\/www.facebook.com\/InGreenSpain","article_modified_time":"2024-06-18T17:44:21+00:00","twitter_card":"summary_large_image","twitter_misc":{"Tempo estimado de leitura":"4 minutos"},"schema":{"@context":"https:\/\/schema.org","@graph":[{"@type":"WebPage","@id":"https:\/\/ingreenspain.es\/pt-pt\/alojamento-slow-sleep\/","url":"https:\/\/ingreenspain.es\/pt-pt\/alojamento-slow-sleep\/","name":"Alojamento Slow Sleep na Espanha Verde: descanso e natureza","isPartOf":{"@id":"https:\/\/ingreenspain.es\/pt-pt\/#website"},"datePublished":"2024-05-07T14:48:27+00:00","dateModified":"2024-06-18T17:44:21+00:00","description":"Experimente o Slow Sleep na Gal\u00edcia, Ast\u00farias, Cant\u00e1bria e Euskadi. Acomoda\u00e7\u00f5es que garantem um descanso profundo em ambientes tranquilos e naturais, perfeitos para relaxar e descontrair.","breadcrumb":{"@id":"https:\/\/ingreenspain.es\/pt-pt\/alojamento-slow-sleep\/#breadcrumb"},"inLanguage":"pt-PT","potentialAction":[{"@type":"ReadAction","target":["https:\/\/ingreenspain.es\/pt-pt\/alojamento-slow-sleep\/"]}]},{"@type":"BreadcrumbList","@id":"https:\/\/ingreenspain.es\/pt-pt\/alojamento-slow-sleep\/#breadcrumb","itemListElement":[{"@type":"ListItem","position":1,"name":"Portada","item":"https:\/\/ingreenspain.es\/pt-pt\/"},{"@type":"ListItem","position":2,"name":"ALOJAMENTO SLOW SLEEP"}]},{"@type":"WebSite","@id":"https:\/\/ingreenspain.es\/pt-pt\/#website","url":"https:\/\/ingreenspain.es\/pt-pt\/","name":"Espa\u00f1a Verde","description":"O espirito do norte","publisher":{"@id":"https:\/\/ingreenspain.es\/pt-pt\/#organization"},"potentialAction":[{"@type":"SearchAction","target":{"@type":"EntryPoint","urlTemplate":"https:\/\/ingreenspain.es\/pt-pt\/?s={search_term_string}"},"query-input":{"@type":"PropertyValueSpecification","valueRequired":true,"valueName":"search_term_string"}}],"inLanguage":"pt-PT"},{"@type":"Organization","@id":"https:\/\/ingreenspain.es\/pt-pt\/#organization","name":"Espa\u00f1a Verde","url":"https:\/\/ingreenspain.es\/pt-pt\/","logo":{"@type":"ImageObject","inLanguage":"pt-PT","@id":"https:\/\/ingreenspain.es\/pt-pt\/#\/schema\/logo\/image\/","url":"https:\/\/ingreenspain.es\/wp-content\/uploads\/2024\/05\/logoEV.png","contentUrl":"https:\/\/ingreenspain.es\/wp-content\/uploads\/2024\/05\/logoEV.png","width":125,"height":40,"caption":"Espa\u00f1a Verde"},"image":{"@id":"https:\/\/ingreenspain.es\/pt-pt\/#\/schema\/logo\/image\/"},"sameAs":["https:\/\/www.facebook.com\/InGreenSpain","https:\/\/www.instagram.com\/ingreenspain","https:\/\/www.youtube.com\/@INGREENSPAIN"]}]}},"_links":{"self":[{"href":"https:\/\/ingreenspain.es\/pt-pt\/wp-json\/wp\/v2\/pages\/1620","targetHints":{"allow":["GET"]}}],"collection":[{"href":"https:\/\/ingreenspain.es\/pt-pt\/wp-json\/wp\/v2\/pages"}],"about":[{"href":"https:\/\/ingreenspain.es\/pt-pt\/wp-json\/wp\/v2\/types\/page"}],"author":[{"embeddable":true,"href":"https:\/\/ingreenspain.es\/pt-pt\/wp-json\/wp\/v2\/users\/1"}],"replies":[{"embeddable":true,"href":"https:\/\/ingreenspain.es\/pt-pt\/wp-json\/wp\/v2\/comments?post=1620"}],"version-history":[{"count":2,"href":"https:\/\/ingreenspain.es\/pt-pt\/wp-json\/wp\/v2\/pages\/1620\/revisions"}],"predecessor-version":[{"id":1622,"href":"https:\/\/ingreenspain.es\/pt-pt\/wp-json\/wp\/v2\/pages\/1620\/revisions\/1622"}],"wp:attachment":[{"href":"https:\/\/ingreenspain.es\/pt-pt\/wp-json\/wp\/v2\/media?parent=1620"}],"curies":[{"name":"wp","href":"https:\/\/api.w.org\/{rel}","templated":true}]}}