{"id":1629,"date":"2024-05-07T16:51:22","date_gmt":"2024-05-07T14:51:22","guid":{"rendered":"https:\/\/ingreenspain.es\/?page_id=1629"},"modified":"2024-06-18T19:51:32","modified_gmt":"2024-06-18T17:51:32","slug":"politica-de-cookies","status":"publish","type":"page","link":"https:\/\/ingreenspain.es\/pt-pt\/politica-de-cookies\/","title":{"rendered":"Pol\u00edtica de cookies"},"content":{"rendered":"<section class=\"l-section wpb_row us_custom_3f876beb height_large\" id=\"legales\"><div class=\"l-section-h i-cf\"><div class=\"g-cols vc_row via_flex valign_top type_default stacking_default\"><div class=\"vc_col-sm-12 wpb_column vc_column_container\"><div class=\"vc_column-inner us_custom_a204b8b6\"><div class=\"vc_column-overlay\" style=\"background:rgba(47,53,59,0.9)\"><\/div><div class=\"wpb_wrapper\"><h1 class=\"w-text us_custom_8b3d6790 has_text_color\"><span class=\"w-text-h\"><span class=\"w-text-value\">Pol\u00edtica de cookies<\/span><\/span><\/h1><div class=\"w-separator size_medium\"><\/div><div class=\"w-image align_center\"><div class=\"w-image-h\"><img decoding=\"async\" width=\"422\" height=\"159\" src=\"https:\/\/ingreenspain.es\/wp-content\/uploads\/2024\/05\/logoEVGrande-PT.png\" class=\"attachment-full size-full\" alt=\"\" loading=\"lazy\" srcset=\"https:\/\/ingreenspain.es\/wp-content\/uploads\/2024\/05\/logoEVGrande-PT.png 422w, https:\/\/ingreenspain.es\/wp-content\/uploads\/2024\/05\/logoEVGrande-PT-300x113.png 300w\" sizes=\"auto, (max-width: 422px) 100vw, 422px\" \/><\/div><\/div><div class=\"w-separator size_medium\"><\/div><div class=\"wpb_text_column us_custom_8b3d6790 has_text_color\"><div class=\"wpb_wrapper\"><p class=\"c-feature-15-desc c-font-justify c-font-white wow animate fadeInLeft\">A presente pol\u00edtica de cookies tem como finalidade inform\u00e1-lo de forma clara e precisa sobre os cookies utilizados na p\u00e1gina web da Espanha Verde.<\/p>\n<h2 class=\"c-feature-15-title c-font-20 c-font-bold c-font-uppercase c-theme-border c-font-white\">O QUE S\u00c3O OS COOKIES?<\/h2>\n<p class=\"c-feature-15-desc c-font-justify c-font-white wow animate fadeInLeft\">Um\u00a0<span class=\"c-font-ev c-font-bold\">Cookie<\/span>\u00a0\u00e9 um pequeno fragmento de texto que os websites que visita enviam ao navegador e que permite que o website recorde informa\u00e7\u00f5es sobre a sua visita, como o seu idioma preferido e outras op\u00e7\u00f5es, com o fim de facilitar a sua pr\u00f3xima visita e fazer com que o website lhe seja mais \u00fatil. Os cookies desempenham um papel muito importante e contribuem para uma melhor experi\u00eancia de navega\u00e7\u00e3o para o utilizador.<\/p>\n<p>A maioria dos navegadores normalmente aceitam cookies e, de forma independente destes, permitem ou impedem, nos ajustes de seguran\u00e7a, os cookies tempor\u00e1rios ou memorizados.<\/p>\n<h2 class=\"c-feature-15-title c-font-20 c-font-bold c-font-uppercase c-theme-border c-font-white\">TIPOS DE COOKIES?<\/h2>\n<h3 class=\"c-feature-15-desc c-font-justify c-font-white wow animate fadeInLeft\"><span class=\"c-font-ev c-font-bold\">Cookies t\u00e9cnicos:<\/span><\/h3>\n<p class=\"c-feature-15-desc c-font-justify c-font-white wow animate fadeInLeft\">S\u00e3o os que permitem ao utilizador a navega\u00e7\u00e3o atrav\u00e9s de uma p\u00e1gina web, plataforma ou aplica\u00e7\u00e3o e a utiliza\u00e7\u00e3o das diferentes op\u00e7\u00f5es ou servi\u00e7os que nela existam como, por exemplo, controlar o tr\u00e1fego e a comunica\u00e7\u00e3o de dados, identificar a sess\u00e3o, aceder a sec\u00e7\u00f5es de acesso restrito, recordar os elementos que integram uma encomenda, realizar o processo de compra de uma encomenda, fazer o pedido de inscri\u00e7\u00e3o ou participa\u00e7\u00e3o num evento, utilizar elementos de seguran\u00e7a durante a navega\u00e7\u00e3o, armazenar conte\u00fados para a difus\u00e3o de v\u00eddeos ou som ou partilhar conte\u00fados atrav\u00e9s de redes sociais.<\/p>\n<h3 class=\"c-feature-15-desc c-font-justify c-font-white wow animate fadeInLeft\"><span class=\"c-font-ev c-font-bold\">Cookies de personaliza\u00e7\u00e3o:<\/span><\/h3>\n<p class=\"c-feature-15-desc c-font-justify c-font-white wow animate fadeInLeft\">S\u00e3o os que permitem ao utilizador aceder ao servi\u00e7o com algumas caracter\u00edsticas de car\u00e1cter geral predefinidas em fun\u00e7\u00e3o de uma s\u00e9rie de crit\u00e9rios no terminal do utilizador, como, por exemplo, o idioma, o tipo de navegador atrav\u00e9s do qual acede ao servi\u00e7o, a configura\u00e7\u00e3o regional de onde acede ao servi\u00e7o, etc.<\/p>\n<h3 class=\"c-feature-15-desc c-font-justify c-font-white wow animate fadeInLeft\"><span class=\"c-font-ev c-font-bold\">Cookies de an\u00e1lise:<\/span><\/h3>\n<p class=\"c-feature-15-desc c-font-justify c-font-white wow animate fadeInLeft\">S\u00e3o os que permitem ao respons\u00e1vel pelos mesmos o seguimento e an\u00e1lise do comportamento dos utilizadores dos websites a que est\u00e3o vinculados. As informa\u00e7\u00f5es recolhidas atrav\u00e9s deste tipo de cookies s\u00e3o utilizadas na medi\u00e7\u00e3o da atividade dos websites, aplica\u00e7\u00e3o ou plataforma e para a elabora\u00e7\u00e3o de perfis de navega\u00e7\u00e3o dos utilizadores dos referidos websites, aplica\u00e7\u00f5es e plataformas, com o fim de introduzir melhorias em fun\u00e7\u00e3o da an\u00e1lise dos dados de utiliza\u00e7\u00e3o que fazem os utilizadores do servi\u00e7o.<\/p>\n<h3 class=\"c-feature-15-desc c-font-justify c-font-white wow animate fadeInLeft\"><span class=\"c-font-ev c-font-bold\">Cookies publicit\u00e1rios:<\/span><\/h3>\n<p class=\"c-feature-15-desc c-font-justify c-font-white wow animate fadeInLeft\">S\u00e3o os que permitem a gest\u00e3o, da forma mais eficaz poss\u00edvel, dos espa\u00e7os publicit\u00e1rios que, se for esse o casso, o editor tenha inclu\u00eddo numa p\u00e1gina web, aplica\u00e7\u00e3o ou plataforma a partir da qual presta o servi\u00e7o solicitado, com base em crit\u00e9rios como o conte\u00fado editado ou a frequ\u00eancia em que s\u00e3o mostrados os an\u00fancios.<\/p>\n<h2 class=\"c-feature-15-title c-font-20 c-font-bold c-font-uppercase c-theme-border c-font-white\">QUE TIPO DE COOKIES S\u00c3O UTILIZADOS NESTA P\u00c1GINA WEB?<\/h2>\n<p class=\"c-feature-15-desc c-font-justify c-font-white wow animate fadeInLeft\">Em seguida \u00e9 mostrada uma tabela com os Cookies utilizados neste website:<\/p>\n<div class=\"table-responsive wow animate fadeIn\" data-wow-delay=\"0.3s\">\n<table class=\"table table-bordered c-font-white\">\n<thead>\n<tr>\n<th class=\"c-font-white c-font-center\">COOKIE<\/th>\n<th class=\"c-font-white c-font-center\">DOM\u00cdNIO<\/th>\n<th class=\"c-font-white c-font-center\">FORNECEDOR<\/th>\n<th class=\"c-font-white c-font-center\">FINALIDADE<\/th>\n<th class=\"c-font-white c-font-center\">CADUCIDADE<\/th>\n<\/tr>\n<\/thead>\n<tbody>\n<tr>\n<th scope=\"row\">_ga<\/th>\n<td>.ingreenspain.es<\/td>\n<td>Google Analytics<\/td>\n<td>Recolher e unificar em relat\u00f3rios estat\u00edsticos sobre o tr\u00e1fego de cada website, p\u00fablico total, visitas a p\u00e1ginas concretas, seguimento de cliques sobre determinadas partes do site, etc.<\/td>\n<td>2 anos<\/td>\n<\/tr>\n<tr>\n<th scope=\"row\">_gat_gtag_UA_120359511_1<\/th>\n<td>.ingreenspain.es<\/td>\n<td>Google Analytics<\/td>\n<td>Recolher e unificar em relat\u00f3rios estat\u00edsticos sobre o tr\u00e1fego de cada website, p\u00fablico total, visitas a p\u00e1ginas concretas, seguimento de cliques sobre determinadas partes do site, etc.<\/td>\n<td>Sess\u00e3o<\/td>\n<\/tr>\n<tr>\n<th scope=\"row\">_gid<\/th>\n<td>.ingreenspain.es<\/td>\n<td>Google Analytics<\/td>\n<td>Recolher e unificar em relat\u00f3rios estat\u00edsticos sobre o tr\u00e1fego de cada website, p\u00fablico total, visitas a p\u00e1ginas concretas, seguimento de cliques sobre determinadas partes do site, etc.<\/td>\n<td>1 dia<\/td>\n<\/tr>\n<tr>\n<th scope=\"row\">CookiesAceptYes<\/th>\n<td>www.ingreenspain.es<\/td>\n<td>Pr\u00f3prios<\/td>\n<td>Aceita\u00e7ao dos cookies<\/td>\n<td>Anual<\/td>\n<\/tr>\n<tr>\n<th scope=\"row\">clang<\/th>\n<td>www.ingreenspain.es<\/td>\n<td>Pr\u00f3prios<\/td>\n<td>Informa\u00e7\u00e3o referente ao idioma da sess\u00e3o.<\/td>\n<td>7 meses<\/td>\n<\/tr>\n<\/tbody>\n<\/table>\n<\/div>\n<h2 class=\"c-feature-15-title c-font-20 c-font-bold c-font-uppercase c-theme-border c-font-white\">ACEITA\u00c7\u00c3O DA POL\u00cdTICA DE COOKIES<\/h2>\n<p class=\"c-feature-15-desc c-font-justify c-font-white wow animate fadeInLeft\">Premindo o bot\u00e3o &#8220;Aceito&#8221; assume-se que aceita a utiliza\u00e7\u00e3o dos cookies deste website.<\/p>\n<h2 class=\"c-feature-15-title c-font-20 c-font-bold c-font-uppercase c-theme-border c-font-white\">COMO \u00c9 QUE PODE CONFIGURAR OS SEUS COOKIES<\/h2>\n<p class=\"c-feature-15-desc c-font-justify c-font-white wow animate fadeInLeft\">O utilizador tem a op\u00e7\u00e3o de permitir, bloquear ou eliminar os cookies instalados no seu equipamento atrav\u00e9s da configura\u00e7\u00e3o das op\u00e7\u00f5es do navegador instalado no seu equipamento ou dispositivo:<\/p>\n<ul>\n<li><a href=\"https:\/\/support.google.com\/accounts\/answer\/61416?hl=es\" target=\"_blank\" rel=\"noopener\">Chrome<\/a><\/li>\n<li><a href=\"https:\/\/support.mozilla.org\/es\/kb\/habilitar-y-deshabilitar-cookies-sitios-web-rastrear-preferencias\" target=\"_blank\" rel=\"noopener\">Firefox<\/a><\/li>\n<li><a href=\"https:\/\/support.microsoft.com\/es-es\/help\/17442\/windows-internet-explorer-delete-manage-cookies\" target=\"_blank\" rel=\"noopener\">Internet Explorer<\/a><\/li>\n<li><a href=\"http:\/\/help.opera.com\/Windows\/11.50\/es-ES\/cookies.html\" target=\"_blank\" rel=\"noopener\">\u00d3pera<\/a><\/li>\n<li><a href=\"https:\/\/support.apple.com\/kb\/ph21411?locale=es_ES\" target=\"_blank\" rel=\"noopener\">Safari<\/a><\/li>\n<\/ul>\n<h2 class=\"c-feature-15-title c-font-20 c-font-bold c-font-uppercase c-theme-border c-font-white\">ATUALIZAMOS A NOSSA POL\u00cdTICA DE COOKIES?<\/h2>\n<p class=\"c-feature-15-desc c-font-justify c-font-white wow animate fadeInLeft\">\u00c9 poss\u00edvel que atualizemos a pol\u00edtica de Cookies da nossa p\u00e1gina web, por isso, recomendamos-lhe que reveja esta pol\u00edtica cada vez que aceda ao nosso website, com o objetivo de estar adequadamente informado sobre como e para que \u00e9 que usamos os Cookies.<\/p>\n<\/div><\/div><\/div><\/div><\/div><\/div><\/div><\/section><section class=\"l-section wpb_row prefooter height_medium\"><div class=\"l-section-h i-cf\"><div class=\"g-cols vc_row via_flex valign_top type_default stacking_default\"><div class=\"vc_col-sm-12 wpb_column vc_column_container has_bg_color\"><div class=\"vc_column-inner us_custom_057801f8\"><div class=\"wpb_wrapper\"><div class=\"w-separator size_small\"><\/div><div class=\"w-hwrapper us_custom_eb849559 valign_top wrap stack_on_mobiles align_center\" style=\"--hwrapper-gap:1.5rem\"><div class=\"w-image us_custom_a518f36e us_animate_this align_center\"><div class=\"w-image-h\"><img decoding=\"async\" width=\"250\" height=\"190\" src=\"https:\/\/ingreenspain.es\/wp-content\/uploads\/2024\/05\/mapa-SP-small.png\" class=\"attachment-full size-full\" alt=\"\" loading=\"lazy\" \/><\/div><\/div><div class=\"w-html\"><img decoding=\"async\" src=\"https:\/\/ingreenspain.es\/wp-content\/uploads\/2024\/05\/mapa-EV.png\" usemap=\"#image-map\"><map name=\"image-map\">\n    <area alt=\"Galiza\" title=\"Galiza\" href=\"https:\/\/www.ingreenspain.es\/pt-pt\/#Galicia\" coords=\"85,7,60,13,44,30,25,38,1,58,12,76,21,100,23,123,25,143,61,132,72,146,112,146,131,132,140,107,133,68,128,43,121,18,98,7\" shape=\"poly\">\n    <area target=\"\" alt=\"Ast\u00farias\" title=\"Ast\u00farias\" href=\"https:\/\/www.ingreenspain.es\/pt-pt\/#Asturias\" coords=\"128,18,118,31,127,50,137,63,154,65,171,59,200,58,233,52,247,42,263,34,230,22,195,12\" shape=\"poly\">\n    <area target=\"\" alt=\"Cant\u00e1bria\" title=\"Cant\u00e1bria\" href=\"https:\/\/ingreenspain.es\/pt-pt\/#Cantabria\" coords=\"247,46,275,33,305,25,333,30,338,40,319,49,304,54,298,65,297,75,289,76,250,58\" shape=\"poly\">\n    <area target=\"\" alt=\"Euskadi\" title=\"Euskadi\" href=\"https:\/\/ingreenspain.es\/pt-pt\/#Euskadi\" coords=\"342,38,327,43,344,62,336,73,372,99,384,99,397,69,415,45,419,32,360,29\" shape=\"poly\">\n\n<\/map><\/div><div usemap=\"#workmap\" class=\"w-image us_custom_2c2c32a0 us_animate_this hide_on_default hide_on_laptops hide_on_tablets hide_on_mobiles align_center\"><div class=\"w-image-h\"><img decoding=\"async\" width=\"420\" height=\"150\" src=\"https:\/\/ingreenspain.es\/wp-content\/uploads\/2024\/05\/mapa-EV.png\" class=\"attachment-full size-full\" alt=\"\" loading=\"lazy\" srcset=\"https:\/\/ingreenspain.es\/wp-content\/uploads\/2024\/05\/mapa-EV.png 420w, https:\/\/ingreenspain.es\/wp-content\/uploads\/2024\/05\/mapa-EV-300x107.png 300w\" sizes=\"auto, (max-width: 420px) 100vw, 420px\" \/><\/div><\/div><div class=\"w-socials us_custom_cc1760fe has_text_color us_animate_this color_text shape_circle style_colored hover_fade\" style=\"--gap:0.5em;\"><div class=\"w-socials-list\"><div class=\"w-socials-item facebook\"><a href=\"https:\/\/www.facebook.com\/InGreenSpain\" class=\"w-socials-item-link\" aria-label=\"Facebook\"><span class=\"w-socials-item-link-hover\"><\/span><i class=\"fab fa-facebook\"><\/i><\/a><div class=\"w-socials-item-popup\"><span>Facebook<\/span><\/div><\/div><div class=\"w-socials-item instagram\"><a href=\"https:\/\/www.instagram.com\/ingreenspain\" class=\"w-socials-item-link\" aria-label=\"Instagram\"><span class=\"w-socials-item-link-hover\"><\/span><i class=\"fab fa-instagram\"><\/i><\/a><div class=\"w-socials-item-popup\"><span>Instagram<\/span><\/div><\/div><\/div><\/div><\/div><div class=\"w-separator size_medium with_line width_default thick_1 style_solid color_border align_center\"><div class=\"w-separator-h\"><\/div><\/div><h3 class=\"w-text us_custom_7ffc40f7 has_text_color\"><span class=\"w-text-h\"><span class=\"w-text-value\">Contacto<\/span><\/span><\/h3><div class=\"w-text us_custom_025665fb icon_atleft\"><a href=\"mailto:info@ingreenspain.es\" class=\"w-text-h\"><i class=\"fas fa-envelope\"><\/i><span class=\"w-text-value\">info@ingreenspain.es<\/span><\/a><\/div><\/div><\/div><\/div><\/div><\/div><\/section>\n\n","protected":false},"excerpt":{"rendered":"Pol\u00edtica de cookiesA presente pol\u00edtica de cookies tem como finalidade inform\u00e1-lo de forma clara e precisa sobre os cookies utilizados na p\u00e1gina web da Espanha Verde. O QUE S\u00c3O OS COOKIES? Um\u00a0Cookie\u00a0\u00e9 um pequeno fragmento de texto que os websites que visita enviam ao navegador e que permite que o website recorde informa\u00e7\u00f5es sobre a...","protected":false},"author":1,"featured_media":0,"parent":0,"menu_order":0,"comment_status":"closed","ping_status":"closed","template":"","meta":{"_acf_changed":false,"footnotes":""},"class_list":["post-1629","page","type-page","status-publish","hentry"],"acf":[],"yoast_head":"<!-- This site is optimized with the Yoast SEO plugin v27.3 - https:\/\/yoast.com\/product\/yoast-seo-wordpress\/ -->\n<title>Pol\u00edtica de cookies da Espanha Verde<\/title>\n<meta name=\"description\" content=\"Pol\u00edtica de Cookies da Espanha Verde\" \/>\n<meta name=\"robots\" content=\"index, follow, max-snippet:-1, max-image-preview:large, max-video-preview:-1\" \/>\n<link rel=\"canonical\" href=\"https:\/\/ingreenspain.es\/pt-pt\/politica-de-cookies\/\" \/>\n<meta property=\"og:locale\" content=\"pt_PT\" \/>\n<meta property=\"og:type\" content=\"article\" \/>\n<meta property=\"og:title\" content=\"Pol\u00edtica de cookies da Espanha Verde\" \/>\n<meta property=\"og:description\" content=\"Pol\u00edtica de Cookies da Espanha Verde\" \/>\n<meta property=\"og:url\" content=\"https:\/\/ingreenspain.es\/pt-pt\/politica-de-cookies\/\" \/>\n<meta property=\"og:site_name\" content=\"Espanha Verde\" \/>\n<meta property=\"article:publisher\" content=\"https:\/\/www.facebook.com\/InGreenSpain\" \/>\n<meta property=\"article:modified_time\" content=\"2024-06-18T17:51:32+00:00\" \/>\n<meta name=\"twitter:card\" content=\"summary_large_image\" \/>\n<meta name=\"twitter:label1\" content=\"Tempo estimado de leitura\" \/>\n\t<meta name=\"twitter:data1\" content=\"5 minutos\" \/>\n<script type=\"application\/ld+json\" class=\"yoast-schema-graph\">{\"@context\":\"https:\\\/\\\/schema.org\",\"@graph\":[{\"@type\":\"WebPage\",\"@id\":\"https:\\\/\\\/ingreenspain.es\\\/pt-pt\\\/politica-de-cookies\\\/\",\"url\":\"https:\\\/\\\/ingreenspain.es\\\/pt-pt\\\/politica-de-cookies\\\/\",\"name\":\"Pol\u00edtica de cookies da Espanha Verde\",\"isPartOf\":{\"@id\":\"https:\\\/\\\/ingreenspain.es\\\/pt-pt\\\/#website\"},\"datePublished\":\"2024-05-07T14:51:22+00:00\",\"dateModified\":\"2024-06-18T17:51:32+00:00\",\"description\":\"Pol\u00edtica de Cookies da Espanha Verde\",\"breadcrumb\":{\"@id\":\"https:\\\/\\\/ingreenspain.es\\\/pt-pt\\\/politica-de-cookies\\\/#breadcrumb\"},\"inLanguage\":\"pt-PT\",\"potentialAction\":[{\"@type\":\"ReadAction\",\"target\":[\"https:\\\/\\\/ingreenspain.es\\\/pt-pt\\\/politica-de-cookies\\\/\"]}]},{\"@type\":\"BreadcrumbList\",\"@id\":\"https:\\\/\\\/ingreenspain.es\\\/pt-pt\\\/politica-de-cookies\\\/#breadcrumb\",\"itemListElement\":[{\"@type\":\"ListItem\",\"position\":1,\"name\":\"Portada\",\"item\":\"https:\\\/\\\/ingreenspain.es\\\/pt-pt\\\/\"},{\"@type\":\"ListItem\",\"position\":2,\"name\":\"Pol\u00edtica de cookies\"}]},{\"@type\":\"WebSite\",\"@id\":\"https:\\\/\\\/ingreenspain.es\\\/pt-pt\\\/#website\",\"url\":\"https:\\\/\\\/ingreenspain.es\\\/pt-pt\\\/\",\"name\":\"Espa\u00f1a Verde\",\"description\":\"O espirito do norte\",\"publisher\":{\"@id\":\"https:\\\/\\\/ingreenspain.es\\\/pt-pt\\\/#organization\"},\"potentialAction\":[{\"@type\":\"SearchAction\",\"target\":{\"@type\":\"EntryPoint\",\"urlTemplate\":\"https:\\\/\\\/ingreenspain.es\\\/pt-pt\\\/?s={search_term_string}\"},\"query-input\":{\"@type\":\"PropertyValueSpecification\",\"valueRequired\":true,\"valueName\":\"search_term_string\"}}],\"inLanguage\":\"pt-PT\"},{\"@type\":\"Organization\",\"@id\":\"https:\\\/\\\/ingreenspain.es\\\/pt-pt\\\/#organization\",\"name\":\"Espa\u00f1a Verde\",\"url\":\"https:\\\/\\\/ingreenspain.es\\\/pt-pt\\\/\",\"logo\":{\"@type\":\"ImageObject\",\"inLanguage\":\"pt-PT\",\"@id\":\"https:\\\/\\\/ingreenspain.es\\\/pt-pt\\\/#\\\/schema\\\/logo\\\/image\\\/\",\"url\":\"https:\\\/\\\/ingreenspain.es\\\/wp-content\\\/uploads\\\/2024\\\/05\\\/logoEV.png\",\"contentUrl\":\"https:\\\/\\\/ingreenspain.es\\\/wp-content\\\/uploads\\\/2024\\\/05\\\/logoEV.png\",\"width\":125,\"height\":40,\"caption\":\"Espa\u00f1a Verde\"},\"image\":{\"@id\":\"https:\\\/\\\/ingreenspain.es\\\/pt-pt\\\/#\\\/schema\\\/logo\\\/image\\\/\"},\"sameAs\":[\"https:\\\/\\\/www.facebook.com\\\/InGreenSpain\",\"https:\\\/\\\/www.instagram.com\\\/ingreenspain\",\"https:\\\/\\\/www.youtube.com\\\/@INGREENSPAIN\"]}]}<\/script>\n<!-- \/ Yoast SEO plugin. -->","yoast_head_json":{"title":"Pol\u00edtica de cookies da Espanha Verde","description":"Pol\u00edtica de Cookies da Espanha Verde","robots":{"index":"index","follow":"follow","max-snippet":"max-snippet:-1","max-image-preview":"max-image-preview:large","max-video-preview":"max-video-preview:-1"},"canonical":"https:\/\/ingreenspain.es\/pt-pt\/politica-de-cookies\/","og_locale":"pt_PT","og_type":"article","og_title":"Pol\u00edtica de cookies da Espanha Verde","og_description":"Pol\u00edtica de Cookies da Espanha Verde","og_url":"https:\/\/ingreenspain.es\/pt-pt\/politica-de-cookies\/","og_site_name":"Espanha Verde","article_publisher":"https:\/\/www.facebook.com\/InGreenSpain","article_modified_time":"2024-06-18T17:51:32+00:00","twitter_card":"summary_large_image","twitter_misc":{"Tempo estimado de leitura":"5 minutos"},"schema":{"@context":"https:\/\/schema.org","@graph":[{"@type":"WebPage","@id":"https:\/\/ingreenspain.es\/pt-pt\/politica-de-cookies\/","url":"https:\/\/ingreenspain.es\/pt-pt\/politica-de-cookies\/","name":"Pol\u00edtica de cookies da Espanha Verde","isPartOf":{"@id":"https:\/\/ingreenspain.es\/pt-pt\/#website"},"datePublished":"2024-05-07T14:51:22+00:00","dateModified":"2024-06-18T17:51:32+00:00","description":"Pol\u00edtica de Cookies da Espanha Verde","breadcrumb":{"@id":"https:\/\/ingreenspain.es\/pt-pt\/politica-de-cookies\/#breadcrumb"},"inLanguage":"pt-PT","potentialAction":[{"@type":"ReadAction","target":["https:\/\/ingreenspain.es\/pt-pt\/politica-de-cookies\/"]}]},{"@type":"BreadcrumbList","@id":"https:\/\/ingreenspain.es\/pt-pt\/politica-de-cookies\/#breadcrumb","itemListElement":[{"@type":"ListItem","position":1,"name":"Portada","item":"https:\/\/ingreenspain.es\/pt-pt\/"},{"@type":"ListItem","position":2,"name":"Pol\u00edtica de cookies"}]},{"@type":"WebSite","@id":"https:\/\/ingreenspain.es\/pt-pt\/#website","url":"https:\/\/ingreenspain.es\/pt-pt\/","name":"Espa\u00f1a Verde","description":"O espirito do norte","publisher":{"@id":"https:\/\/ingreenspain.es\/pt-pt\/#organization"},"potentialAction":[{"@type":"SearchAction","target":{"@type":"EntryPoint","urlTemplate":"https:\/\/ingreenspain.es\/pt-pt\/?s={search_term_string}"},"query-input":{"@type":"PropertyValueSpecification","valueRequired":true,"valueName":"search_term_string"}}],"inLanguage":"pt-PT"},{"@type":"Organization","@id":"https:\/\/ingreenspain.es\/pt-pt\/#organization","name":"Espa\u00f1a Verde","url":"https:\/\/ingreenspain.es\/pt-pt\/","logo":{"@type":"ImageObject","inLanguage":"pt-PT","@id":"https:\/\/ingreenspain.es\/pt-pt\/#\/schema\/logo\/image\/","url":"https:\/\/ingreenspain.es\/wp-content\/uploads\/2024\/05\/logoEV.png","contentUrl":"https:\/\/ingreenspain.es\/wp-content\/uploads\/2024\/05\/logoEV.png","width":125,"height":40,"caption":"Espa\u00f1a Verde"},"image":{"@id":"https:\/\/ingreenspain.es\/pt-pt\/#\/schema\/logo\/image\/"},"sameAs":["https:\/\/www.facebook.com\/InGreenSpain","https:\/\/www.instagram.com\/ingreenspain","https:\/\/www.youtube.com\/@INGREENSPAIN"]}]}},"_links":{"self":[{"href":"https:\/\/ingreenspain.es\/pt-pt\/wp-json\/wp\/v2\/pages\/1629","targetHints":{"allow":["GET"]}}],"collection":[{"href":"https:\/\/ingreenspain.es\/pt-pt\/wp-json\/wp\/v2\/pages"}],"about":[{"href":"https:\/\/ingreenspain.es\/pt-pt\/wp-json\/wp\/v2\/types\/page"}],"author":[{"embeddable":true,"href":"https:\/\/ingreenspain.es\/pt-pt\/wp-json\/wp\/v2\/users\/1"}],"replies":[{"embeddable":true,"href":"https:\/\/ingreenspain.es\/pt-pt\/wp-json\/wp\/v2\/comments?post=1629"}],"version-history":[{"count":1,"href":"https:\/\/ingreenspain.es\/pt-pt\/wp-json\/wp\/v2\/pages\/1629\/revisions"}],"predecessor-version":[{"id":1630,"href":"https:\/\/ingreenspain.es\/pt-pt\/wp-json\/wp\/v2\/pages\/1629\/revisions\/1630"}],"wp:attachment":[{"href":"https:\/\/ingreenspain.es\/pt-pt\/wp-json\/wp\/v2\/media?parent=1629"}],"curies":[{"name":"wp","href":"https:\/\/api.w.org\/{rel}","templated":true}]}}