{"id":1018,"date":"2025-05-05T21:46:05","date_gmt":"2025-05-05T21:46:05","guid":{"rendered":"https:\/\/reservaecoturista.neozinkwp.com\/?page_id=1018"},"modified":"2025-05-26T13:49:51","modified_gmt":"2025-05-26T13:49:51","slug":"visor-cartografico","status":"publish","type":"page","link":"https:\/\/ingreenspain.es\/reserva-ecoturista\/visor-cartografico\/","title":{"rendered":"Visor cartogr\u00e1fico"},"content":{"rendered":"\t\t<div data-elementor-type=\"wp-page\" data-elementor-id=\"1018\" class=\"elementor elementor-1018\" data-elementor-post-type=\"page\">\n\t\t\t\t\t\t<section class=\"elementor-section elementor-top-section elementor-element elementor-element-94adcb2 elementor-section-full_width elementor-section-height-default elementor-section-height-default\" data-id=\"94adcb2\" data-element_type=\"section\" data-settings=\"{&quot;jet_parallax_layout_list&quot;:[]}\">\n\t\t\t\t\t\t<div class=\"elementor-container elementor-column-gap-default\">\n\t\t\t\t\t<div class=\"elementor-column elementor-col-100 elementor-top-column elementor-element elementor-element-345d6dc\" data-id=\"345d6dc\" data-element_type=\"column\">\n\t\t\t<div class=\"elementor-widget-wrap elementor-element-populated\">\n\t\t\t\t\t\t<div class=\"elementor-element elementor-element-d31068e elementor--h-position-left elementor--v-position-middle elementor-pagination-position-inside elementor-widget elementor-widget-slides\" data-id=\"d31068e\" data-element_type=\"widget\" data-settings=\"{&quot;navigation&quot;:&quot;dots&quot;,&quot;autoplay&quot;:&quot;yes&quot;,&quot;pause_on_hover&quot;:&quot;yes&quot;,&quot;pause_on_interaction&quot;:&quot;yes&quot;,&quot;autoplay_speed&quot;:5000,&quot;infinite&quot;:&quot;yes&quot;,&quot;transition&quot;:&quot;slide&quot;,&quot;transition_speed&quot;:500}\" data-widget_type=\"slides.default\">\n\t\t\t\t<div class=\"elementor-widget-container\">\n\t\t\t\t\t\t\t\t\t<div class=\"elementor-swiper\">\n\t\t\t\t\t<div class=\"elementor-slides-wrapper elementor-main-swiper swiper\" role=\"region\" aria-roledescription=\"carousel\" aria-label=\"Slides\" dir=\"ltr\" data-animation=\"fadeInUp\">\n\t\t\t\t<div class=\"swiper-wrapper elementor-slides\">\n\t\t\t\t\t\t\t\t\t\t<div class=\"elementor-repeater-item-e0694c3 swiper-slide\" role=\"group\" aria-roledescription=\"slide\"><div class=\"swiper-slide-bg\" role=\"img\"><\/div><div class=\"elementor-background-overlay\"><\/div><div class=\"swiper-slide-inner\" ><div class=\"swiper-slide-contents\"><div class=\"elementor-slide-heading\">Visor cartogr\u00e1fico<\/div><div class=\"elementor-slide-description\">Explora en el mapa los 25 espacios naturales protegidos que forman parte de la Reserva Ecoturista de la Espa\u00f1a Verde. <\/div><\/div><\/div><\/div>\t\t\t\t<\/div>\n\t\t\t\t\t\t\t<\/div>\n\t\t\t\t<\/div>\n\t\t\t\t\t\t\t\t<\/div>\n\t\t\t\t<\/div>\n\t\t\t\t\t<\/div>\n\t\t<\/div>\n\t\t\t\t\t<\/div>\n\t\t<\/section>\n\t\t\t\t<section class=\"elementor-section elementor-top-section elementor-element elementor-element-e6132a9 elementor-section-boxed elementor-section-height-default elementor-section-height-default\" data-id=\"e6132a9\" data-element_type=\"section\" data-settings=\"{&quot;jet_parallax_layout_list&quot;:[]}\">\n\t\t\t\t\t\t<div class=\"elementor-container elementor-column-gap-default\">\n\t\t\t\t\t<div class=\"elementor-column elementor-col-100 elementor-top-column elementor-element elementor-element-9d88941\" data-id=\"9d88941\" data-element_type=\"column\">\n\t\t\t<div class=\"elementor-widget-wrap elementor-element-populated\">\n\t\t\t\t\t\t<div class=\"elementor-element elementor-element-0350ccb elementor-widget elementor-widget-jet-engine-maps-listing\" data-id=\"0350ccb\" data-element_type=\"widget\" data-widget_type=\"jet-engine-maps-listing.default\">\n\t\t\t\t<div class=\"elementor-widget-container\">\n\t\t\t\t\t<div class=\"jet-map-listing jet-listing-grid--944 google-provider\" data-init=\"{&quot;zoomControl&quot;:true,&quot;fullscreenControl&quot;:true,&quot;streetViewControl&quot;:false,&quot;mapTypeControl&quot;:true}\" data-markers=\"[{&quot;id&quot;:932,&quot;latLang&quot;:{&quot;lat&quot;:&quot;42.8735249&quot;,&quot;lng&quot;:&quot;-7.0618104&quot;},&quot;label&quot;:false,&quot;custom_marker&quot;:false,&quot;geo_query_distance&quot;:-1},{&quot;id&quot;:928,&quot;latLang&quot;:{&quot;lat&quot;:&quot;42.4776251&quot;,&quot;lng&quot;:&quot;-7.2698867&quot;},&quot;label&quot;:false,&quot;custom_marker&quot;:false,&quot;geo_query_distance&quot;:-1},{&quot;id&quot;:923,&quot;latLang&quot;:{&quot;lat&quot;:&quot;42.373373&quot;,&quot;lng&quot;:&quot;-7.6047719&quot;},&quot;label&quot;:false,&quot;custom_marker&quot;:false,&quot;geo_query_distance&quot;:-1},{&quot;id&quot;:919,&quot;latLang&quot;:{&quot;lat&quot;:&quot;43.2425925&quot;,&quot;lng&quot;:&quot;-8.2779754&quot;},&quot;label&quot;:false,&quot;custom_marker&quot;:false,&quot;geo_query_distance&quot;:-1},{&quot;id&quot;:915,&quot;latLang&quot;:{&quot;lat&quot;:&quot;43.5099691&quot;,&quot;lng&quot;:&quot;-5.4171819&quot;},&quot;label&quot;:false,&quot;custom_marker&quot;:false,&quot;geo_query_distance&quot;:-1},{&quot;id&quot;:911,&quot;latLang&quot;:{&quot;lat&quot;:&quot;43.1879358&quot;,&quot;lng&quot;:&quot;-5.1641913&quot;},&quot;label&quot;:false,&quot;custom_marker&quot;:false,&quot;geo_query_distance&quot;:-1},{&quot;id&quot;:907,&quot;latLang&quot;:{&quot;lat&quot;:&quot;43.1819072&quot;,&quot;lng&quot;:&quot;-5.3428509&quot;},&quot;label&quot;:false,&quot;custom_marker&quot;:false,&quot;geo_query_distance&quot;:-1},{&quot;id&quot;:903,&quot;latLang&quot;:{&quot;lat&quot;:&quot;43.200088&quot;,&quot;lng&quot;:&quot;-6.0151885&quot;},&quot;label&quot;:false,&quot;custom_marker&quot;:false,&quot;geo_query_distance&quot;:-1},{&quot;id&quot;:900,&quot;latLang&quot;:{&quot;lat&quot;:&quot;43.0486756&quot;,&quot;lng&quot;:&quot;-6.6566412&quot;},&quot;label&quot;:false,&quot;custom_marker&quot;:false,&quot;geo_query_distance&quot;:-1},{&quot;id&quot;:896,&quot;latLang&quot;:{&quot;lat&quot;:&quot;43.4553075&quot;,&quot;lng&quot;:&quot;-3.7577987&quot;},&quot;label&quot;:false,&quot;custom_marker&quot;:false,&quot;geo_query_distance&quot;:-1},{&quot;id&quot;:892,&quot;latLang&quot;:{&quot;lat&quot;:&quot;43.1912038&quot;,&quot;lng&quot;:&quot;-3.5694335&quot;},&quot;label&quot;:false,&quot;custom_marker&quot;:false,&quot;geo_query_distance&quot;:-1},{&quot;id&quot;:887,&quot;latLang&quot;:{&quot;lat&quot;:&quot;43.129915&quot;,&quot;lng&quot;:&quot;-4.2962736&quot;},&quot;label&quot;:false,&quot;custom_marker&quot;:false,&quot;geo_query_distance&quot;:-1},{&quot;id&quot;:882,&quot;latLang&quot;:{&quot;lat&quot;:&quot;43.0764668&quot;,&quot;lng&quot;:&quot;-4.537499&quot;},&quot;label&quot;:false,&quot;custom_marker&quot;:false,&quot;geo_query_distance&quot;:-1},{&quot;id&quot;:796,&quot;latLang&quot;:{&quot;lat&quot;:&quot;43.4420307&quot;,&quot;lng&quot;:&quot;-3.4625396&quot;},&quot;label&quot;:false,&quot;custom_marker&quot;:false,&quot;geo_query_distance&quot;:-1},{&quot;id&quot;:792,&quot;latLang&quot;:{&quot;lat&quot;:&quot;43.4495158&quot;,&quot;lng&quot;:&quot;-3.9649946&quot;},&quot;label&quot;:false,&quot;custom_marker&quot;:false,&quot;geo_query_distance&quot;:-1},{&quot;id&quot;:788,&quot;latLang&quot;:{&quot;lat&quot;:&quot;42.8749496&quot;,&quot;lng&quot;:&quot;-3.2313918&quot;},&quot;label&quot;:false,&quot;custom_marker&quot;:false,&quot;geo_query_distance&quot;:-1},{&quot;id&quot;:784,&quot;latLang&quot;:{&quot;lat&quot;:&quot;42.8602314&quot;,&quot;lng&quot;:&quot;-2.6422325&quot;},&quot;label&quot;:false,&quot;custom_marker&quot;:false,&quot;geo_query_distance&quot;:-1},{&quot;id&quot;:780,&quot;latLang&quot;:{&quot;lat&quot;:&quot;42.6991991&quot;,&quot;lng&quot;:&quot;-2.4337242&quot;},&quot;label&quot;:false,&quot;custom_marker&quot;:false,&quot;geo_query_distance&quot;:-1},{&quot;id&quot;:776,&quot;latLang&quot;:{&quot;lat&quot;:&quot;42.9860295&quot;,&quot;lng&quot;:&quot;-2.8318944&quot;},&quot;label&quot;:false,&quot;custom_marker&quot;:false,&quot;geo_query_distance&quot;:-1},{&quot;id&quot;:771,&quot;latLang&quot;:{&quot;lat&quot;:&quot;43.306612&quot;,&quot;lng&quot;:&quot;-2.3895754&quot;},&quot;label&quot;:false,&quot;custom_marker&quot;:false,&quot;geo_query_distance&quot;:-1},{&quot;id&quot;:767,&quot;latLang&quot;:{&quot;lat&quot;:&quot;43.3753055&quot;,&quot;lng&quot;:&quot;-2.6977404&quot;},&quot;label&quot;:false,&quot;custom_marker&quot;:false,&quot;geo_query_distance&quot;:-1},{&quot;id&quot;:753,&quot;latLang&quot;:{&quot;lat&quot;:&quot;43.3510374&quot;,&quot;lng&quot;:&quot;-5.1255476&quot;},&quot;label&quot;:false,&quot;custom_marker&quot;:false,&quot;geo_query_distance&quot;:-1},{&quot;id&quot;:752,&quot;latLang&quot;:{&quot;lat&quot;:&quot;43.092382&quot;,&quot;lng&quot;:&quot;-6.2561845&quot;},&quot;label&quot;:false,&quot;custom_marker&quot;:false,&quot;geo_query_distance&quot;:-1},{&quot;id&quot;:722,&quot;latLang&quot;:{&quot;lat&quot;:&quot;43.4989713&quot;,&quot;lng&quot;:&quot;-7.0554689&quot;},&quot;label&quot;:false,&quot;custom_marker&quot;:false,&quot;geo_query_distance&quot;:-1},{&quot;id&quot;:583,&quot;latLang&quot;:{&quot;lat&quot;:&quot;42.2392914&quot;,&quot;lng&quot;:&quot;-8.7255804&quot;},&quot;label&quot;:false,&quot;custom_marker&quot;:false,&quot;geo_query_distance&quot;:-1}]\" data-general=\"{&quot;api&quot;:&quot;https:\\\/\\\/ingreenspain.es\\\/reserva-ecoturista\\\/wp-json\\\/jet-engine\\\/v2\\\/get-map-marker-info\\\/&quot;,&quot;restNonce&quot;:&quot;570beab603&quot;,&quot;listingID&quot;:944,&quot;source&quot;:&quot;posts&quot;,&quot;width&quot;:290,&quot;offset&quot;:40,&quot;clustererImg&quot;:&quot;https:\\\/\\\/ingreenspain.es\\\/reserva-ecoturista\\\/wp-content\\\/plugins\\\/jet-engine\\\/includes\\\/modules\\\/maps-listings\\\/assets\\\/lib\\\/markerclustererplus\\\/img\\\/m&quot;,&quot;marker&quot;:{&quot;type&quot;:&quot;icon&quot;,&quot;html&quot;:&quot;&lt;div class=\\&quot;jet-map-marker apply-fill is-svg-icon\\&quot;&gt;&lt;svg class=\\&quot;e-font-icon-svg e-fas-map-marker-alt\\&quot; aria-hidden=\\&quot;true\\&quot; viewBox=\\&quot;0 0 384 512\\&quot; xmlns=\\&quot;http:\\\/\\\/www.w3.org\\\/2000\\\/svg\\&quot;&gt;&lt;path d=\\&quot;M172.268 501.67C26.97 291.031 0 269.413 0 192 0 85.961 85.961 0 192 0s192 85.961 192 192c0 77.413-26.97 99.031-172.268 309.67-9.535 13.774-29.93 13.773-39.464 0zM192 272c44.183 0 80-35.817 80-80s-35.817-80-80-80-80 35.817-80 80 35.817 80 80 80z\\&quot;&gt;&lt;\\\/path&gt;&lt;\\\/svg&gt;&lt;\\\/div&gt;&quot;},&quot;autoCenter&quot;:true,&quot;maxZoom&quot;:false,&quot;minZoom&quot;:false,&quot;customCenter&quot;:false,&quot;customZoom&quot;:11,&quot;popupPreloader&quot;:false,&quot;querySeparator&quot;:&quot;?&quot;,&quot;markerClustering&quot;:true,&quot;clusterMaxZoom&quot;:&quot;&quot;,&quot;clusterRadius&quot;:&quot;&quot;,&quot;popupOpenOn&quot;:&quot;click&quot;,&quot;centeringOnOpen&quot;:true,&quot;zoomOnOpen&quot;:5,&quot;advanced&quot;:{&quot;zoom_control&quot;:&quot;auto&quot;},&quot;styles&quot;:[{&quot;featureType&quot;:&quot;administrative&quot;,&quot;elementType&quot;:&quot;labels.text.fill&quot;,&quot;stylers&quot;:[{&quot;color&quot;:&quot;#444444&quot;}]},{&quot;featureType&quot;:&quot;administrative.country&quot;,&quot;elementType&quot;:&quot;labels.text&quot;,&quot;stylers&quot;:[{&quot;saturation&quot;:&quot;18&quot;},{&quot;lightness&quot;:&quot;-55&quot;},{&quot;visibility&quot;:&quot;simplified&quot;},{&quot;color&quot;:&quot;#4484a1&quot;}]},{&quot;featureType&quot;:&quot;landscape&quot;,&quot;elementType&quot;:&quot;all&quot;,&quot;stylers&quot;:[{&quot;color&quot;:&quot;#f2f2f2&quot;},{&quot;saturation&quot;:&quot;28&quot;},{&quot;lightness&quot;:&quot;42&quot;},{&quot;gamma&quot;:&quot;2.01&quot;},{&quot;weight&quot;:&quot;1&quot;}]},{&quot;featureType&quot;:&quot;poi&quot;,&quot;elementType&quot;:&quot;all&quot;,&quot;stylers&quot;:[{&quot;visibility&quot;:&quot;off&quot;}]},{&quot;featureType&quot;:&quot;road&quot;,&quot;elementType&quot;:&quot;all&quot;,&quot;stylers&quot;:[{&quot;saturation&quot;:-100},{&quot;lightness&quot;:45}]},{&quot;featureType&quot;:&quot;road.highway&quot;,&quot;elementType&quot;:&quot;all&quot;,&quot;stylers&quot;:[{&quot;visibility&quot;:&quot;simplified&quot;}]},{&quot;featureType&quot;:&quot;road.arterial&quot;,&quot;elementType&quot;:&quot;labels.icon&quot;,&quot;stylers&quot;:[{&quot;visibility&quot;:&quot;off&quot;}]},{&quot;featureType&quot;:&quot;transit&quot;,&quot;elementType&quot;:&quot;all&quot;,&quot;stylers&quot;:[{&quot;visibility&quot;:&quot;off&quot;}]},{&quot;featureType&quot;:&quot;water&quot;,&quot;elementType&quot;:&quot;all&quot;,&quot;stylers&quot;:[{&quot;color&quot;:&quot;#dddddd&quot;},{&quot;visibility&quot;:&quot;on&quot;}]}]}\" data-listing-source=\"query\" data-query-id=\"4\" data-queried-id=\"1018|WP_Post\"><\/div>\t\t\t\t<\/div>\n\t\t\t\t<\/div>\n\t\t\t\t\t<\/div>\n\t\t<\/div>\n\t\t\t\t\t<\/div>\n\t\t<\/section>\n\t\t\t\t<\/div>\n\t\t","protected":false},"excerpt":{"rendered":"<p>Visor cartogr\u00e1ficoExplora en el mapa los 25 espacios naturales protegidos que forman parte de la Reserva Ecoturista de la Espa\u00f1a Verde.<\/p>\n","protected":false},"author":1,"featured_media":0,"parent":0,"menu_order":0,"comment_status":"closed","ping_status":"closed","template":"elementor_header_footer","meta":{"_acf_changed":false,"footnotes":""},"class_list":["post-1018","page","type-page","status-publish","hentry"],"acf":[],"yoast_head":"<!-- This site is optimized with the Yoast SEO plugin v25.1 - https:\/\/yoast.com\/wordpress\/plugins\/seo\/ -->\n<title>Visor cartogr\u00e1fico - Reserva ecoturista<\/title>\n<meta name=\"robots\" content=\"index, follow, max-snippet:-1, max-image-preview:large, max-video-preview:-1\" \/>\n<link rel=\"canonical\" href=\"https:\/\/ingreenspain.es\/reserva-ecoturista\/visor-cartografico\/\" \/>\n<meta property=\"og:locale\" content=\"es_ES\" \/>\n<meta property=\"og:type\" content=\"article\" \/>\n<meta property=\"og:title\" content=\"Visor cartogr\u00e1fico - Reserva ecoturista\" \/>\n<meta property=\"og:description\" content=\"Visor cartogr\u00e1ficoExplora en el mapa los 25 espacios naturales protegidos que forman parte de la Reserva Ecoturista de la Espa\u00f1a Verde.\" \/>\n<meta property=\"og:url\" content=\"https:\/\/ingreenspain.es\/reserva-ecoturista\/visor-cartografico\/\" \/>\n<meta property=\"og:site_name\" content=\"Reserva ecoturista\" \/>\n<meta property=\"article:modified_time\" content=\"2025-05-26T13:49:51+00:00\" \/>\n<meta name=\"twitter:card\" content=\"summary_large_image\" \/>\n<meta name=\"twitter:label1\" content=\"Tiempo de lectura\" \/>\n\t<meta name=\"twitter:data1\" content=\"17 minutos\" \/>\n<script type=\"application\/ld+json\" class=\"yoast-schema-graph\">{\"@context\":\"https:\/\/schema.org\",\"@graph\":[{\"@type\":\"WebPage\",\"@id\":\"https:\/\/ingreenspain.es\/reserva-ecoturista\/visor-cartografico\/\",\"url\":\"https:\/\/ingreenspain.es\/reserva-ecoturista\/visor-cartografico\/\",\"name\":\"Visor cartogr\u00e1fico - Reserva ecoturista\",\"isPartOf\":{\"@id\":\"https:\/\/ingreenspain.es\/reserva-ecoturista\/#website\"},\"datePublished\":\"2025-05-05T21:46:05+00:00\",\"dateModified\":\"2025-05-26T13:49:51+00:00\",\"breadcrumb\":{\"@id\":\"https:\/\/ingreenspain.es\/reserva-ecoturista\/visor-cartografico\/#breadcrumb\"},\"inLanguage\":\"es\",\"potentialAction\":[{\"@type\":\"ReadAction\",\"target\":[\"https:\/\/ingreenspain.es\/reserva-ecoturista\/visor-cartografico\/\"]}]},{\"@type\":\"BreadcrumbList\",\"@id\":\"https:\/\/ingreenspain.es\/reserva-ecoturista\/visor-cartografico\/#breadcrumb\",\"itemListElement\":[{\"@type\":\"ListItem\",\"position\":1,\"name\":\"Inicio\",\"item\":\"https:\/\/ingreenspain.es\/reserva-ecoturista\/\"},{\"@type\":\"ListItem\",\"position\":2,\"name\":\"Visor cartogr\u00e1fico\"}]},{\"@type\":\"WebSite\",\"@id\":\"https:\/\/ingreenspain.es\/reserva-ecoturista\/#website\",\"url\":\"https:\/\/ingreenspain.es\/reserva-ecoturista\/\",\"name\":\"Reserva ecoturista\",\"description\":\"\",\"publisher\":{\"@id\":\"https:\/\/ingreenspain.es\/reserva-ecoturista\/#organization\"},\"potentialAction\":[{\"@type\":\"SearchAction\",\"target\":{\"@type\":\"EntryPoint\",\"urlTemplate\":\"https:\/\/ingreenspain.es\/reserva-ecoturista\/?s={search_term_string}\"},\"query-input\":{\"@type\":\"PropertyValueSpecification\",\"valueRequired\":true,\"valueName\":\"search_term_string\"}}],\"inLanguage\":\"es\"},{\"@type\":\"Organization\",\"@id\":\"https:\/\/ingreenspain.es\/reserva-ecoturista\/#organization\",\"name\":\"Reserva ecoturista\",\"url\":\"https:\/\/ingreenspain.es\/reserva-ecoturista\/\",\"logo\":{\"@type\":\"ImageObject\",\"inLanguage\":\"es\",\"@id\":\"https:\/\/ingreenspain.es\/reserva-ecoturista\/#\/schema\/logo\/image\/\",\"url\":\"https:\/\/ingreenspain.es\/reserva-ecoturista\/wp-content\/uploads\/2025\/02\/Grupo-5222.svg\",\"contentUrl\":\"https:\/\/ingreenspain.es\/reserva-ecoturista\/wp-content\/uploads\/2025\/02\/Grupo-5222.svg\",\"width\":144,\"height\":59,\"caption\":\"Reserva ecoturista\"},\"image\":{\"@id\":\"https:\/\/ingreenspain.es\/reserva-ecoturista\/#\/schema\/logo\/image\/\"}}]}<\/script>\n<!-- \/ Yoast SEO plugin. -->","yoast_head_json":{"title":"Visor cartogr\u00e1fico - Reserva ecoturista","robots":{"index":"index","follow":"follow","max-snippet":"max-snippet:-1","max-image-preview":"max-image-preview:large","max-video-preview":"max-video-preview:-1"},"canonical":"https:\/\/ingreenspain.es\/reserva-ecoturista\/visor-cartografico\/","og_locale":"es_ES","og_type":"article","og_title":"Visor cartogr\u00e1fico - Reserva ecoturista","og_description":"Visor cartogr\u00e1ficoExplora en el mapa los 25 espacios naturales protegidos que forman parte de la Reserva Ecoturista de la Espa\u00f1a Verde.","og_url":"https:\/\/ingreenspain.es\/reserva-ecoturista\/visor-cartografico\/","og_site_name":"Reserva ecoturista","article_modified_time":"2025-05-26T13:49:51+00:00","twitter_card":"summary_large_image","twitter_misc":{"Tiempo de lectura":"17 minutos"},"schema":{"@context":"https:\/\/schema.org","@graph":[{"@type":"WebPage","@id":"https:\/\/ingreenspain.es\/reserva-ecoturista\/visor-cartografico\/","url":"https:\/\/ingreenspain.es\/reserva-ecoturista\/visor-cartografico\/","name":"Visor cartogr\u00e1fico - Reserva ecoturista","isPartOf":{"@id":"https:\/\/ingreenspain.es\/reserva-ecoturista\/#website"},"datePublished":"2025-05-05T21:46:05+00:00","dateModified":"2025-05-26T13:49:51+00:00","breadcrumb":{"@id":"https:\/\/ingreenspain.es\/reserva-ecoturista\/visor-cartografico\/#breadcrumb"},"inLanguage":"es","potentialAction":[{"@type":"ReadAction","target":["https:\/\/ingreenspain.es\/reserva-ecoturista\/visor-cartografico\/"]}]},{"@type":"BreadcrumbList","@id":"https:\/\/ingreenspain.es\/reserva-ecoturista\/visor-cartografico\/#breadcrumb","itemListElement":[{"@type":"ListItem","position":1,"name":"Inicio","item":"https:\/\/ingreenspain.es\/reserva-ecoturista\/"},{"@type":"ListItem","position":2,"name":"Visor cartogr\u00e1fico"}]},{"@type":"WebSite","@id":"https:\/\/ingreenspain.es\/reserva-ecoturista\/#website","url":"https:\/\/ingreenspain.es\/reserva-ecoturista\/","name":"Reserva ecoturista","description":"","publisher":{"@id":"https:\/\/ingreenspain.es\/reserva-ecoturista\/#organization"},"potentialAction":[{"@type":"SearchAction","target":{"@type":"EntryPoint","urlTemplate":"https:\/\/ingreenspain.es\/reserva-ecoturista\/?s={search_term_string}"},"query-input":{"@type":"PropertyValueSpecification","valueRequired":true,"valueName":"search_term_string"}}],"inLanguage":"es"},{"@type":"Organization","@id":"https:\/\/ingreenspain.es\/reserva-ecoturista\/#organization","name":"Reserva ecoturista","url":"https:\/\/ingreenspain.es\/reserva-ecoturista\/","logo":{"@type":"ImageObject","inLanguage":"es","@id":"https:\/\/ingreenspain.es\/reserva-ecoturista\/#\/schema\/logo\/image\/","url":"https:\/\/ingreenspain.es\/reserva-ecoturista\/wp-content\/uploads\/2025\/02\/Grupo-5222.svg","contentUrl":"https:\/\/ingreenspain.es\/reserva-ecoturista\/wp-content\/uploads\/2025\/02\/Grupo-5222.svg","width":144,"height":59,"caption":"Reserva ecoturista"},"image":{"@id":"https:\/\/ingreenspain.es\/reserva-ecoturista\/#\/schema\/logo\/image\/"}}]}},"_links":{"self":[{"href":"https:\/\/ingreenspain.es\/reserva-ecoturista\/wp-json\/wp\/v2\/pages\/1018","targetHints":{"allow":["GET"]}}],"collection":[{"href":"https:\/\/ingreenspain.es\/reserva-ecoturista\/wp-json\/wp\/v2\/pages"}],"about":[{"href":"https:\/\/ingreenspain.es\/reserva-ecoturista\/wp-json\/wp\/v2\/types\/page"}],"author":[{"embeddable":true,"href":"https:\/\/ingreenspain.es\/reserva-ecoturista\/wp-json\/wp\/v2\/users\/1"}],"replies":[{"embeddable":true,"href":"https:\/\/ingreenspain.es\/reserva-ecoturista\/wp-json\/wp\/v2\/comments?post=1018"}],"version-history":[{"count":37,"href":"https:\/\/ingreenspain.es\/reserva-ecoturista\/wp-json\/wp\/v2\/pages\/1018\/revisions"}],"predecessor-version":[{"id":2934,"href":"https:\/\/ingreenspain.es\/reserva-ecoturista\/wp-json\/wp\/v2\/pages\/1018\/revisions\/2934"}],"wp:attachment":[{"href":"https:\/\/ingreenspain.es\/reserva-ecoturista\/wp-json\/wp\/v2\/media?parent=1018"}],"curies":[{"name":"wp","href":"https:\/\/api.w.org\/{rel}","templated":true}]}}